{"id":113249,"date":"2024-10-07T17:30:12","date_gmt":"2024-10-07T15:30:12","guid":{"rendered":"https:\/\/go4x4.eu\/p\/american-racing-felga-ar61-outlaw-i-15x10-5x5-5-mch-cc-38mm\/"},"modified":"2026-01-22T14:04:54","modified_gmt":"2026-01-22T13:04:54","slug":"american-racing-felga-ar61-outlaw-i-15x10-5x5-5-mch-cc-38mm","status":"publish","type":"product","link":"https:\/\/go4x4.eu\/cs\/p\/american-racing-felga-ar61-outlaw-i-15x10-5x5-5-mch-cc-38mm\/","title":{"rendered":"American Racing: kolo AR61 OUTLAW I 15X10 5X5.5 MCH\/CC -38MM Obr\u00e1b\u011bn\u00e9"},"content":{"rendered":"<p>Styl: AR61 OUTLAW I<br \/>\nPr\u016fm\u011br: 15&#8243;<br \/>\n\u0160\u00ed\u0159ka: 10&#8243;<br \/>\nRozte\u010d \u0161roub\u016f: 5X139.7 (5X5.5)<br \/>\nOffset (mm): -38<br \/>\nSt\u0159edov\u00e1 d\u00edra (mm): 108.00<br \/>\nBarva: Obr\u00e1b\u011bn\u00e9<br \/>\nPovrch: obr\u00e1b\u011bn\u00e9<br \/>\nNosnost (kg): 861.0<br \/>\nHmotnost kola (kg): 8.4<br \/>\nHmotnost z\u00e1silky (kg): 9.7<br \/>\nBead-lock: ne<br \/>\nKompatibiln\u00ed s TPMS: ne<br \/>\nMateri\u00e1l: Cast Aluminum<br \/>\nCertifik\u00e1t T\u00dcV: ne<\/p>\n","protected":false},"excerpt":{"rendered":"<p>AR61 OUTLAW I 15X10 5X5.5 MCH\/CC -38MM<\/p>\n","protected":false},"featured_media":186551,"comment_status":"open","ping_status":"closed","template":"","meta":{"_acf_changed":false},"product_brand":[],"product_cat":[1583],"product_tag":[],"class_list":{"0":"post-113249","1":"product","2":"type-product","3":"status-publish","4":"has-post-thumbnail","6":"product_cat-rafky","7":"pa_bead-lock-ne-cs","8":"pa_kolor-felgi-prirodni-cs","9":"pa_odsadzenie-et-minus-38-cs","10":"pa_otwor-centralny-108-00-cs","11":"pa_producent-american-racing-cs","12":"pa_rozstaw-srub-5x139-7-cs","13":"pa_seria-produktu-ar61-outlaw-i-cs","14":"pa_srednica-15-cs","15":"pa_szerokosc-10-cs","16":"pa_tuv-no-cs","18":"first","19":"instock","20":"taxable","21":"shipping-taxable","22":"purchasable","23":"product-type-simple"},"acf":[],"yoast_head":"<!-- This site is optimized with the Yoast SEO plugin v27.1.1 - https:\/\/yoast.com\/product\/yoast-seo-wordpress\/ -->\n<title>American Racing: kolo AR61 OUTLAW I 15X10 5X5.5 MCH\/CC -38MM Obr\u00e1b\u011bn\u00e9 - Go4x4 - Autorizovan\u00fd prodejce Teraflex<\/title>\n<meta name=\"robots\" content=\"index, follow, max-snippet:-1, max-image-preview:large, max-video-preview:-1\" \/>\n<link rel=\"canonical\" href=\"https:\/\/go4x4.eu\/cs\/p\/american-racing-felga-ar61-outlaw-i-15x10-5x5-5-mch-cc-38mm\/\" \/>\n<meta property=\"og:locale\" content=\"cs_CZ\" \/>\n<meta property=\"og:type\" content=\"article\" \/>\n<meta property=\"og:title\" content=\"American Racing: kolo AR61 OUTLAW I 15X10 5X5.5 MCH\/CC -38MM Obr\u00e1b\u011bn\u00e9 - Go4x4 - Autorizovan\u00fd prodejce Teraflex\" \/>\n<meta property=\"og:description\" content=\"AR61 OUTLAW I 15X10 5X5.5 MCH\/CC -38MM\" \/>\n<meta property=\"og:url\" content=\"https:\/\/go4x4.eu\/cs\/p\/american-racing-felga-ar61-outlaw-i-15x10-5x5-5-mch-cc-38mm\/\" \/>\n<meta property=\"og:site_name\" content=\"Go4x4 - Autorizovan\u00fd prodejce Teraflex\" \/>\n<meta property=\"article:publisher\" content=\"https:\/\/www.facebook.com\/Go4x4.eu\/\" \/>\n<meta property=\"article:modified_time\" content=\"2026-01-22T13:04:54+00:00\" \/>\n<meta property=\"og:image\" content=\"https:\/\/go4x4.eu\/wp-content\/uploads\/2025\/11\/AR61AR0613Standardg0makg3yv297YMsmUYt.png\" \/>\n\t<meta property=\"og:image:width\" content=\"500\" \/>\n\t<meta property=\"og:image:height\" content=\"500\" \/>\n\t<meta property=\"og:image:type\" content=\"image\/png\" \/>\n<meta name=\"twitter:card\" content=\"summary_large_image\" \/>\n<script type=\"application\/ld+json\" class=\"yoast-schema-graph\">{\"@context\":\"https:\/\/schema.org\",\"@graph\":[{\"@type\":\"WebPage\",\"@id\":\"https:\/\/go4x4.eu\/cs\/p\/american-racing-felga-ar61-outlaw-i-15x10-5x5-5-mch-cc-38mm\/\",\"url\":\"https:\/\/go4x4.eu\/cs\/p\/american-racing-felga-ar61-outlaw-i-15x10-5x5-5-mch-cc-38mm\/\",\"name\":\"American Racing: kolo AR61 OUTLAW I 15X10 5X5.5 MCH\/CC -38MM Obr\u00e1b\u011bn\u00e9 - Go4x4 - Autorizovan\u00fd prodejce Teraflex\",\"isPartOf\":{\"@id\":\"https:\/\/go4x4.eu\/cs\/#website\"},\"primaryImageOfPage\":{\"@id\":\"https:\/\/go4x4.eu\/cs\/p\/american-racing-felga-ar61-outlaw-i-15x10-5x5-5-mch-cc-38mm\/#primaryimage\"},\"image\":{\"@id\":\"https:\/\/go4x4.eu\/cs\/p\/american-racing-felga-ar61-outlaw-i-15x10-5x5-5-mch-cc-38mm\/#primaryimage\"},\"thumbnailUrl\":\"https:\/\/cdn.go4x4.eu\/cdn-cgi\/image\/width=500;height=500;fit=cover\/american-racing-felga-ar61-outlaw-i-15x10-5x5-5-mch-cc-38mm.png\",\"datePublished\":\"2024-10-07T15:30:12+00:00\",\"dateModified\":\"2026-01-22T13:04:54+00:00\",\"breadcrumb\":{\"@id\":\"https:\/\/go4x4.eu\/cs\/p\/american-racing-felga-ar61-outlaw-i-15x10-5x5-5-mch-cc-38mm\/#breadcrumb\"},\"inLanguage\":\"cs\",\"potentialAction\":[{\"@type\":\"ReadAction\",\"target\":[\"https:\/\/go4x4.eu\/cs\/p\/american-racing-felga-ar61-outlaw-i-15x10-5x5-5-mch-cc-38mm\/\"]}]},{\"@type\":\"ImageObject\",\"inLanguage\":\"cs\",\"@id\":\"https:\/\/go4x4.eu\/cs\/p\/american-racing-felga-ar61-outlaw-i-15x10-5x5-5-mch-cc-38mm\/#primaryimage\",\"url\":\"https:\/\/cdn.go4x4.eu\/cdn-cgi\/image\/width=500;height=500;fit=cover\/american-racing-felga-ar61-outlaw-i-15x10-5x5-5-mch-cc-38mm.png\",\"contentUrl\":\"https:\/\/cdn.go4x4.eu\/cdn-cgi\/image\/width=500;height=500;fit=cover\/american-racing-felga-ar61-outlaw-i-15x10-5x5-5-mch-cc-38mm.png\",\"width\":500,\"height\":500},{\"@type\":\"BreadcrumbList\",\"@id\":\"https:\/\/go4x4.eu\/cs\/p\/american-racing-felga-ar61-outlaw-i-15x10-5x5-5-mch-cc-38mm\/#breadcrumb\",\"itemListElement\":[{\"@type\":\"ListItem\",\"position\":1,\"name\":\"Strona g\u0142\u00f3wna\",\"item\":\"https:\/\/go4x4.eu\/cs\/\"},{\"@type\":\"ListItem\",\"position\":2,\"name\":\"Obchod\",\"item\":\"https:\/\/go4x4.eu\/cs\/obchod\/\"},{\"@type\":\"ListItem\",\"position\":3,\"name\":\"American Racing: kolo AR61 OUTLAW I 15X10 5X5.5 MCH\/CC -38MM Obr\u00e1b\u011bn\u00e9\"}]},{\"@type\":\"WebSite\",\"@id\":\"https:\/\/go4x4.eu\/cs\/#website\",\"url\":\"https:\/\/go4x4.eu\/cs\/\",\"name\":\"Go4x4 Offroad Center\",\"description\":\"Teraflex | Metalcloak | Baja Designs | Synergy | Maximus-3\",\"publisher\":{\"@id\":\"https:\/\/go4x4.eu\/cs\/#organization\"},\"potentialAction\":[{\"@type\":\"SearchAction\",\"target\":{\"@type\":\"EntryPoint\",\"urlTemplate\":\"https:\/\/go4x4.eu\/cs\/?s={search_term_string}\"},\"query-input\":{\"@type\":\"PropertyValueSpecification\",\"valueRequired\":true,\"valueName\":\"search_term_string\"}}],\"inLanguage\":\"cs\"},{\"@type\":\"Organization\",\"@id\":\"https:\/\/go4x4.eu\/cs\/#organization\",\"name\":\"Go4x4 Offroad Center\",\"url\":\"https:\/\/go4x4.eu\/cs\/\",\"logo\":{\"@type\":\"ImageObject\",\"inLanguage\":\"cs\",\"@id\":\"https:\/\/go4x4.eu\/cs\/#\/schema\/logo\/image\/\",\"url\":\"https:\/\/go4x4.eu\/wp-content\/uploads\/2021\/09\/cropped-LOGO-GO4x4-EU-CZARNE-png.png\",\"contentUrl\":\"https:\/\/go4x4.eu\/wp-content\/uploads\/2021\/09\/cropped-LOGO-GO4x4-EU-CZARNE-png.png\",\"width\":980,\"height\":226,\"caption\":\"Go4x4 Offroad Center\"},\"image\":{\"@id\":\"https:\/\/go4x4.eu\/cs\/#\/schema\/logo\/image\/\"},\"sameAs\":[\"https:\/\/www.facebook.com\/Go4x4.eu\/\",\"https:\/\/www.tiktok.com\/@go4x4eu\",\"https:\/\/www.instagram.com\/go4x4.eu\/\"]}]}<\/script>\n<!-- \/ Yoast SEO plugin. -->","yoast_head_json":{"title":"American Racing: kolo AR61 OUTLAW I 15X10 5X5.5 MCH\/CC -38MM Obr\u00e1b\u011bn\u00e9 - Go4x4 - Autorizovan\u00fd prodejce Teraflex","robots":{"index":"index","follow":"follow","max-snippet":"max-snippet:-1","max-image-preview":"max-image-preview:large","max-video-preview":"max-video-preview:-1"},"canonical":"https:\/\/go4x4.eu\/cs\/p\/american-racing-felga-ar61-outlaw-i-15x10-5x5-5-mch-cc-38mm\/","og_locale":"cs_CZ","og_type":"article","og_title":"American Racing: kolo AR61 OUTLAW I 15X10 5X5.5 MCH\/CC -38MM Obr\u00e1b\u011bn\u00e9 - Go4x4 - Autorizovan\u00fd prodejce Teraflex","og_description":"AR61 OUTLAW I 15X10 5X5.5 MCH\/CC -38MM","og_url":"https:\/\/go4x4.eu\/cs\/p\/american-racing-felga-ar61-outlaw-i-15x10-5x5-5-mch-cc-38mm\/","og_site_name":"Go4x4 - Autorizovan\u00fd prodejce Teraflex","article_publisher":"https:\/\/www.facebook.com\/Go4x4.eu\/","article_modified_time":"2026-01-22T13:04:54+00:00","og_image":[{"width":500,"height":500,"url":"https:\/\/go4x4.eu\/wp-content\/uploads\/2025\/11\/AR61AR0613Standardg0makg3yv297YMsmUYt.png","type":"image\/png"}],"twitter_card":"summary_large_image","schema":{"@context":"https:\/\/schema.org","@graph":[{"@type":"WebPage","@id":"https:\/\/go4x4.eu\/cs\/p\/american-racing-felga-ar61-outlaw-i-15x10-5x5-5-mch-cc-38mm\/","url":"https:\/\/go4x4.eu\/cs\/p\/american-racing-felga-ar61-outlaw-i-15x10-5x5-5-mch-cc-38mm\/","name":"American Racing: kolo AR61 OUTLAW I 15X10 5X5.5 MCH\/CC -38MM Obr\u00e1b\u011bn\u00e9 - Go4x4 - Autorizovan\u00fd prodejce Teraflex","isPartOf":{"@id":"https:\/\/go4x4.eu\/cs\/#website"},"primaryImageOfPage":{"@id":"https:\/\/go4x4.eu\/cs\/p\/american-racing-felga-ar61-outlaw-i-15x10-5x5-5-mch-cc-38mm\/#primaryimage"},"image":{"@id":"https:\/\/go4x4.eu\/cs\/p\/american-racing-felga-ar61-outlaw-i-15x10-5x5-5-mch-cc-38mm\/#primaryimage"},"thumbnailUrl":"https:\/\/cdn.go4x4.eu\/cdn-cgi\/image\/width=500;height=500;fit=cover\/american-racing-felga-ar61-outlaw-i-15x10-5x5-5-mch-cc-38mm.png","datePublished":"2024-10-07T15:30:12+00:00","dateModified":"2026-01-22T13:04:54+00:00","breadcrumb":{"@id":"https:\/\/go4x4.eu\/cs\/p\/american-racing-felga-ar61-outlaw-i-15x10-5x5-5-mch-cc-38mm\/#breadcrumb"},"inLanguage":"cs","potentialAction":[{"@type":"ReadAction","target":["https:\/\/go4x4.eu\/cs\/p\/american-racing-felga-ar61-outlaw-i-15x10-5x5-5-mch-cc-38mm\/"]}]},{"@type":"ImageObject","inLanguage":"cs","@id":"https:\/\/go4x4.eu\/cs\/p\/american-racing-felga-ar61-outlaw-i-15x10-5x5-5-mch-cc-38mm\/#primaryimage","url":"https:\/\/cdn.go4x4.eu\/cdn-cgi\/image\/width=500;height=500;fit=cover\/american-racing-felga-ar61-outlaw-i-15x10-5x5-5-mch-cc-38mm.png","contentUrl":"https:\/\/cdn.go4x4.eu\/cdn-cgi\/image\/width=500;height=500;fit=cover\/american-racing-felga-ar61-outlaw-i-15x10-5x5-5-mch-cc-38mm.png","width":500,"height":500},{"@type":"BreadcrumbList","@id":"https:\/\/go4x4.eu\/cs\/p\/american-racing-felga-ar61-outlaw-i-15x10-5x5-5-mch-cc-38mm\/#breadcrumb","itemListElement":[{"@type":"ListItem","position":1,"name":"Strona g\u0142\u00f3wna","item":"https:\/\/go4x4.eu\/cs\/"},{"@type":"ListItem","position":2,"name":"Obchod","item":"https:\/\/go4x4.eu\/cs\/obchod\/"},{"@type":"ListItem","position":3,"name":"American Racing: kolo AR61 OUTLAW I 15X10 5X5.5 MCH\/CC -38MM Obr\u00e1b\u011bn\u00e9"}]},{"@type":"WebSite","@id":"https:\/\/go4x4.eu\/cs\/#website","url":"https:\/\/go4x4.eu\/cs\/","name":"Go4x4 Offroad Center","description":"Teraflex | Metalcloak | Baja Designs | Synergy | Maximus-3","publisher":{"@id":"https:\/\/go4x4.eu\/cs\/#organization"},"potentialAction":[{"@type":"SearchAction","target":{"@type":"EntryPoint","urlTemplate":"https:\/\/go4x4.eu\/cs\/?s={search_term_string}"},"query-input":{"@type":"PropertyValueSpecification","valueRequired":true,"valueName":"search_term_string"}}],"inLanguage":"cs"},{"@type":"Organization","@id":"https:\/\/go4x4.eu\/cs\/#organization","name":"Go4x4 Offroad Center","url":"https:\/\/go4x4.eu\/cs\/","logo":{"@type":"ImageObject","inLanguage":"cs","@id":"https:\/\/go4x4.eu\/cs\/#\/schema\/logo\/image\/","url":"https:\/\/go4x4.eu\/wp-content\/uploads\/2021\/09\/cropped-LOGO-GO4x4-EU-CZARNE-png.png","contentUrl":"https:\/\/go4x4.eu\/wp-content\/uploads\/2021\/09\/cropped-LOGO-GO4x4-EU-CZARNE-png.png","width":980,"height":226,"caption":"Go4x4 Offroad Center"},"image":{"@id":"https:\/\/go4x4.eu\/cs\/#\/schema\/logo\/image\/"},"sameAs":["https:\/\/www.facebook.com\/Go4x4.eu\/","https:\/\/www.tiktok.com\/@go4x4eu","https:\/\/www.instagram.com\/go4x4.eu\/"]}]}},"_links":{"self":[{"href":"https:\/\/go4x4.eu\/cs\/wp-json\/wp\/v2\/product\/113249","targetHints":{"allow":["GET"]}}],"collection":[{"href":"https:\/\/go4x4.eu\/cs\/wp-json\/wp\/v2\/product"}],"about":[{"href":"https:\/\/go4x4.eu\/cs\/wp-json\/wp\/v2\/types\/product"}],"replies":[{"embeddable":true,"href":"https:\/\/go4x4.eu\/cs\/wp-json\/wp\/v2\/comments?post=113249"}],"wp:featuredmedia":[{"embeddable":true,"href":"https:\/\/go4x4.eu\/cs\/wp-json\/wp\/v2\/media\/186551"}],"wp:attachment":[{"href":"https:\/\/go4x4.eu\/cs\/wp-json\/wp\/v2\/media?parent=113249"}],"wp:term":[{"taxonomy":"product_brand","embeddable":true,"href":"https:\/\/go4x4.eu\/cs\/wp-json\/wp\/v2\/product_brand?post=113249"},{"taxonomy":"product_cat","embeddable":true,"href":"https:\/\/go4x4.eu\/cs\/wp-json\/wp\/v2\/product_cat?post=113249"},{"taxonomy":"product_tag","embeddable":true,"href":"https:\/\/go4x4.eu\/cs\/wp-json\/wp\/v2\/product_tag?post=113249"}],"curies":[{"name":"wp","href":"https:\/\/api.w.org\/{rel}","templated":true}]}}