{"id":243726,"date":"2025-10-28T22:14:05","date_gmt":"2025-10-28T21:14:05","guid":{"rendered":"https:\/\/go4x4.eu\/p\/niche-kolo-rise-24x10-5x5-71-30-cerny\/"},"modified":"2026-01-21T17:15:39","modified_gmt":"2026-01-21T16:15:39","slug":"niche-kolo-rise-24x10-5x5-71-30-cerny","status":"publish","type":"product","link":"https:\/\/go4x4.eu\/cs\/p\/niche-kolo-rise-24x10-5x5-71-30-cerny\/","title":{"rendered":"Niche: kolo RISE 24X10 5X5 71 +30 \u010cern\u00fd"},"content":{"rendered":"<p>Styl: NC281 RISE<br \/>\nPr\u016fm\u011br: 24&#8243;<br \/>\n\u0160\u00ed\u0159ka: 10&#8243;<br \/>\nRozte\u010d \u0161roub\u016f: 5X127 (5X5.0)<br \/>\nOffset (mm): 30<br \/>\nSt\u0159edov\u00e1 d\u00edra (mm): 71.50<br \/>\nBarva: \u010cern\u00fd<br \/>\nPovrch: leskl\u00e1 \u010dern\u00e1<br \/>\nNosnost (kg): 1133.0<br \/>\nHmotnost kola (kg): 23.4<br \/>\nHmotnost z\u00e1silky (kg): 26.1<br \/>\nBead-lock: ne<br \/>\nKompatibiln\u00ed s TPMS: ano<br \/>\nMateri\u00e1l: Cast Aluminum<br \/>\nCertifik\u00e1t T\u00dcV: ne<\/p>\n","protected":false},"excerpt":{"rendered":"<p>Styl: NC281 RISE Pr\u016fm\u011br: 24&#8243; \u0160\u00ed\u0159ka: 10&#8243; Rozte\u010d \u0161roub\u016f: 5X127 (5X5.0) Offset (mm): 30 St\u0159edov\u00e1 d\u00edra (mm): 71.50 Barva: \u010cern\u00fd Povrch: leskl\u00e1 \u010dern\u00e1 Nosnost (kg): 1133.0 Hmotnost kola (kg): 23.4 Hmotnost z\u00e1silky (kg): 26.1 Bead-lock: ne Kompatibiln\u00ed s TPMS: ano Materi\u00e1l: Cast Aluminum Certifik\u00e1t T\u00dcV: ne<\/p>\n","protected":false},"featured_media":243706,"comment_status":"open","ping_status":"closed","template":"","meta":{"_acf_changed":false},"product_brand":[],"product_cat":[1583],"product_tag":[6543],"class_list":{"0":"post-243726","1":"product","2":"type-product","3":"status-publish","4":"has-post-thumbnail","6":"product_cat-rafky","7":"product_tag-extwhs","8":"pa_bead-lock-ne-cs","9":"pa_kolor-felgi-cerna-cs","10":"pa_odsadzenie-et-30-cs","11":"pa_otwor-centralny-71-50-cs","12":"pa_producent-niche-cs","13":"pa_rozstaw-srub-5127-cs","14":"pa_seria-produktu-nc281-rise-cs","15":"pa_srednica-24-cs","16":"pa_szerokosc-10-cs","17":"pa_tuv-no-cs","19":"first","20":"instock","21":"taxable","22":"shipping-taxable","23":"purchasable","24":"product-type-simple"},"acf":[],"yoast_head":"<!-- This site is optimized with the Yoast SEO plugin v27.1.1 - https:\/\/yoast.com\/product\/yoast-seo-wordpress\/ -->\n<title>Niche: kolo RISE 24X10 5X5 71 +30 \u010cern\u00fd - Go4x4 - Autorizovan\u00fd prodejce Teraflex<\/title>\n<meta name=\"robots\" content=\"index, follow, max-snippet:-1, max-image-preview:large, max-video-preview:-1\" \/>\n<link rel=\"canonical\" href=\"https:\/\/go4x4.eu\/cs\/p\/niche-kolo-rise-24x10-5x5-71-30-cerny\/\" \/>\n<meta property=\"og:locale\" content=\"cs_CZ\" \/>\n<meta property=\"og:type\" content=\"article\" \/>\n<meta property=\"og:title\" content=\"Niche: kolo RISE 24X10 5X5 71 +30 \u010cern\u00fd - Go4x4 - Autorizovan\u00fd prodejce Teraflex\" \/>\n<meta property=\"og:description\" content=\"Styl: NC281 RISE Pr\u016fm\u011br: 24&#8243; \u0160\u00ed\u0159ka: 10&#8243; Rozte\u010d \u0161roub\u016f: 5X127 (5X5.0) Offset (mm): 30 St\u0159edov\u00e1 d\u00edra (mm): 71.50 Barva: \u010cern\u00fd Povrch: leskl\u00e1 \u010dern\u00e1 Nosnost (kg): 1133.0 Hmotnost kola (kg): 23.4 Hmotnost z\u00e1silky (kg): 26.1 Bead-lock: ne Kompatibiln\u00ed s TPMS: ano Materi\u00e1l: Cast Aluminum Certifik\u00e1t T\u00dcV: ne\" \/>\n<meta property=\"og:url\" content=\"https:\/\/go4x4.eu\/cs\/p\/niche-kolo-rise-24x10-5x5-71-30-cerny\/\" \/>\n<meta property=\"og:site_name\" content=\"Go4x4 - Autorizovan\u00fd prodejce Teraflex\" \/>\n<meta property=\"article:publisher\" content=\"https:\/\/www.facebook.com\/Go4x4.eu\/\" \/>\n<meta property=\"article:modified_time\" content=\"2026-01-21T16:15:39+00:00\" \/>\n<meta property=\"og:image\" content=\"https:\/\/go4x4.eu\/wp-content\/uploads\/2025\/11\/NICHE-NC281-RISE-24X10-6-GLOSS-BLACK-A1-png-11.png\" \/>\n\t<meta property=\"og:image:width\" content=\"1000\" \/>\n\t<meta property=\"og:image:height\" content=\"1000\" \/>\n\t<meta property=\"og:image:type\" content=\"image\/png\" \/>\n<meta name=\"twitter:card\" content=\"summary_large_image\" \/>\n<script type=\"application\/ld+json\" class=\"yoast-schema-graph\">{\"@context\":\"https:\/\/schema.org\",\"@graph\":[{\"@type\":\"WebPage\",\"@id\":\"https:\/\/go4x4.eu\/cs\/p\/niche-kolo-rise-24x10-5x5-71-30-cerny\/\",\"url\":\"https:\/\/go4x4.eu\/cs\/p\/niche-kolo-rise-24x10-5x5-71-30-cerny\/\",\"name\":\"Niche: kolo RISE 24X10 5X5 71 +30 \u010cern\u00fd - Go4x4 - Autorizovan\u00fd prodejce Teraflex\",\"isPartOf\":{\"@id\":\"https:\/\/go4x4.eu\/cs\/#website\"},\"primaryImageOfPage\":{\"@id\":\"https:\/\/go4x4.eu\/cs\/p\/niche-kolo-rise-24x10-5x5-71-30-cerny\/#primaryimage\"},\"image\":{\"@id\":\"https:\/\/go4x4.eu\/cs\/p\/niche-kolo-rise-24x10-5x5-71-30-cerny\/#primaryimage\"},\"thumbnailUrl\":\"https:\/\/cdn.go4x4.eu\/cdn-cgi\/image\/width=1000;height=1000;fit=cover\/niche-kolo-rise-24x10-5x5-71-30-cerny.png\",\"datePublished\":\"2025-10-28T21:14:05+00:00\",\"dateModified\":\"2026-01-21T16:15:39+00:00\",\"breadcrumb\":{\"@id\":\"https:\/\/go4x4.eu\/cs\/p\/niche-kolo-rise-24x10-5x5-71-30-cerny\/#breadcrumb\"},\"inLanguage\":\"cs\",\"potentialAction\":[{\"@type\":\"ReadAction\",\"target\":[\"https:\/\/go4x4.eu\/cs\/p\/niche-kolo-rise-24x10-5x5-71-30-cerny\/\"]}]},{\"@type\":\"ImageObject\",\"inLanguage\":\"cs\",\"@id\":\"https:\/\/go4x4.eu\/cs\/p\/niche-kolo-rise-24x10-5x5-71-30-cerny\/#primaryimage\",\"url\":\"https:\/\/cdn.go4x4.eu\/cdn-cgi\/image\/width=1000;height=1000;fit=cover\/niche-kolo-rise-24x10-5x5-71-30-cerny.png\",\"contentUrl\":\"https:\/\/cdn.go4x4.eu\/cdn-cgi\/image\/width=1000;height=1000;fit=cover\/niche-kolo-rise-24x10-5x5-71-30-cerny.png\",\"width\":1000,\"height\":1000,\"caption\":\"Niche: kolo RISE 24X10 5X5 71 +30 \u010cern\u00fd\"},{\"@type\":\"BreadcrumbList\",\"@id\":\"https:\/\/go4x4.eu\/cs\/p\/niche-kolo-rise-24x10-5x5-71-30-cerny\/#breadcrumb\",\"itemListElement\":[{\"@type\":\"ListItem\",\"position\":1,\"name\":\"Strona g\u0142\u00f3wna\",\"item\":\"https:\/\/go4x4.eu\/cs\/\"},{\"@type\":\"ListItem\",\"position\":2,\"name\":\"Obchod\",\"item\":\"https:\/\/go4x4.eu\/cs\/obchod\/\"},{\"@type\":\"ListItem\",\"position\":3,\"name\":\"Niche: kolo RISE 24X10 5X5 71 +30 \u010cern\u00fd\"}]},{\"@type\":\"WebSite\",\"@id\":\"https:\/\/go4x4.eu\/cs\/#website\",\"url\":\"https:\/\/go4x4.eu\/cs\/\",\"name\":\"Go4x4 Offroad Center\",\"description\":\"Teraflex | Metalcloak | Baja Designs | Synergy | Maximus-3\",\"publisher\":{\"@id\":\"https:\/\/go4x4.eu\/cs\/#organization\"},\"potentialAction\":[{\"@type\":\"SearchAction\",\"target\":{\"@type\":\"EntryPoint\",\"urlTemplate\":\"https:\/\/go4x4.eu\/cs\/?s={search_term_string}\"},\"query-input\":{\"@type\":\"PropertyValueSpecification\",\"valueRequired\":true,\"valueName\":\"search_term_string\"}}],\"inLanguage\":\"cs\"},{\"@type\":\"Organization\",\"@id\":\"https:\/\/go4x4.eu\/cs\/#organization\",\"name\":\"Go4x4 Offroad Center\",\"url\":\"https:\/\/go4x4.eu\/cs\/\",\"logo\":{\"@type\":\"ImageObject\",\"inLanguage\":\"cs\",\"@id\":\"https:\/\/go4x4.eu\/cs\/#\/schema\/logo\/image\/\",\"url\":\"https:\/\/go4x4.eu\/wp-content\/uploads\/2021\/09\/cropped-LOGO-GO4x4-EU-CZARNE-png.png\",\"contentUrl\":\"https:\/\/go4x4.eu\/wp-content\/uploads\/2021\/09\/cropped-LOGO-GO4x4-EU-CZARNE-png.png\",\"width\":980,\"height\":226,\"caption\":\"Go4x4 Offroad Center\"},\"image\":{\"@id\":\"https:\/\/go4x4.eu\/cs\/#\/schema\/logo\/image\/\"},\"sameAs\":[\"https:\/\/www.facebook.com\/Go4x4.eu\/\",\"https:\/\/www.tiktok.com\/@go4x4eu\",\"https:\/\/www.instagram.com\/go4x4.eu\/\"]}]}<\/script>\n<!-- \/ Yoast SEO plugin. -->","yoast_head_json":{"title":"Niche: kolo RISE 24X10 5X5 71 +30 \u010cern\u00fd - Go4x4 - Autorizovan\u00fd prodejce Teraflex","robots":{"index":"index","follow":"follow","max-snippet":"max-snippet:-1","max-image-preview":"max-image-preview:large","max-video-preview":"max-video-preview:-1"},"canonical":"https:\/\/go4x4.eu\/cs\/p\/niche-kolo-rise-24x10-5x5-71-30-cerny\/","og_locale":"cs_CZ","og_type":"article","og_title":"Niche: kolo RISE 24X10 5X5 71 +30 \u010cern\u00fd - Go4x4 - Autorizovan\u00fd prodejce Teraflex","og_description":"Styl: NC281 RISE Pr\u016fm\u011br: 24&#8243; \u0160\u00ed\u0159ka: 10&#8243; Rozte\u010d \u0161roub\u016f: 5X127 (5X5.0) Offset (mm): 30 St\u0159edov\u00e1 d\u00edra (mm): 71.50 Barva: \u010cern\u00fd Povrch: leskl\u00e1 \u010dern\u00e1 Nosnost (kg): 1133.0 Hmotnost kola (kg): 23.4 Hmotnost z\u00e1silky (kg): 26.1 Bead-lock: ne Kompatibiln\u00ed s TPMS: ano Materi\u00e1l: Cast Aluminum Certifik\u00e1t T\u00dcV: ne","og_url":"https:\/\/go4x4.eu\/cs\/p\/niche-kolo-rise-24x10-5x5-71-30-cerny\/","og_site_name":"Go4x4 - Autorizovan\u00fd prodejce Teraflex","article_publisher":"https:\/\/www.facebook.com\/Go4x4.eu\/","article_modified_time":"2026-01-21T16:15:39+00:00","og_image":[{"width":1000,"height":1000,"url":"https:\/\/go4x4.eu\/wp-content\/uploads\/2025\/11\/NICHE-NC281-RISE-24X10-6-GLOSS-BLACK-A1-png-11.png","type":"image\/png"}],"twitter_card":"summary_large_image","schema":{"@context":"https:\/\/schema.org","@graph":[{"@type":"WebPage","@id":"https:\/\/go4x4.eu\/cs\/p\/niche-kolo-rise-24x10-5x5-71-30-cerny\/","url":"https:\/\/go4x4.eu\/cs\/p\/niche-kolo-rise-24x10-5x5-71-30-cerny\/","name":"Niche: kolo RISE 24X10 5X5 71 +30 \u010cern\u00fd - Go4x4 - Autorizovan\u00fd prodejce Teraflex","isPartOf":{"@id":"https:\/\/go4x4.eu\/cs\/#website"},"primaryImageOfPage":{"@id":"https:\/\/go4x4.eu\/cs\/p\/niche-kolo-rise-24x10-5x5-71-30-cerny\/#primaryimage"},"image":{"@id":"https:\/\/go4x4.eu\/cs\/p\/niche-kolo-rise-24x10-5x5-71-30-cerny\/#primaryimage"},"thumbnailUrl":"https:\/\/cdn.go4x4.eu\/cdn-cgi\/image\/width=1000;height=1000;fit=cover\/niche-kolo-rise-24x10-5x5-71-30-cerny.png","datePublished":"2025-10-28T21:14:05+00:00","dateModified":"2026-01-21T16:15:39+00:00","breadcrumb":{"@id":"https:\/\/go4x4.eu\/cs\/p\/niche-kolo-rise-24x10-5x5-71-30-cerny\/#breadcrumb"},"inLanguage":"cs","potentialAction":[{"@type":"ReadAction","target":["https:\/\/go4x4.eu\/cs\/p\/niche-kolo-rise-24x10-5x5-71-30-cerny\/"]}]},{"@type":"ImageObject","inLanguage":"cs","@id":"https:\/\/go4x4.eu\/cs\/p\/niche-kolo-rise-24x10-5x5-71-30-cerny\/#primaryimage","url":"https:\/\/cdn.go4x4.eu\/cdn-cgi\/image\/width=1000;height=1000;fit=cover\/niche-kolo-rise-24x10-5x5-71-30-cerny.png","contentUrl":"https:\/\/cdn.go4x4.eu\/cdn-cgi\/image\/width=1000;height=1000;fit=cover\/niche-kolo-rise-24x10-5x5-71-30-cerny.png","width":1000,"height":1000,"caption":"Niche: kolo RISE 24X10 5X5 71 +30 \u010cern\u00fd"},{"@type":"BreadcrumbList","@id":"https:\/\/go4x4.eu\/cs\/p\/niche-kolo-rise-24x10-5x5-71-30-cerny\/#breadcrumb","itemListElement":[{"@type":"ListItem","position":1,"name":"Strona g\u0142\u00f3wna","item":"https:\/\/go4x4.eu\/cs\/"},{"@type":"ListItem","position":2,"name":"Obchod","item":"https:\/\/go4x4.eu\/cs\/obchod\/"},{"@type":"ListItem","position":3,"name":"Niche: kolo RISE 24X10 5X5 71 +30 \u010cern\u00fd"}]},{"@type":"WebSite","@id":"https:\/\/go4x4.eu\/cs\/#website","url":"https:\/\/go4x4.eu\/cs\/","name":"Go4x4 Offroad Center","description":"Teraflex | Metalcloak | Baja Designs | Synergy | Maximus-3","publisher":{"@id":"https:\/\/go4x4.eu\/cs\/#organization"},"potentialAction":[{"@type":"SearchAction","target":{"@type":"EntryPoint","urlTemplate":"https:\/\/go4x4.eu\/cs\/?s={search_term_string}"},"query-input":{"@type":"PropertyValueSpecification","valueRequired":true,"valueName":"search_term_string"}}],"inLanguage":"cs"},{"@type":"Organization","@id":"https:\/\/go4x4.eu\/cs\/#organization","name":"Go4x4 Offroad Center","url":"https:\/\/go4x4.eu\/cs\/","logo":{"@type":"ImageObject","inLanguage":"cs","@id":"https:\/\/go4x4.eu\/cs\/#\/schema\/logo\/image\/","url":"https:\/\/go4x4.eu\/wp-content\/uploads\/2021\/09\/cropped-LOGO-GO4x4-EU-CZARNE-png.png","contentUrl":"https:\/\/go4x4.eu\/wp-content\/uploads\/2021\/09\/cropped-LOGO-GO4x4-EU-CZARNE-png.png","width":980,"height":226,"caption":"Go4x4 Offroad Center"},"image":{"@id":"https:\/\/go4x4.eu\/cs\/#\/schema\/logo\/image\/"},"sameAs":["https:\/\/www.facebook.com\/Go4x4.eu\/","https:\/\/www.tiktok.com\/@go4x4eu","https:\/\/www.instagram.com\/go4x4.eu\/"]}]}},"_links":{"self":[{"href":"https:\/\/go4x4.eu\/cs\/wp-json\/wp\/v2\/product\/243726","targetHints":{"allow":["GET"]}}],"collection":[{"href":"https:\/\/go4x4.eu\/cs\/wp-json\/wp\/v2\/product"}],"about":[{"href":"https:\/\/go4x4.eu\/cs\/wp-json\/wp\/v2\/types\/product"}],"replies":[{"embeddable":true,"href":"https:\/\/go4x4.eu\/cs\/wp-json\/wp\/v2\/comments?post=243726"}],"wp:featuredmedia":[{"embeddable":true,"href":"https:\/\/go4x4.eu\/cs\/wp-json\/wp\/v2\/media\/243706"}],"wp:attachment":[{"href":"https:\/\/go4x4.eu\/cs\/wp-json\/wp\/v2\/media?parent=243726"}],"wp:term":[{"taxonomy":"product_brand","embeddable":true,"href":"https:\/\/go4x4.eu\/cs\/wp-json\/wp\/v2\/product_brand?post=243726"},{"taxonomy":"product_cat","embeddable":true,"href":"https:\/\/go4x4.eu\/cs\/wp-json\/wp\/v2\/product_cat?post=243726"},{"taxonomy":"product_tag","embeddable":true,"href":"https:\/\/go4x4.eu\/cs\/wp-json\/wp\/v2\/product_tag?post=243726"}],"curies":[{"name":"wp","href":"https:\/\/api.w.org\/{rel}","templated":true}]}}