{"id":6765,"date":"2021-09-14T16:28:35","date_gmt":"2021-09-14T14:28:35","guid":{"rendered":"https:\/\/go4x4.eu\/ruecktritt-vom-vertrag\/"},"modified":"2022-06-01T08:36:39","modified_gmt":"2022-06-01T06:36:39","slug":"ruecktritt-vom-vertrag","status":"publish","type":"page","link":"https:\/\/go4x4.eu\/de\/ruecktritt-vom-vertrag\/","title":{"rendered":"R\u00fccktritt vom Vertrag"},"content":{"rendered":"\n<p>Die R\u00fccktrittserkl\u00e4rung kann unter Verwendung des nachstehend als Muster beigef\u00fcgten Formulars abgegeben werden.<\/p>\n\n<p><\/p>\n\n<div data-wp-interactive=\"core\/file\" class=\"wp-block-file\"><object data-wp-bind--hidden=\"!state.hasPdfPreview\" hidden class=\"wp-block-file__embed\" data=\"https:\/\/go4x4.eu\/wp-content\/uploads\/2021\/09\/wzor-oswiadczenia-o-odstapieniu-od-umowy-zawartej-na-odleglosc-1.pdf\" type=\"application\/pdf\" style=\"width:100%;height:600px\" aria-label=\"Einbettung von Osadzone z wzor-oswiadczenia-o-odstapieniu-od-umowy-zawartej-na-odleglosc-1..\"><\/object><a href=\"https:\/\/go4x4.eu\/wp-content\/uploads\/2021\/09\/wzor-oswiadczenia-o-odstapieniu-od-umowy-zawartej-na-odleglosc-1.pdf\">model-notice-der-aufhebung-der-vereinbarung-bei-der-entfernung-1<\/a><a href=\"https:\/\/go4x4.eu\/wp-content\/uploads\/2021\/09\/wzor-oswiadczenia-o-odstapieniu-od-umowy-zawartej-na-odleglosc-1.pdf\" class=\"wp-block-file__button\" download=\"\">Herunterladen<\/a><\/div>\n","protected":false},"excerpt":{"rendered":"<p>Die R\u00fccktrittserkl\u00e4rung kann unter Verwendung des nachstehend als Muster beigef\u00fcgten Formulars abgegeben werden.<\/p>\n","protected":false},"author":192,"featured_media":0,"parent":0,"menu_order":1,"comment_status":"closed","ping_status":"closed","template":"","meta":{"_acf_changed":false,"footnotes":""},"class_list":["post-6765","page","type-page","status-publish","hentry"],"acf":[],"yoast_head":"<!-- This site is optimized with the Yoast SEO plugin v27.1.1 - https:\/\/yoast.com\/product\/yoast-seo-wordpress\/ -->\n<title>R\u00fccktritt vom Vertrag - Go4x4 - Autorisierter Teraflex-H\u00e4ndler<\/title>\n<meta name=\"robots\" content=\"index, follow, max-snippet:-1, max-image-preview:large, max-video-preview:-1\" \/>\n<link rel=\"canonical\" href=\"https:\/\/go4x4.eu\/de\/ruecktritt-vom-vertrag\/\" \/>\n<meta property=\"og:locale\" content=\"de_DE\" \/>\n<meta property=\"og:type\" content=\"article\" \/>\n<meta property=\"og:title\" content=\"R\u00fccktritt vom Vertrag - Go4x4 - Autorisierter Teraflex-H\u00e4ndler\" \/>\n<meta property=\"og:description\" content=\"Die R\u00fccktrittserkl\u00e4rung kann unter Verwendung des nachstehend als Muster beigef\u00fcgten Formulars abgegeben werden.\" \/>\n<meta property=\"og:url\" content=\"https:\/\/go4x4.eu\/de\/ruecktritt-vom-vertrag\/\" \/>\n<meta property=\"og:site_name\" content=\"Go4x4 - Autorisierter Teraflex-H\u00e4ndler\" \/>\n<meta property=\"article:publisher\" content=\"https:\/\/www.facebook.com\/Go4x4.eu\/\" \/>\n<meta property=\"article:modified_time\" content=\"2022-06-01T06:36:39+00:00\" \/>\n<meta property=\"og:image\" content=\"https:\/\/go4x4.eu\/wp-content\/uploads\/2024\/08\/Strona-glowna.png\" \/>\n\t<meta property=\"og:image:width\" content=\"1200\" \/>\n\t<meta property=\"og:image:height\" content=\"675\" \/>\n\t<meta property=\"og:image:type\" content=\"image\/png\" \/>\n<meta name=\"twitter:card\" content=\"summary_large_image\" \/>\n<script type=\"application\/ld+json\" class=\"yoast-schema-graph\">{\"@context\":\"https:\/\/schema.org\",\"@graph\":[{\"@type\":\"WebPage\",\"@id\":\"https:\/\/go4x4.eu\/de\/ruecktritt-vom-vertrag\/\",\"url\":\"https:\/\/go4x4.eu\/de\/ruecktritt-vom-vertrag\/\",\"name\":\"R\u00fccktritt vom Vertrag - Go4x4 - Autorisierter Teraflex-H\u00e4ndler\",\"isPartOf\":{\"@id\":\"https:\/\/go4x4.eu\/de\/#website\"},\"datePublished\":\"2021-09-14T14:28:35+00:00\",\"dateModified\":\"2022-06-01T06:36:39+00:00\",\"breadcrumb\":{\"@id\":\"https:\/\/go4x4.eu\/de\/ruecktritt-vom-vertrag\/#breadcrumb\"},\"inLanguage\":\"de\",\"potentialAction\":[{\"@type\":\"ReadAction\",\"target\":[\"https:\/\/go4x4.eu\/de\/ruecktritt-vom-vertrag\/\"]}]},{\"@type\":\"BreadcrumbList\",\"@id\":\"https:\/\/go4x4.eu\/de\/ruecktritt-vom-vertrag\/#breadcrumb\",\"itemListElement\":[{\"@type\":\"ListItem\",\"position\":1,\"name\":\"Strona g\u0142\u00f3wna\",\"item\":\"https:\/\/go4x4.eu\/de\/\"},{\"@type\":\"ListItem\",\"position\":2,\"name\":\"R\u00fccktritt vom Vertrag\"}]},{\"@type\":\"WebSite\",\"@id\":\"https:\/\/go4x4.eu\/de\/#website\",\"url\":\"https:\/\/go4x4.eu\/de\/\",\"name\":\"Go4x4 Offroad Center\",\"description\":\"Teraflex | Metalcloak | Baja Designs | Synergy | Maximus-3\",\"publisher\":{\"@id\":\"https:\/\/go4x4.eu\/de\/#organization\"},\"potentialAction\":[{\"@type\":\"SearchAction\",\"target\":{\"@type\":\"EntryPoint\",\"urlTemplate\":\"https:\/\/go4x4.eu\/de\/?s={search_term_string}\"},\"query-input\":{\"@type\":\"PropertyValueSpecification\",\"valueRequired\":true,\"valueName\":\"search_term_string\"}}],\"inLanguage\":\"de\"},{\"@type\":\"Organization\",\"@id\":\"https:\/\/go4x4.eu\/de\/#organization\",\"name\":\"Go4x4 Offroad Center\",\"url\":\"https:\/\/go4x4.eu\/de\/\",\"logo\":{\"@type\":\"ImageObject\",\"inLanguage\":\"de\",\"@id\":\"https:\/\/go4x4.eu\/de\/#\/schema\/logo\/image\/\",\"url\":\"https:\/\/go4x4.eu\/wp-content\/uploads\/2021\/09\/cropped-LOGO-GO4x4-EU-CZARNE-png.png\",\"contentUrl\":\"https:\/\/go4x4.eu\/wp-content\/uploads\/2021\/09\/cropped-LOGO-GO4x4-EU-CZARNE-png.png\",\"width\":980,\"height\":226,\"caption\":\"Go4x4 Offroad Center\"},\"image\":{\"@id\":\"https:\/\/go4x4.eu\/de\/#\/schema\/logo\/image\/\"},\"sameAs\":[\"https:\/\/www.facebook.com\/Go4x4.eu\/\",\"https:\/\/www.tiktok.com\/@go4x4eu\",\"https:\/\/www.instagram.com\/go4x4.eu\/\"]}]}<\/script>\n<!-- \/ Yoast SEO plugin. -->","yoast_head_json":{"title":"R\u00fccktritt vom Vertrag - Go4x4 - Autorisierter Teraflex-H\u00e4ndler","robots":{"index":"index","follow":"follow","max-snippet":"max-snippet:-1","max-image-preview":"max-image-preview:large","max-video-preview":"max-video-preview:-1"},"canonical":"https:\/\/go4x4.eu\/de\/ruecktritt-vom-vertrag\/","og_locale":"de_DE","og_type":"article","og_title":"R\u00fccktritt vom Vertrag - Go4x4 - Autorisierter Teraflex-H\u00e4ndler","og_description":"Die R\u00fccktrittserkl\u00e4rung kann unter Verwendung des nachstehend als Muster beigef\u00fcgten Formulars abgegeben werden.","og_url":"https:\/\/go4x4.eu\/de\/ruecktritt-vom-vertrag\/","og_site_name":"Go4x4 - Autorisierter Teraflex-H\u00e4ndler","article_publisher":"https:\/\/www.facebook.com\/Go4x4.eu\/","article_modified_time":"2022-06-01T06:36:39+00:00","og_image":[{"width":1200,"height":675,"url":"https:\/\/go4x4.eu\/wp-content\/uploads\/2024\/08\/Strona-glowna.png","type":"image\/png"}],"twitter_card":"summary_large_image","schema":{"@context":"https:\/\/schema.org","@graph":[{"@type":"WebPage","@id":"https:\/\/go4x4.eu\/de\/ruecktritt-vom-vertrag\/","url":"https:\/\/go4x4.eu\/de\/ruecktritt-vom-vertrag\/","name":"R\u00fccktritt vom Vertrag - Go4x4 - Autorisierter Teraflex-H\u00e4ndler","isPartOf":{"@id":"https:\/\/go4x4.eu\/de\/#website"},"datePublished":"2021-09-14T14:28:35+00:00","dateModified":"2022-06-01T06:36:39+00:00","breadcrumb":{"@id":"https:\/\/go4x4.eu\/de\/ruecktritt-vom-vertrag\/#breadcrumb"},"inLanguage":"de","potentialAction":[{"@type":"ReadAction","target":["https:\/\/go4x4.eu\/de\/ruecktritt-vom-vertrag\/"]}]},{"@type":"BreadcrumbList","@id":"https:\/\/go4x4.eu\/de\/ruecktritt-vom-vertrag\/#breadcrumb","itemListElement":[{"@type":"ListItem","position":1,"name":"Strona g\u0142\u00f3wna","item":"https:\/\/go4x4.eu\/de\/"},{"@type":"ListItem","position":2,"name":"R\u00fccktritt vom Vertrag"}]},{"@type":"WebSite","@id":"https:\/\/go4x4.eu\/de\/#website","url":"https:\/\/go4x4.eu\/de\/","name":"Go4x4 Offroad Center","description":"Teraflex | Metalcloak | Baja Designs | Synergy | Maximus-3","publisher":{"@id":"https:\/\/go4x4.eu\/de\/#organization"},"potentialAction":[{"@type":"SearchAction","target":{"@type":"EntryPoint","urlTemplate":"https:\/\/go4x4.eu\/de\/?s={search_term_string}"},"query-input":{"@type":"PropertyValueSpecification","valueRequired":true,"valueName":"search_term_string"}}],"inLanguage":"de"},{"@type":"Organization","@id":"https:\/\/go4x4.eu\/de\/#organization","name":"Go4x4 Offroad Center","url":"https:\/\/go4x4.eu\/de\/","logo":{"@type":"ImageObject","inLanguage":"de","@id":"https:\/\/go4x4.eu\/de\/#\/schema\/logo\/image\/","url":"https:\/\/go4x4.eu\/wp-content\/uploads\/2021\/09\/cropped-LOGO-GO4x4-EU-CZARNE-png.png","contentUrl":"https:\/\/go4x4.eu\/wp-content\/uploads\/2021\/09\/cropped-LOGO-GO4x4-EU-CZARNE-png.png","width":980,"height":226,"caption":"Go4x4 Offroad Center"},"image":{"@id":"https:\/\/go4x4.eu\/de\/#\/schema\/logo\/image\/"},"sameAs":["https:\/\/www.facebook.com\/Go4x4.eu\/","https:\/\/www.tiktok.com\/@go4x4eu","https:\/\/www.instagram.com\/go4x4.eu\/"]}]}},"_links":{"self":[{"href":"https:\/\/go4x4.eu\/de\/wp-json\/wp\/v2\/pages\/6765","targetHints":{"allow":["GET"]}}],"collection":[{"href":"https:\/\/go4x4.eu\/de\/wp-json\/wp\/v2\/pages"}],"about":[{"href":"https:\/\/go4x4.eu\/de\/wp-json\/wp\/v2\/types\/page"}],"author":[{"embeddable":true,"href":"https:\/\/go4x4.eu\/de\/wp-json\/wp\/v2\/users\/192"}],"replies":[{"embeddable":true,"href":"https:\/\/go4x4.eu\/de\/wp-json\/wp\/v2\/comments?post=6765"}],"version-history":[{"count":0,"href":"https:\/\/go4x4.eu\/de\/wp-json\/wp\/v2\/pages\/6765\/revisions"}],"wp:attachment":[{"href":"https:\/\/go4x4.eu\/de\/wp-json\/wp\/v2\/media?parent=6765"}],"curies":[{"name":"wp","href":"https:\/\/api.w.org\/{rel}","templated":true}]}}