{"id":118452,"date":"2024-02-19T18:28:43","date_gmt":"2024-02-19T17:28:43","guid":{"rendered":"https:\/\/go4x4.eu\/p\/aev-uchwyt-snorkela-na-slupek-a-jeep-jl-jt\/"},"modified":"2024-02-19T18:28:43","modified_gmt":"2024-02-19T17:28:43","slug":"aev-uchwyt-snorkela-na-slupek-a-jeep-jl-jt","status":"publish","type":"product","link":"https:\/\/go4x4.eu\/de\/p\/aev-uchwyt-snorkela-na-slupek-a-jeep-jl-jt\/","title":{"rendered":"AEV: uchwyt snorkela na s\u0142upek A Jeep JL JT"},"content":{"rendered":"<p>Mocowanie do s\u0142upka A jest r\u00f3wnie\u017c dost\u0119pne dla klient\u00f3w, kt\u00f3rzy chc\u0105 zachowa\u0107 mo\u017cliwo\u015b\u0107 sk\u0142adania przedniej szyby w swoim Wranglerze lub Gladiatorze. Zamiast mocowania do ramy przedniej szyby, ten wspornik montuje si\u0119 do s\u0142upka A Jeepa, pozostawiaj\u0105c przedni\u0105 szyb\u0119 swobodnie poruszaj\u0105c\u0105 si\u0119 w g\u00f3r\u0119 i w d\u00f3\u0142.<\/p>\n","protected":false},"excerpt":{"rendered":"<p>JL\/Gladiator  A-Pillar Snorkel Mount<\/p>\n","protected":false},"featured_media":69393,"comment_status":"open","ping_status":"closed","template":"","meta":{"_acf_changed":false},"product_brand":[],"product_cat":[1426,5160],"product_tag":[6545],"class_list":{"0":"post-118452","1":"product","2":"type-product","3":"status-publish","4":"has-post-thumbnail","6":"product_cat-offroad-4x4-zubehor","7":"product_cat-snorkele-de","8":"product_tag-extwhs","9":"pa_model-pojazdu-gladiator-de","10":"pa_model-pojazdu-wrangler-de","11":"pa_producent-aev-de","12":"pa_producent-pojazdu-jeep-de","13":"pa_rok-produkcji-2018-de","14":"pa_rok-produkcji-2019-de","15":"pa_rok-produkcji-2020-de","16":"pa_rok-produkcji-2021-de","17":"pa_rok-produkcji-2022-de","18":"pa_rok-produkcji-2023-de","19":"pa_rok-produkcji-2024-de","20":"pa_rok-produkcji-2025-de","21":"pa_wersja-silnikowa-2-0l-de","22":"pa_wersja-silnikowa-3-0l-ecodiesel-de","23":"pa_wersja-silnikowa-3-6l-de","24":"pa_wersja-silnikowa-6-4l-392-de","25":"pa_wersja-silnikowa-4xe-de","26":"pa_wersja-silnikowa-2-2d-de","27":"pa_wersja-wyposazenia-rubicon-2d-de","28":"pa_wersja-wyposazenia-rubicon-pickup-de","29":"pa_wersja-wyposazenia-sahara-2d-de","30":"pa_wersja-wyposazenia-sport-2d-de","31":"pa_wersja-wyposazenia-sport-pickup-de","32":"pa_wersja-wyposazenia-willys-2d-de","33":"pa_wersja-wyposazenia-willys-pickup-de","34":"pa_wersja-wyposazenia-willys-unlimited-4d-de","35":"pa_wersja-wyposazenia-mojave-pickup-de","36":"pa_wersja-wyposazenia-overland-pickup-de","37":"pa_wersja-wyposazenia-unlimited-rubicon-4d-de","38":"pa_wersja-wyposazenia-unlimited-sahara-4d-de","39":"pa_wersja-wyposazenia-unlimited-sport-4d-de","41":"first","42":"instock","43":"taxable","44":"shipping-taxable","45":"purchasable","46":"product-type-simple"},"acf":[],"yoast_head":"<!-- This site is optimized with the Yoast SEO plugin v27.1.1 - https:\/\/yoast.com\/product\/yoast-seo-wordpress\/ -->\n<title>AEV: uchwyt snorkela na s\u0142upek A Jeep JL JT - Go4x4 - Autorisierter Teraflex-H\u00e4ndler<\/title>\n<meta name=\"robots\" content=\"index, follow, max-snippet:-1, max-image-preview:large, max-video-preview:-1\" \/>\n<link rel=\"canonical\" href=\"https:\/\/go4x4.eu\/de\/p\/aev-uchwyt-snorkela-na-slupek-a-jeep-jl-jt\/\" \/>\n<meta property=\"og:locale\" content=\"de_DE\" \/>\n<meta property=\"og:type\" content=\"article\" \/>\n<meta property=\"og:title\" content=\"AEV: uchwyt snorkela na s\u0142upek A Jeep JL JT - Go4x4 - Autorisierter Teraflex-H\u00e4ndler\" \/>\n<meta property=\"og:description\" content=\"JL\/Gladiator A-Pillar Snorkel Mount\" \/>\n<meta property=\"og:url\" content=\"https:\/\/go4x4.eu\/de\/p\/aev-uchwyt-snorkela-na-slupek-a-jeep-jl-jt\/\" \/>\n<meta property=\"og:site_name\" content=\"Go4x4 - Autorisierter Teraflex-H\u00e4ndler\" \/>\n<meta property=\"article:publisher\" content=\"https:\/\/www.facebook.com\/Go4x4.eu\/\" \/>\n<meta property=\"og:image\" content=\"https:\/\/go4x4.eu\/wp-content\/uploads\/2024\/02\/40492530cc37edff6ece38e1219ef1b7.png\" \/>\n\t<meta property=\"og:image:width\" content=\"429\" \/>\n\t<meta property=\"og:image:height\" content=\"314\" \/>\n\t<meta property=\"og:image:type\" content=\"image\/png\" \/>\n<meta name=\"twitter:card\" content=\"summary_large_image\" \/>\n<script type=\"application\/ld+json\" class=\"yoast-schema-graph\">{\"@context\":\"https:\/\/schema.org\",\"@graph\":[{\"@type\":\"WebPage\",\"@id\":\"https:\/\/go4x4.eu\/de\/p\/aev-uchwyt-snorkela-na-slupek-a-jeep-jl-jt\/\",\"url\":\"https:\/\/go4x4.eu\/de\/p\/aev-uchwyt-snorkela-na-slupek-a-jeep-jl-jt\/\",\"name\":\"AEV: uchwyt snorkela na s\u0142upek A Jeep JL JT - Go4x4 - Autorisierter Teraflex-H\u00e4ndler\",\"isPartOf\":{\"@id\":\"https:\/\/go4x4.eu\/de\/#website\"},\"primaryImageOfPage\":{\"@id\":\"https:\/\/go4x4.eu\/de\/p\/aev-uchwyt-snorkela-na-slupek-a-jeep-jl-jt\/#primaryimage\"},\"image\":{\"@id\":\"https:\/\/go4x4.eu\/de\/p\/aev-uchwyt-snorkela-na-slupek-a-jeep-jl-jt\/#primaryimage\"},\"thumbnailUrl\":\"https:\/\/cdn.go4x4.eu\/cdn-cgi\/image\/width=429;height=314;fit=cover\/aev-uchwyt-snorkela-na-slupek-a-jeep-jl-jt.png\",\"datePublished\":\"2024-02-19T17:28:43+00:00\",\"breadcrumb\":{\"@id\":\"https:\/\/go4x4.eu\/de\/p\/aev-uchwyt-snorkela-na-slupek-a-jeep-jl-jt\/#breadcrumb\"},\"inLanguage\":\"de\",\"potentialAction\":[{\"@type\":\"ReadAction\",\"target\":[\"https:\/\/go4x4.eu\/de\/p\/aev-uchwyt-snorkela-na-slupek-a-jeep-jl-jt\/\"]}]},{\"@type\":\"ImageObject\",\"inLanguage\":\"de\",\"@id\":\"https:\/\/go4x4.eu\/de\/p\/aev-uchwyt-snorkela-na-slupek-a-jeep-jl-jt\/#primaryimage\",\"url\":\"https:\/\/cdn.go4x4.eu\/cdn-cgi\/image\/width=429;height=314;fit=cover\/aev-uchwyt-snorkela-na-slupek-a-jeep-jl-jt.png\",\"contentUrl\":\"https:\/\/cdn.go4x4.eu\/cdn-cgi\/image\/width=429;height=314;fit=cover\/aev-uchwyt-snorkela-na-slupek-a-jeep-jl-jt.png\",\"width\":429,\"height\":314},{\"@type\":\"BreadcrumbList\",\"@id\":\"https:\/\/go4x4.eu\/de\/p\/aev-uchwyt-snorkela-na-slupek-a-jeep-jl-jt\/#breadcrumb\",\"itemListElement\":[{\"@type\":\"ListItem\",\"position\":1,\"name\":\"Strona g\u0142\u00f3wna\",\"item\":\"https:\/\/go4x4.eu\/de\/\"},{\"@type\":\"ListItem\",\"position\":2,\"name\":\"Speichern\",\"item\":\"https:\/\/go4x4.eu\/de\/speichern\/\"},{\"@type\":\"ListItem\",\"position\":3,\"name\":\"AEV: uchwyt snorkela na s\u0142upek A Jeep JL JT\"}]},{\"@type\":\"WebSite\",\"@id\":\"https:\/\/go4x4.eu\/de\/#website\",\"url\":\"https:\/\/go4x4.eu\/de\/\",\"name\":\"Go4x4 Offroad Center\",\"description\":\"Teraflex | Metalcloak | Baja Designs | Synergy | Maximus-3\",\"publisher\":{\"@id\":\"https:\/\/go4x4.eu\/de\/#organization\"},\"potentialAction\":[{\"@type\":\"SearchAction\",\"target\":{\"@type\":\"EntryPoint\",\"urlTemplate\":\"https:\/\/go4x4.eu\/de\/?s={search_term_string}\"},\"query-input\":{\"@type\":\"PropertyValueSpecification\",\"valueRequired\":true,\"valueName\":\"search_term_string\"}}],\"inLanguage\":\"de\"},{\"@type\":\"Organization\",\"@id\":\"https:\/\/go4x4.eu\/de\/#organization\",\"name\":\"Go4x4 Offroad Center\",\"url\":\"https:\/\/go4x4.eu\/de\/\",\"logo\":{\"@type\":\"ImageObject\",\"inLanguage\":\"de\",\"@id\":\"https:\/\/go4x4.eu\/de\/#\/schema\/logo\/image\/\",\"url\":\"https:\/\/go4x4.eu\/wp-content\/uploads\/2021\/09\/cropped-LOGO-GO4x4-EU-CZARNE-png.png\",\"contentUrl\":\"https:\/\/go4x4.eu\/wp-content\/uploads\/2021\/09\/cropped-LOGO-GO4x4-EU-CZARNE-png.png\",\"width\":980,\"height\":226,\"caption\":\"Go4x4 Offroad Center\"},\"image\":{\"@id\":\"https:\/\/go4x4.eu\/de\/#\/schema\/logo\/image\/\"},\"sameAs\":[\"https:\/\/www.facebook.com\/Go4x4.eu\/\",\"https:\/\/www.tiktok.com\/@go4x4eu\",\"https:\/\/www.instagram.com\/go4x4.eu\/\"]}]}<\/script>\n<!-- \/ Yoast SEO plugin. -->","yoast_head_json":{"title":"AEV: uchwyt snorkela na s\u0142upek A Jeep JL JT - Go4x4 - Autorisierter Teraflex-H\u00e4ndler","robots":{"index":"index","follow":"follow","max-snippet":"max-snippet:-1","max-image-preview":"max-image-preview:large","max-video-preview":"max-video-preview:-1"},"canonical":"https:\/\/go4x4.eu\/de\/p\/aev-uchwyt-snorkela-na-slupek-a-jeep-jl-jt\/","og_locale":"de_DE","og_type":"article","og_title":"AEV: uchwyt snorkela na s\u0142upek A Jeep JL JT - Go4x4 - Autorisierter Teraflex-H\u00e4ndler","og_description":"JL\/Gladiator A-Pillar Snorkel Mount","og_url":"https:\/\/go4x4.eu\/de\/p\/aev-uchwyt-snorkela-na-slupek-a-jeep-jl-jt\/","og_site_name":"Go4x4 - Autorisierter Teraflex-H\u00e4ndler","article_publisher":"https:\/\/www.facebook.com\/Go4x4.eu\/","og_image":[{"width":429,"height":314,"url":"https:\/\/go4x4.eu\/wp-content\/uploads\/2024\/02\/40492530cc37edff6ece38e1219ef1b7.png","type":"image\/png"}],"twitter_card":"summary_large_image","schema":{"@context":"https:\/\/schema.org","@graph":[{"@type":"WebPage","@id":"https:\/\/go4x4.eu\/de\/p\/aev-uchwyt-snorkela-na-slupek-a-jeep-jl-jt\/","url":"https:\/\/go4x4.eu\/de\/p\/aev-uchwyt-snorkela-na-slupek-a-jeep-jl-jt\/","name":"AEV: uchwyt snorkela na s\u0142upek A Jeep JL JT - Go4x4 - Autorisierter Teraflex-H\u00e4ndler","isPartOf":{"@id":"https:\/\/go4x4.eu\/de\/#website"},"primaryImageOfPage":{"@id":"https:\/\/go4x4.eu\/de\/p\/aev-uchwyt-snorkela-na-slupek-a-jeep-jl-jt\/#primaryimage"},"image":{"@id":"https:\/\/go4x4.eu\/de\/p\/aev-uchwyt-snorkela-na-slupek-a-jeep-jl-jt\/#primaryimage"},"thumbnailUrl":"https:\/\/cdn.go4x4.eu\/cdn-cgi\/image\/width=429;height=314;fit=cover\/aev-uchwyt-snorkela-na-slupek-a-jeep-jl-jt.png","datePublished":"2024-02-19T17:28:43+00:00","breadcrumb":{"@id":"https:\/\/go4x4.eu\/de\/p\/aev-uchwyt-snorkela-na-slupek-a-jeep-jl-jt\/#breadcrumb"},"inLanguage":"de","potentialAction":[{"@type":"ReadAction","target":["https:\/\/go4x4.eu\/de\/p\/aev-uchwyt-snorkela-na-slupek-a-jeep-jl-jt\/"]}]},{"@type":"ImageObject","inLanguage":"de","@id":"https:\/\/go4x4.eu\/de\/p\/aev-uchwyt-snorkela-na-slupek-a-jeep-jl-jt\/#primaryimage","url":"https:\/\/cdn.go4x4.eu\/cdn-cgi\/image\/width=429;height=314;fit=cover\/aev-uchwyt-snorkela-na-slupek-a-jeep-jl-jt.png","contentUrl":"https:\/\/cdn.go4x4.eu\/cdn-cgi\/image\/width=429;height=314;fit=cover\/aev-uchwyt-snorkela-na-slupek-a-jeep-jl-jt.png","width":429,"height":314},{"@type":"BreadcrumbList","@id":"https:\/\/go4x4.eu\/de\/p\/aev-uchwyt-snorkela-na-slupek-a-jeep-jl-jt\/#breadcrumb","itemListElement":[{"@type":"ListItem","position":1,"name":"Strona g\u0142\u00f3wna","item":"https:\/\/go4x4.eu\/de\/"},{"@type":"ListItem","position":2,"name":"Speichern","item":"https:\/\/go4x4.eu\/de\/speichern\/"},{"@type":"ListItem","position":3,"name":"AEV: uchwyt snorkela na s\u0142upek A Jeep JL JT"}]},{"@type":"WebSite","@id":"https:\/\/go4x4.eu\/de\/#website","url":"https:\/\/go4x4.eu\/de\/","name":"Go4x4 Offroad Center","description":"Teraflex | Metalcloak | Baja Designs | Synergy | Maximus-3","publisher":{"@id":"https:\/\/go4x4.eu\/de\/#organization"},"potentialAction":[{"@type":"SearchAction","target":{"@type":"EntryPoint","urlTemplate":"https:\/\/go4x4.eu\/de\/?s={search_term_string}"},"query-input":{"@type":"PropertyValueSpecification","valueRequired":true,"valueName":"search_term_string"}}],"inLanguage":"de"},{"@type":"Organization","@id":"https:\/\/go4x4.eu\/de\/#organization","name":"Go4x4 Offroad Center","url":"https:\/\/go4x4.eu\/de\/","logo":{"@type":"ImageObject","inLanguage":"de","@id":"https:\/\/go4x4.eu\/de\/#\/schema\/logo\/image\/","url":"https:\/\/go4x4.eu\/wp-content\/uploads\/2021\/09\/cropped-LOGO-GO4x4-EU-CZARNE-png.png","contentUrl":"https:\/\/go4x4.eu\/wp-content\/uploads\/2021\/09\/cropped-LOGO-GO4x4-EU-CZARNE-png.png","width":980,"height":226,"caption":"Go4x4 Offroad Center"},"image":{"@id":"https:\/\/go4x4.eu\/de\/#\/schema\/logo\/image\/"},"sameAs":["https:\/\/www.facebook.com\/Go4x4.eu\/","https:\/\/www.tiktok.com\/@go4x4eu","https:\/\/www.instagram.com\/go4x4.eu\/"]}]}},"_links":{"self":[{"href":"https:\/\/go4x4.eu\/de\/wp-json\/wp\/v2\/product\/118452","targetHints":{"allow":["GET"]}}],"collection":[{"href":"https:\/\/go4x4.eu\/de\/wp-json\/wp\/v2\/product"}],"about":[{"href":"https:\/\/go4x4.eu\/de\/wp-json\/wp\/v2\/types\/product"}],"replies":[{"embeddable":true,"href":"https:\/\/go4x4.eu\/de\/wp-json\/wp\/v2\/comments?post=118452"}],"wp:featuredmedia":[{"embeddable":true,"href":"https:\/\/go4x4.eu\/de\/wp-json\/wp\/v2\/media\/69393"}],"wp:attachment":[{"href":"https:\/\/go4x4.eu\/de\/wp-json\/wp\/v2\/media?parent=118452"}],"wp:term":[{"taxonomy":"product_brand","embeddable":true,"href":"https:\/\/go4x4.eu\/de\/wp-json\/wp\/v2\/product_brand?post=118452"},{"taxonomy":"product_cat","embeddable":true,"href":"https:\/\/go4x4.eu\/de\/wp-json\/wp\/v2\/product_cat?post=118452"},{"taxonomy":"product_tag","embeddable":true,"href":"https:\/\/go4x4.eu\/de\/wp-json\/wp\/v2\/product_tag?post=118452"}],"curies":[{"name":"wp","href":"https:\/\/api.w.org\/{rel}","templated":true}]}}