{"id":118465,"date":"2024-02-19T18:17:57","date_gmt":"2024-02-19T17:17:57","guid":{"rendered":"https:\/\/go4x4.eu\/p\/aev-uchwyt-lewarka-jeep-wrangler-jl\/"},"modified":"2024-02-19T18:17:57","modified_gmt":"2024-02-19T17:17:57","slug":"aev-uchwyt-lewarka-jeep-wrangler-jl","status":"publish","type":"product","link":"https:\/\/go4x4.eu\/de\/p\/aev-uchwyt-lewarka-jeep-wrangler-jl\/","title":{"rendered":"AEV: uchwyt lewarka Jeep Wrangler JL"},"content":{"rendered":"<p>Ten zestaw monta\u017cowy umo\u017cliwia wygodny monta\u017c podstawy podno\u015bnika pod desk\u0105 rozdzielcz\u0105 po stronie pasa\u017cera w modelach LHD.<\/p>\n","protected":false},"excerpt":{"rendered":"<p>Under Dash Mounting Kit for JL Jack Base<\/p>\n","protected":false},"featured_media":126419,"comment_status":"open","ping_status":"closed","template":"","meta":{"_acf_changed":false},"product_brand":[],"product_cat":[5184],"product_tag":[],"class_list":{"0":"post-118465","1":"product","2":"type-product","3":"status-publish","4":"has-post-thumbnail","6":"product_cat-andere","7":"pa_model-pojazdu-wrangler-de","8":"pa_producent-aev-de","9":"pa_producent-pojazdu-jeep-de","10":"pa_rok-produkcji-2018-de","11":"pa_rok-produkcji-2019-de","12":"pa_rok-produkcji-2020-de","13":"pa_rok-produkcji-2021-de","14":"pa_rok-produkcji-2022-de","15":"pa_rok-produkcji-2023-de","16":"pa_rok-produkcji-2024-de","17":"pa_rok-produkcji-2025-de","18":"pa_rok-produkcji-2026-de","19":"pa_wersja-silnikowa-2-0l-de","20":"pa_wersja-silnikowa-3-0l-ecodiesel-de","21":"pa_wersja-silnikowa-3-6l-de","22":"pa_wersja-silnikowa-6-4l-392-de","23":"pa_wersja-silnikowa-4xe-de","24":"pa_wersja-silnikowa-2-2d-de","25":"pa_wersja-wyposazenia-rubicon-2d-de","26":"pa_wersja-wyposazenia-sahara-2d-de","27":"pa_wersja-wyposazenia-sport-2d-de","28":"pa_wersja-wyposazenia-willys-2d-de","29":"pa_wersja-wyposazenia-willys-unlimited-4d-de","30":"pa_wersja-wyposazenia-unlimited-rubicon-4d-de","31":"pa_wersja-wyposazenia-unlimited-sahara-4d-de","32":"pa_wersja-wyposazenia-unlimited-sport-4d-de","34":"first","35":"instock","36":"taxable","37":"shipping-taxable","38":"purchasable","39":"product-type-simple"},"acf":[],"yoast_head":"<!-- This site is optimized with the Yoast SEO plugin v27.1.1 - https:\/\/yoast.com\/product\/yoast-seo-wordpress\/ -->\n<title>AEV: uchwyt lewarka Jeep Wrangler JL - Go4x4 - Autorisierter Teraflex-H\u00e4ndler<\/title>\n<meta name=\"robots\" content=\"index, follow, max-snippet:-1, max-image-preview:large, max-video-preview:-1\" \/>\n<link rel=\"canonical\" href=\"https:\/\/go4x4.eu\/de\/p\/aev-uchwyt-lewarka-jeep-wrangler-jl\/\" \/>\n<meta property=\"og:locale\" content=\"de_DE\" \/>\n<meta property=\"og:type\" content=\"article\" \/>\n<meta property=\"og:title\" content=\"AEV: uchwyt lewarka Jeep Wrangler JL - Go4x4 - Autorisierter Teraflex-H\u00e4ndler\" \/>\n<meta property=\"og:description\" content=\"Under Dash Mounting Kit for JL Jack Base\" \/>\n<meta property=\"og:url\" content=\"https:\/\/go4x4.eu\/de\/p\/aev-uchwyt-lewarka-jeep-wrangler-jl\/\" \/>\n<meta property=\"og:site_name\" content=\"Go4x4 - Autorisierter Teraflex-H\u00e4ndler\" \/>\n<meta property=\"article:publisher\" content=\"https:\/\/www.facebook.com\/Go4x4.eu\/\" \/>\n<meta property=\"og:image\" content=\"https:\/\/go4x4.eu\/wp-content\/uploads\/2024\/02\/under-dash-mounting-kit.jpg\" \/>\n\t<meta property=\"og:image:width\" content=\"1200\" \/>\n\t<meta property=\"og:image:height\" content=\"800\" \/>\n\t<meta property=\"og:image:type\" content=\"image\/jpeg\" \/>\n<meta name=\"twitter:card\" content=\"summary_large_image\" \/>\n<script type=\"application\/ld+json\" class=\"yoast-schema-graph\">{\"@context\":\"https:\/\/schema.org\",\"@graph\":[{\"@type\":\"WebPage\",\"@id\":\"https:\/\/go4x4.eu\/de\/p\/aev-uchwyt-lewarka-jeep-wrangler-jl\/\",\"url\":\"https:\/\/go4x4.eu\/de\/p\/aev-uchwyt-lewarka-jeep-wrangler-jl\/\",\"name\":\"AEV: uchwyt lewarka Jeep Wrangler JL - Go4x4 - Autorisierter Teraflex-H\u00e4ndler\",\"isPartOf\":{\"@id\":\"https:\/\/go4x4.eu\/de\/#website\"},\"primaryImageOfPage\":{\"@id\":\"https:\/\/go4x4.eu\/de\/p\/aev-uchwyt-lewarka-jeep-wrangler-jl\/#primaryimage\"},\"image\":{\"@id\":\"https:\/\/go4x4.eu\/de\/p\/aev-uchwyt-lewarka-jeep-wrangler-jl\/#primaryimage\"},\"thumbnailUrl\":\"https:\/\/cdn.go4x4.eu\/cdn-cgi\/image\/width=1200;height=800;fit=cover\/aev-uchwyt-lewarka-jeep-wrangler-jl.jpg\",\"datePublished\":\"2024-02-19T17:17:57+00:00\",\"breadcrumb\":{\"@id\":\"https:\/\/go4x4.eu\/de\/p\/aev-uchwyt-lewarka-jeep-wrangler-jl\/#breadcrumb\"},\"inLanguage\":\"de\",\"potentialAction\":[{\"@type\":\"ReadAction\",\"target\":[\"https:\/\/go4x4.eu\/de\/p\/aev-uchwyt-lewarka-jeep-wrangler-jl\/\"]}]},{\"@type\":\"ImageObject\",\"inLanguage\":\"de\",\"@id\":\"https:\/\/go4x4.eu\/de\/p\/aev-uchwyt-lewarka-jeep-wrangler-jl\/#primaryimage\",\"url\":\"https:\/\/cdn.go4x4.eu\/cdn-cgi\/image\/width=1200;height=800;fit=cover\/aev-uchwyt-lewarka-jeep-wrangler-jl.jpg\",\"contentUrl\":\"https:\/\/cdn.go4x4.eu\/cdn-cgi\/image\/width=1200;height=800;fit=cover\/aev-uchwyt-lewarka-jeep-wrangler-jl.jpg\",\"width\":1200,\"height\":800},{\"@type\":\"BreadcrumbList\",\"@id\":\"https:\/\/go4x4.eu\/de\/p\/aev-uchwyt-lewarka-jeep-wrangler-jl\/#breadcrumb\",\"itemListElement\":[{\"@type\":\"ListItem\",\"position\":1,\"name\":\"Strona g\u0142\u00f3wna\",\"item\":\"https:\/\/go4x4.eu\/de\/\"},{\"@type\":\"ListItem\",\"position\":2,\"name\":\"Speichern\",\"item\":\"https:\/\/go4x4.eu\/de\/speichern\/\"},{\"@type\":\"ListItem\",\"position\":3,\"name\":\"AEV: uchwyt lewarka Jeep Wrangler JL\"}]},{\"@type\":\"WebSite\",\"@id\":\"https:\/\/go4x4.eu\/de\/#website\",\"url\":\"https:\/\/go4x4.eu\/de\/\",\"name\":\"Go4x4 Offroad Center\",\"description\":\"Teraflex | Metalcloak | Baja Designs | Synergy | Maximus-3\",\"publisher\":{\"@id\":\"https:\/\/go4x4.eu\/de\/#organization\"},\"potentialAction\":[{\"@type\":\"SearchAction\",\"target\":{\"@type\":\"EntryPoint\",\"urlTemplate\":\"https:\/\/go4x4.eu\/de\/?s={search_term_string}\"},\"query-input\":{\"@type\":\"PropertyValueSpecification\",\"valueRequired\":true,\"valueName\":\"search_term_string\"}}],\"inLanguage\":\"de\"},{\"@type\":\"Organization\",\"@id\":\"https:\/\/go4x4.eu\/de\/#organization\",\"name\":\"Go4x4 Offroad Center\",\"url\":\"https:\/\/go4x4.eu\/de\/\",\"logo\":{\"@type\":\"ImageObject\",\"inLanguage\":\"de\",\"@id\":\"https:\/\/go4x4.eu\/de\/#\/schema\/logo\/image\/\",\"url\":\"https:\/\/go4x4.eu\/wp-content\/uploads\/2021\/09\/cropped-LOGO-GO4x4-EU-CZARNE-png.png\",\"contentUrl\":\"https:\/\/go4x4.eu\/wp-content\/uploads\/2021\/09\/cropped-LOGO-GO4x4-EU-CZARNE-png.png\",\"width\":980,\"height\":226,\"caption\":\"Go4x4 Offroad Center\"},\"image\":{\"@id\":\"https:\/\/go4x4.eu\/de\/#\/schema\/logo\/image\/\"},\"sameAs\":[\"https:\/\/www.facebook.com\/Go4x4.eu\/\",\"https:\/\/www.tiktok.com\/@go4x4eu\",\"https:\/\/www.instagram.com\/go4x4.eu\/\"]}]}<\/script>\n<!-- \/ Yoast SEO plugin. -->","yoast_head_json":{"title":"AEV: uchwyt lewarka Jeep Wrangler JL - Go4x4 - Autorisierter Teraflex-H\u00e4ndler","robots":{"index":"index","follow":"follow","max-snippet":"max-snippet:-1","max-image-preview":"max-image-preview:large","max-video-preview":"max-video-preview:-1"},"canonical":"https:\/\/go4x4.eu\/de\/p\/aev-uchwyt-lewarka-jeep-wrangler-jl\/","og_locale":"de_DE","og_type":"article","og_title":"AEV: uchwyt lewarka Jeep Wrangler JL - Go4x4 - Autorisierter Teraflex-H\u00e4ndler","og_description":"Under Dash Mounting Kit for JL Jack Base","og_url":"https:\/\/go4x4.eu\/de\/p\/aev-uchwyt-lewarka-jeep-wrangler-jl\/","og_site_name":"Go4x4 - Autorisierter Teraflex-H\u00e4ndler","article_publisher":"https:\/\/www.facebook.com\/Go4x4.eu\/","og_image":[{"width":1200,"height":800,"url":"https:\/\/go4x4.eu\/wp-content\/uploads\/2024\/02\/under-dash-mounting-kit.jpg","type":"image\/jpeg"}],"twitter_card":"summary_large_image","schema":{"@context":"https:\/\/schema.org","@graph":[{"@type":"WebPage","@id":"https:\/\/go4x4.eu\/de\/p\/aev-uchwyt-lewarka-jeep-wrangler-jl\/","url":"https:\/\/go4x4.eu\/de\/p\/aev-uchwyt-lewarka-jeep-wrangler-jl\/","name":"AEV: uchwyt lewarka Jeep Wrangler JL - Go4x4 - Autorisierter Teraflex-H\u00e4ndler","isPartOf":{"@id":"https:\/\/go4x4.eu\/de\/#website"},"primaryImageOfPage":{"@id":"https:\/\/go4x4.eu\/de\/p\/aev-uchwyt-lewarka-jeep-wrangler-jl\/#primaryimage"},"image":{"@id":"https:\/\/go4x4.eu\/de\/p\/aev-uchwyt-lewarka-jeep-wrangler-jl\/#primaryimage"},"thumbnailUrl":"https:\/\/cdn.go4x4.eu\/cdn-cgi\/image\/width=1200;height=800;fit=cover\/aev-uchwyt-lewarka-jeep-wrangler-jl.jpg","datePublished":"2024-02-19T17:17:57+00:00","breadcrumb":{"@id":"https:\/\/go4x4.eu\/de\/p\/aev-uchwyt-lewarka-jeep-wrangler-jl\/#breadcrumb"},"inLanguage":"de","potentialAction":[{"@type":"ReadAction","target":["https:\/\/go4x4.eu\/de\/p\/aev-uchwyt-lewarka-jeep-wrangler-jl\/"]}]},{"@type":"ImageObject","inLanguage":"de","@id":"https:\/\/go4x4.eu\/de\/p\/aev-uchwyt-lewarka-jeep-wrangler-jl\/#primaryimage","url":"https:\/\/cdn.go4x4.eu\/cdn-cgi\/image\/width=1200;height=800;fit=cover\/aev-uchwyt-lewarka-jeep-wrangler-jl.jpg","contentUrl":"https:\/\/cdn.go4x4.eu\/cdn-cgi\/image\/width=1200;height=800;fit=cover\/aev-uchwyt-lewarka-jeep-wrangler-jl.jpg","width":1200,"height":800},{"@type":"BreadcrumbList","@id":"https:\/\/go4x4.eu\/de\/p\/aev-uchwyt-lewarka-jeep-wrangler-jl\/#breadcrumb","itemListElement":[{"@type":"ListItem","position":1,"name":"Strona g\u0142\u00f3wna","item":"https:\/\/go4x4.eu\/de\/"},{"@type":"ListItem","position":2,"name":"Speichern","item":"https:\/\/go4x4.eu\/de\/speichern\/"},{"@type":"ListItem","position":3,"name":"AEV: uchwyt lewarka Jeep Wrangler JL"}]},{"@type":"WebSite","@id":"https:\/\/go4x4.eu\/de\/#website","url":"https:\/\/go4x4.eu\/de\/","name":"Go4x4 Offroad Center","description":"Teraflex | Metalcloak | Baja Designs | Synergy | Maximus-3","publisher":{"@id":"https:\/\/go4x4.eu\/de\/#organization"},"potentialAction":[{"@type":"SearchAction","target":{"@type":"EntryPoint","urlTemplate":"https:\/\/go4x4.eu\/de\/?s={search_term_string}"},"query-input":{"@type":"PropertyValueSpecification","valueRequired":true,"valueName":"search_term_string"}}],"inLanguage":"de"},{"@type":"Organization","@id":"https:\/\/go4x4.eu\/de\/#organization","name":"Go4x4 Offroad Center","url":"https:\/\/go4x4.eu\/de\/","logo":{"@type":"ImageObject","inLanguage":"de","@id":"https:\/\/go4x4.eu\/de\/#\/schema\/logo\/image\/","url":"https:\/\/go4x4.eu\/wp-content\/uploads\/2021\/09\/cropped-LOGO-GO4x4-EU-CZARNE-png.png","contentUrl":"https:\/\/go4x4.eu\/wp-content\/uploads\/2021\/09\/cropped-LOGO-GO4x4-EU-CZARNE-png.png","width":980,"height":226,"caption":"Go4x4 Offroad Center"},"image":{"@id":"https:\/\/go4x4.eu\/de\/#\/schema\/logo\/image\/"},"sameAs":["https:\/\/www.facebook.com\/Go4x4.eu\/","https:\/\/www.tiktok.com\/@go4x4eu","https:\/\/www.instagram.com\/go4x4.eu\/"]}]}},"_links":{"self":[{"href":"https:\/\/go4x4.eu\/de\/wp-json\/wp\/v2\/product\/118465","targetHints":{"allow":["GET"]}}],"collection":[{"href":"https:\/\/go4x4.eu\/de\/wp-json\/wp\/v2\/product"}],"about":[{"href":"https:\/\/go4x4.eu\/de\/wp-json\/wp\/v2\/types\/product"}],"replies":[{"embeddable":true,"href":"https:\/\/go4x4.eu\/de\/wp-json\/wp\/v2\/comments?post=118465"}],"wp:featuredmedia":[{"embeddable":true,"href":"https:\/\/go4x4.eu\/de\/wp-json\/wp\/v2\/media\/126419"}],"wp:attachment":[{"href":"https:\/\/go4x4.eu\/de\/wp-json\/wp\/v2\/media?parent=118465"}],"wp:term":[{"taxonomy":"product_brand","embeddable":true,"href":"https:\/\/go4x4.eu\/de\/wp-json\/wp\/v2\/product_brand?post=118465"},{"taxonomy":"product_cat","embeddable":true,"href":"https:\/\/go4x4.eu\/de\/wp-json\/wp\/v2\/product_cat?post=118465"},{"taxonomy":"product_tag","embeddable":true,"href":"https:\/\/go4x4.eu\/de\/wp-json\/wp\/v2\/product_tag?post=118465"}],"curies":[{"name":"wp","href":"https:\/\/api.w.org\/{rel}","templated":true}]}}