{"id":38786,"date":"2022-04-22T21:57:43","date_gmt":"2022-04-22T19:57:43","guid":{"rendered":"https:\/\/go4x4.eu\/p\/teraflex-jt-ecodiesel-falcon-sp2-3-5-adapt-huckepack-daempfersatz-3-5-4-5-lift-ext-travel\/"},"modified":"2024-10-04T19:12:49","modified_gmt":"2024-10-04T17:12:49","slug":"teraflex-jt-eco-diesel-falcon-s-p2-3-5-a-dapt-piggyback-d-mpfer-kit-3-5-4-5-long-travel","status":"publish","type":"product","link":"https:\/\/go4x4.eu\/de\/p\/teraflex-jt-eco-diesel-falcon-s-p2-3-5-a-dapt-piggyback-d-mpfer-kit-3-5-4-5-long-travel\/","title":{"rendered":"Teraflex: JT EcoDiesel: Falcon SP2 3.5 aDAPT Piggyback D\u00e4mpfer Kit 3.5-4.5&#8243; Long-Travel"},"content":{"rendered":"<p>Gewinnen Sie mehr Kontrolle \u00fcber Ihre Fahrwerksabstimmung mit den Falcon SP2 3.5 aDAPT Piggyback D\u00e4mpfern! Programmierbar zum automatischen Umschalten von Soft auf eine vorgew\u00e4hlte Firm-Einstellung. Der 3-stufige Schalter des aDAPT-Steuermoduls in der Fahrerkabine umfasst die Einstellungen Soft, Firm und Auto. Die gew\u00fcnschte feste Einstellung wird mit den 8-stufigen Mikro-Einstellr\u00e4dern gesteuert.<br \/>\nSP2 3.5 aDAPT:<br \/>\n&#8211; Die SP2 3.5 aDAPT Piggyback-D\u00e4mpfer bieten eine breite Palette von Einstellm\u00f6glichkeiten f\u00fcr bestimmte Gel\u00e4nde- und\/oder Fahreigenschaften<br \/>\n&#8211; In der Auto-Einstellung schaltet das aDAPT-Steuermodul automatisch von einer weichen auf eine manuell vorgew\u00e4hlte harte Einstellung um, die auf dem vom Fahrer w\u00e4hlbaren Mindest-&#8222;G&#8220;-Grenzwert basiert.<br \/>\n&#8211; Die gew\u00fcnschte feste Einstellung wird manuell mit dem 8-fachen Mikro-Einstellrad eingestellt.<br \/>\n&#8211; aDAPT-Steuermodul-Einstellparameter: Vorw\u00e4rtsbeschleunigung, Querbeschleunigung, Bremsen<br \/>\n&#8211; Die Dauer des festen Modus kann zwischen 1-5 Sekunden eingestellt werden.<br \/>\n&#8211; 3-Positionen-Schalter in der Kabine: Weich, Fest, Auto<br \/>\n&#8211; aDAPT-Steuermodul kann \u00fcber eine Smartphone-App gesteuert werden<br \/>\n&#8211; Mit der Falcon-App k\u00f6nnen mehrere Voreinstellungen f\u00fcr unterschiedliche Fahrbedingungen erstellt werden<br \/>\n&#8211; Kalibrierung des aDAPT-Steuermoduls f\u00fcr verschiedene Einbauausrichtungen<br \/>\n&#8211; 8-Positionen Micro Adjust Dial f\u00fcr feinere D\u00e4mpfungseinstellungen<br \/>\n&#8211; Ideal f\u00fcr Jeeps, die t\u00e4glich gefahren werden, sowie f\u00fcr Enthusiasten, die eine automatische Steuerung und erweiterte Tuning-Optionen vom Fahrersitz aus w\u00fcnschen<br \/>\nJT EcoDiesel:<br \/>\n&#8211; Das vordere untere Offset-\u00d6sen-Design sorgt f\u00fcr maximalen Abstand zwischen D\u00e4mpferk\u00f6rper und Rahmen w\u00e4hrend der Artikulation<br \/>\n&#8211; Hintere Roost Guards verhindern Sch\u00e4den an der D\u00e4mpferwelle durch Felsen<br \/>\n&#8211; Die vorderen EcoDiesel-Sto\u00dfd\u00e4mpfer verf\u00fcgen \u00fcber ein modifiziertes Reservoirgeh\u00e4use f\u00fcr eine optimale Passform<br \/>\n&#8211; Hintere Sto\u00dfd\u00e4mpfer lassen den DEF-Tank und die Auspuffanlage frei, w\u00e4hrend der maximale Federweg erhalten bleibt<br \/>\nHuckepack:<br \/>\n&#8211; Huckepack-Konstruktion erh\u00f6ht die \u00d6l- und Gaskapazit\u00e4t f\u00fcr weniger Hitze<br \/>\n&#8211; 6-mal mehr \u00d6ldurchfluss als bei restriktiven Reservoir-Schlauchkonstruktionen<br \/>\n&#8211; Eliminiert die \u00fcblichen Leckageprobleme bei Banjo und Drehgelenkanschl\u00fcssen<br \/>\n&#8211; Das einzigartige horizontale Piggyback-Reservoir des vorderen Sto\u00dfd\u00e4mpfers erh\u00f6ht die Reifenfreiheit<br \/>\n<\/br><\/br><b>Beinhaltet:<\/b><\/br>&#8211; SP2 3.5 aDAPT Piggyback Sto\u00dfd\u00e4mpfer &#8211; alle 4<br \/>\n&#8211; aDAPT-Steuermodul<br \/>\n&#8211; Kabineninterner Schalter &#8211; 3-Positionen<br \/>\n&#8211; aDAPT Kabelbaumverl\u00e4ngerung &#8211; Sto\u00dfd\u00e4mpfer<br \/>\n&#8211; aDAPT Kabelbaum-Verl\u00e4ngerung &#8211; Strom<br \/>\n&#8211; Roost Guards &#8211; Hinten<br \/>\n&#8211; Alle erforderlichen Teile<br \/>\n<\/br><b>Passend f\u00fcr:<\/b><\/br>Fahrzeug(e):<br \/>\n&#8211; JT Gladiator EcoDiesel (Pickup)<br \/>\n&#8211; Passt NICHT f\u00fcr Mojave Modelle<br \/>\nSpezifikationen:<br \/>\n&#8211; 3,5-4,5&#8243; Hub (langer Federweg)<br \/>\n<\/br><b>Einbauzeit:<\/b>4.5 Stunden<\/br><b>Garantie:<\/b>3 Jahre<\/p>\n","protected":false},"excerpt":{"rendered":"<p>Gewinnen Sie mehr Kontrolle \u00fcber Ihre Fahrwerksabstimmung mit den Falcon SP2 3.5 aDAPT Piggyback D\u00e4mpfern! Diese D\u00e4mpfer k\u00f6nnen so programmiert werden, dass sie je nach Terrain automatisch von Soft auf eine manuell vorgew\u00e4hlte Firm-Einstellung umschalten.<\/p>\n","protected":false},"featured_media":19974,"comment_status":"open","ping_status":"closed","template":"","meta":{"_acf_changed":false},"product_brand":[],"product_cat":[1438],"product_tag":[],"class_list":{"0":"post-38786","1":"product","2":"type-product","3":"status-publish","4":"has-post-thumbnail","6":"product_cat-stosdampfer","7":"pa_lift-4-5-de","8":"pa_lift-4-de","9":"pa_lift-3-5-de","10":"pa_lift-2-5-de","11":"pa_model-pojazdu-gladiator-de","12":"pa_producent-teraflex-de","13":"pa_producent-pojazdu-jeep-de","14":"pa_rok-produkcji-2020-de","15":"pa_rok-produkcji-2021-de","16":"pa_rok-produkcji-2022-de","17":"pa_rok-produkcji-2023-de","18":"pa_rok-produkcji-2024-de","19":"pa_wersja-silnikowa-3-0l-ecodiesel-de","20":"pa_wersja-wyposazenia-rubicon-pickup-de","21":"pa_wersja-wyposazenia-sport-pickup-de","22":"pa_wersja-wyposazenia-willys-pickup-de","23":"pa_wersja-wyposazenia-overland-pickup-de","25":"first","26":"instock","27":"taxable","28":"shipping-taxable","29":"purchasable","30":"product-type-simple"},"acf":[],"yoast_head":"<!-- This site is optimized with the Yoast SEO plugin v27.1.1 - https:\/\/yoast.com\/product\/yoast-seo-wordpress\/ -->\n<title>Teraflex: JT EcoDiesel: Falcon SP2 3.5 aDAPT Piggyback D\u00e4mpfer Kit 3.5-4.5&quot; Long-Travel - Go4x4 - Autorisierter Teraflex-H\u00e4ndler<\/title>\n<meta name=\"robots\" content=\"index, follow, max-snippet:-1, max-image-preview:large, max-video-preview:-1\" \/>\n<link rel=\"canonical\" href=\"https:\/\/go4x4.eu\/de\/p\/teraflex-jt-eco-diesel-falcon-s-p2-3-5-a-dapt-piggyback-d-mpfer-kit-3-5-4-5-long-travel\/\" \/>\n<meta property=\"og:locale\" content=\"de_DE\" \/>\n<meta property=\"og:type\" content=\"article\" \/>\n<meta property=\"og:title\" content=\"Teraflex: JT EcoDiesel: Falcon SP2 3.5 aDAPT Piggyback D\u00e4mpfer Kit 3.5-4.5&quot; Long-Travel - Go4x4 - Autorisierter Teraflex-H\u00e4ndler\" \/>\n<meta property=\"og:description\" content=\"Gewinnen Sie mehr Kontrolle \u00fcber Ihre Fahrwerksabstimmung mit den Falcon SP2 3.5 aDAPT Piggyback D\u00e4mpfern! Diese D\u00e4mpfer k\u00f6nnen so programmiert werden, dass sie je nach Terrain automatisch von Soft auf eine manuell vorgew\u00e4hlte Firm-Einstellung umschalten.\" \/>\n<meta property=\"og:url\" content=\"https:\/\/go4x4.eu\/de\/p\/teraflex-jt-eco-diesel-falcon-s-p2-3-5-a-dapt-piggyback-d-mpfer-kit-3-5-4-5-long-travel\/\" \/>\n<meta property=\"og:site_name\" content=\"Go4x4 - Autorisierter Teraflex-H\u00e4ndler\" \/>\n<meta property=\"article:publisher\" content=\"https:\/\/www.facebook.com\/Go4x4.eu\/\" \/>\n<meta property=\"article:modified_time\" content=\"2024-10-04T17:12:49+00:00\" \/>\n<meta property=\"og:image\" content=\"https:\/\/go4x4.eu\/wp-content\/uploads\/2022\/04\/24946d19f8caf41fc0866b4c070b17b6.jpg\" \/>\n\t<meta property=\"og:image:width\" content=\"1500\" \/>\n\t<meta property=\"og:image:height\" content=\"844\" \/>\n\t<meta property=\"og:image:type\" content=\"image\/jpeg\" \/>\n<meta name=\"twitter:card\" content=\"summary_large_image\" \/>\n<meta name=\"twitter:label1\" content=\"Gesch\u00e4tzte Lesezeit\" \/>\n\t<meta name=\"twitter:data1\" content=\"2\u00a0Minuten\" \/>\n<script type=\"application\/ld+json\" class=\"yoast-schema-graph\">{\"@context\":\"https:\/\/schema.org\",\"@graph\":[{\"@type\":\"WebPage\",\"@id\":\"https:\/\/go4x4.eu\/de\/p\/teraflex-jt-eco-diesel-falcon-s-p2-3-5-a-dapt-piggyback-d-mpfer-kit-3-5-4-5-long-travel\/\",\"url\":\"https:\/\/go4x4.eu\/de\/p\/teraflex-jt-eco-diesel-falcon-s-p2-3-5-a-dapt-piggyback-d-mpfer-kit-3-5-4-5-long-travel\/\",\"name\":\"Teraflex: JT EcoDiesel: Falcon SP2 3.5 aDAPT Piggyback D\u00e4mpfer Kit 3.5-4.5\\\" Long-Travel - Go4x4 - Autorisierter Teraflex-H\u00e4ndler\",\"isPartOf\":{\"@id\":\"https:\/\/go4x4.eu\/de\/#website\"},\"primaryImageOfPage\":{\"@id\":\"https:\/\/go4x4.eu\/de\/p\/teraflex-jt-eco-diesel-falcon-s-p2-3-5-a-dapt-piggyback-d-mpfer-kit-3-5-4-5-long-travel\/#primaryimage\"},\"image\":{\"@id\":\"https:\/\/go4x4.eu\/de\/p\/teraflex-jt-eco-diesel-falcon-s-p2-3-5-a-dapt-piggyback-d-mpfer-kit-3-5-4-5-long-travel\/#primaryimage\"},\"thumbnailUrl\":\"https:\/\/cdn.go4x4.eu\/cdn-cgi\/image\/width=1500;height=844;fit=cover\/teraflex-jt-eco-diesel-falcon-s-p2-3-5-a-dapt-piggyback-d-mpfer-kit-3-5-4-5-long-travel.jpg\",\"datePublished\":\"2022-04-22T19:57:43+00:00\",\"dateModified\":\"2024-10-04T17:12:49+00:00\",\"breadcrumb\":{\"@id\":\"https:\/\/go4x4.eu\/de\/p\/teraflex-jt-eco-diesel-falcon-s-p2-3-5-a-dapt-piggyback-d-mpfer-kit-3-5-4-5-long-travel\/#breadcrumb\"},\"inLanguage\":\"de\",\"potentialAction\":[{\"@type\":\"ReadAction\",\"target\":[\"https:\/\/go4x4.eu\/de\/p\/teraflex-jt-eco-diesel-falcon-s-p2-3-5-a-dapt-piggyback-d-mpfer-kit-3-5-4-5-long-travel\/\"]}]},{\"@type\":\"ImageObject\",\"inLanguage\":\"de\",\"@id\":\"https:\/\/go4x4.eu\/de\/p\/teraflex-jt-eco-diesel-falcon-s-p2-3-5-a-dapt-piggyback-d-mpfer-kit-3-5-4-5-long-travel\/#primaryimage\",\"url\":\"https:\/\/cdn.go4x4.eu\/cdn-cgi\/image\/width=1500;height=844;fit=cover\/teraflex-jt-eco-diesel-falcon-s-p2-3-5-a-dapt-piggyback-d-mpfer-kit-3-5-4-5-long-travel.jpg\",\"contentUrl\":\"https:\/\/cdn.go4x4.eu\/cdn-cgi\/image\/width=1500;height=844;fit=cover\/teraflex-jt-eco-diesel-falcon-s-p2-3-5-a-dapt-piggyback-d-mpfer-kit-3-5-4-5-long-travel.jpg\",\"width\":1500,\"height\":844,\"caption\":\"Teraflex: JT EcoDiesel: Falcon SP2 3.5 aDAPT Piggyback D\u00e4mpfer Kit 3.5-4.5\\\" Long-Travel\"},{\"@type\":\"BreadcrumbList\",\"@id\":\"https:\/\/go4x4.eu\/de\/p\/teraflex-jt-eco-diesel-falcon-s-p2-3-5-a-dapt-piggyback-d-mpfer-kit-3-5-4-5-long-travel\/#breadcrumb\",\"itemListElement\":[{\"@type\":\"ListItem\",\"position\":1,\"name\":\"Strona g\u0142\u00f3wna\",\"item\":\"https:\/\/go4x4.eu\/de\/\"},{\"@type\":\"ListItem\",\"position\":2,\"name\":\"Speichern\",\"item\":\"https:\/\/go4x4.eu\/de\/speichern\/\"},{\"@type\":\"ListItem\",\"position\":3,\"name\":\"Teraflex: JT EcoDiesel: Falcon SP2 3.5 aDAPT Huckepack-D\u00e4mpfersatz (3.5-4.5&#8243; Lift Ext-Travel)\"}]},{\"@type\":\"WebSite\",\"@id\":\"https:\/\/go4x4.eu\/de\/#website\",\"url\":\"https:\/\/go4x4.eu\/de\/\",\"name\":\"Go4x4 Offroad Center\",\"description\":\"Teraflex | Metalcloak | Baja Designs | Synergy | Maximus-3\",\"publisher\":{\"@id\":\"https:\/\/go4x4.eu\/de\/#organization\"},\"potentialAction\":[{\"@type\":\"SearchAction\",\"target\":{\"@type\":\"EntryPoint\",\"urlTemplate\":\"https:\/\/go4x4.eu\/de\/?s={search_term_string}\"},\"query-input\":{\"@type\":\"PropertyValueSpecification\",\"valueRequired\":true,\"valueName\":\"search_term_string\"}}],\"inLanguage\":\"de\"},{\"@type\":\"Organization\",\"@id\":\"https:\/\/go4x4.eu\/de\/#organization\",\"name\":\"Go4x4 Offroad Center\",\"url\":\"https:\/\/go4x4.eu\/de\/\",\"logo\":{\"@type\":\"ImageObject\",\"inLanguage\":\"de\",\"@id\":\"https:\/\/go4x4.eu\/de\/#\/schema\/logo\/image\/\",\"url\":\"https:\/\/go4x4.eu\/wp-content\/uploads\/2021\/09\/cropped-LOGO-GO4x4-EU-CZARNE-png.png\",\"contentUrl\":\"https:\/\/go4x4.eu\/wp-content\/uploads\/2021\/09\/cropped-LOGO-GO4x4-EU-CZARNE-png.png\",\"width\":980,\"height\":226,\"caption\":\"Go4x4 Offroad Center\"},\"image\":{\"@id\":\"https:\/\/go4x4.eu\/de\/#\/schema\/logo\/image\/\"},\"sameAs\":[\"https:\/\/www.facebook.com\/Go4x4.eu\/\",\"https:\/\/www.tiktok.com\/@go4x4eu\",\"https:\/\/www.instagram.com\/go4x4.eu\/\"]}]}<\/script>\n<!-- \/ Yoast SEO plugin. -->","yoast_head_json":{"title":"Teraflex: JT EcoDiesel: Falcon SP2 3.5 aDAPT Piggyback D\u00e4mpfer Kit 3.5-4.5\" Long-Travel - Go4x4 - Autorisierter Teraflex-H\u00e4ndler","robots":{"index":"index","follow":"follow","max-snippet":"max-snippet:-1","max-image-preview":"max-image-preview:large","max-video-preview":"max-video-preview:-1"},"canonical":"https:\/\/go4x4.eu\/de\/p\/teraflex-jt-eco-diesel-falcon-s-p2-3-5-a-dapt-piggyback-d-mpfer-kit-3-5-4-5-long-travel\/","og_locale":"de_DE","og_type":"article","og_title":"Teraflex: JT EcoDiesel: Falcon SP2 3.5 aDAPT Piggyback D\u00e4mpfer Kit 3.5-4.5\" Long-Travel - Go4x4 - Autorisierter Teraflex-H\u00e4ndler","og_description":"Gewinnen Sie mehr Kontrolle \u00fcber Ihre Fahrwerksabstimmung mit den Falcon SP2 3.5 aDAPT Piggyback D\u00e4mpfern! Diese D\u00e4mpfer k\u00f6nnen so programmiert werden, dass sie je nach Terrain automatisch von Soft auf eine manuell vorgew\u00e4hlte Firm-Einstellung umschalten.","og_url":"https:\/\/go4x4.eu\/de\/p\/teraflex-jt-eco-diesel-falcon-s-p2-3-5-a-dapt-piggyback-d-mpfer-kit-3-5-4-5-long-travel\/","og_site_name":"Go4x4 - Autorisierter Teraflex-H\u00e4ndler","article_publisher":"https:\/\/www.facebook.com\/Go4x4.eu\/","article_modified_time":"2024-10-04T17:12:49+00:00","og_image":[{"width":1500,"height":844,"url":"https:\/\/go4x4.eu\/wp-content\/uploads\/2022\/04\/24946d19f8caf41fc0866b4c070b17b6.jpg","type":"image\/jpeg"}],"twitter_card":"summary_large_image","twitter_misc":{"Gesch\u00e4tzte Lesezeit":"2\u00a0Minuten"},"schema":{"@context":"https:\/\/schema.org","@graph":[{"@type":"WebPage","@id":"https:\/\/go4x4.eu\/de\/p\/teraflex-jt-eco-diesel-falcon-s-p2-3-5-a-dapt-piggyback-d-mpfer-kit-3-5-4-5-long-travel\/","url":"https:\/\/go4x4.eu\/de\/p\/teraflex-jt-eco-diesel-falcon-s-p2-3-5-a-dapt-piggyback-d-mpfer-kit-3-5-4-5-long-travel\/","name":"Teraflex: JT EcoDiesel: Falcon SP2 3.5 aDAPT Piggyback D\u00e4mpfer Kit 3.5-4.5\" Long-Travel - Go4x4 - Autorisierter Teraflex-H\u00e4ndler","isPartOf":{"@id":"https:\/\/go4x4.eu\/de\/#website"},"primaryImageOfPage":{"@id":"https:\/\/go4x4.eu\/de\/p\/teraflex-jt-eco-diesel-falcon-s-p2-3-5-a-dapt-piggyback-d-mpfer-kit-3-5-4-5-long-travel\/#primaryimage"},"image":{"@id":"https:\/\/go4x4.eu\/de\/p\/teraflex-jt-eco-diesel-falcon-s-p2-3-5-a-dapt-piggyback-d-mpfer-kit-3-5-4-5-long-travel\/#primaryimage"},"thumbnailUrl":"https:\/\/cdn.go4x4.eu\/cdn-cgi\/image\/width=1500;height=844;fit=cover\/teraflex-jt-eco-diesel-falcon-s-p2-3-5-a-dapt-piggyback-d-mpfer-kit-3-5-4-5-long-travel.jpg","datePublished":"2022-04-22T19:57:43+00:00","dateModified":"2024-10-04T17:12:49+00:00","breadcrumb":{"@id":"https:\/\/go4x4.eu\/de\/p\/teraflex-jt-eco-diesel-falcon-s-p2-3-5-a-dapt-piggyback-d-mpfer-kit-3-5-4-5-long-travel\/#breadcrumb"},"inLanguage":"de","potentialAction":[{"@type":"ReadAction","target":["https:\/\/go4x4.eu\/de\/p\/teraflex-jt-eco-diesel-falcon-s-p2-3-5-a-dapt-piggyback-d-mpfer-kit-3-5-4-5-long-travel\/"]}]},{"@type":"ImageObject","inLanguage":"de","@id":"https:\/\/go4x4.eu\/de\/p\/teraflex-jt-eco-diesel-falcon-s-p2-3-5-a-dapt-piggyback-d-mpfer-kit-3-5-4-5-long-travel\/#primaryimage","url":"https:\/\/cdn.go4x4.eu\/cdn-cgi\/image\/width=1500;height=844;fit=cover\/teraflex-jt-eco-diesel-falcon-s-p2-3-5-a-dapt-piggyback-d-mpfer-kit-3-5-4-5-long-travel.jpg","contentUrl":"https:\/\/cdn.go4x4.eu\/cdn-cgi\/image\/width=1500;height=844;fit=cover\/teraflex-jt-eco-diesel-falcon-s-p2-3-5-a-dapt-piggyback-d-mpfer-kit-3-5-4-5-long-travel.jpg","width":1500,"height":844,"caption":"Teraflex: JT EcoDiesel: Falcon SP2 3.5 aDAPT Piggyback D\u00e4mpfer Kit 3.5-4.5\" Long-Travel"},{"@type":"BreadcrumbList","@id":"https:\/\/go4x4.eu\/de\/p\/teraflex-jt-eco-diesel-falcon-s-p2-3-5-a-dapt-piggyback-d-mpfer-kit-3-5-4-5-long-travel\/#breadcrumb","itemListElement":[{"@type":"ListItem","position":1,"name":"Strona g\u0142\u00f3wna","item":"https:\/\/go4x4.eu\/de\/"},{"@type":"ListItem","position":2,"name":"Speichern","item":"https:\/\/go4x4.eu\/de\/speichern\/"},{"@type":"ListItem","position":3,"name":"Teraflex: JT EcoDiesel: Falcon SP2 3.5 aDAPT Huckepack-D\u00e4mpfersatz (3.5-4.5&#8243; Lift Ext-Travel)"}]},{"@type":"WebSite","@id":"https:\/\/go4x4.eu\/de\/#website","url":"https:\/\/go4x4.eu\/de\/","name":"Go4x4 Offroad Center","description":"Teraflex | Metalcloak | Baja Designs | Synergy | Maximus-3","publisher":{"@id":"https:\/\/go4x4.eu\/de\/#organization"},"potentialAction":[{"@type":"SearchAction","target":{"@type":"EntryPoint","urlTemplate":"https:\/\/go4x4.eu\/de\/?s={search_term_string}"},"query-input":{"@type":"PropertyValueSpecification","valueRequired":true,"valueName":"search_term_string"}}],"inLanguage":"de"},{"@type":"Organization","@id":"https:\/\/go4x4.eu\/de\/#organization","name":"Go4x4 Offroad Center","url":"https:\/\/go4x4.eu\/de\/","logo":{"@type":"ImageObject","inLanguage":"de","@id":"https:\/\/go4x4.eu\/de\/#\/schema\/logo\/image\/","url":"https:\/\/go4x4.eu\/wp-content\/uploads\/2021\/09\/cropped-LOGO-GO4x4-EU-CZARNE-png.png","contentUrl":"https:\/\/go4x4.eu\/wp-content\/uploads\/2021\/09\/cropped-LOGO-GO4x4-EU-CZARNE-png.png","width":980,"height":226,"caption":"Go4x4 Offroad Center"},"image":{"@id":"https:\/\/go4x4.eu\/de\/#\/schema\/logo\/image\/"},"sameAs":["https:\/\/www.facebook.com\/Go4x4.eu\/","https:\/\/www.tiktok.com\/@go4x4eu","https:\/\/www.instagram.com\/go4x4.eu\/"]}]}},"_links":{"self":[{"href":"https:\/\/go4x4.eu\/de\/wp-json\/wp\/v2\/product\/38786","targetHints":{"allow":["GET"]}}],"collection":[{"href":"https:\/\/go4x4.eu\/de\/wp-json\/wp\/v2\/product"}],"about":[{"href":"https:\/\/go4x4.eu\/de\/wp-json\/wp\/v2\/types\/product"}],"replies":[{"embeddable":true,"href":"https:\/\/go4x4.eu\/de\/wp-json\/wp\/v2\/comments?post=38786"}],"wp:featuredmedia":[{"embeddable":true,"href":"https:\/\/go4x4.eu\/de\/wp-json\/wp\/v2\/media\/19974"}],"wp:attachment":[{"href":"https:\/\/go4x4.eu\/de\/wp-json\/wp\/v2\/media?parent=38786"}],"wp:term":[{"taxonomy":"product_brand","embeddable":true,"href":"https:\/\/go4x4.eu\/de\/wp-json\/wp\/v2\/product_brand?post=38786"},{"taxonomy":"product_cat","embeddable":true,"href":"https:\/\/go4x4.eu\/de\/wp-json\/wp\/v2\/product_cat?post=38786"},{"taxonomy":"product_tag","embeddable":true,"href":"https:\/\/go4x4.eu\/de\/wp-json\/wp\/v2\/product_tag?post=38786"}],"curies":[{"name":"wp","href":"https:\/\/api.w.org\/{rel}","templated":true}]}}