{"id":38816,"date":"2022-04-22T19:54:20","date_gmt":"2022-04-22T17:54:20","guid":{"rendered":"https:\/\/go4x4.eu\/p\/teraflex-jt-falcon-sp2-2-1-einrohr-daempfersatz-0-1-5-lift\/"},"modified":"2024-10-04T19:12:45","modified_gmt":"2024-10-04T17:12:45","slug":"teraflex-jt-falcon-s-p2-2-1-einrohrd-mpfer-kit-0-1-5-lift","status":"publish","type":"product","link":"https:\/\/go4x4.eu\/de\/p\/teraflex-jt-falcon-s-p2-2-1-einrohrd-mpfer-kit-0-1-5-lift\/","title":{"rendered":"Teraflex: JT: Falcon SP2 2.1 Einrohrd\u00e4mpfer Kit 0-1.5&#8243; Lift"},"content":{"rendered":"<p>Falcon SP2 2.1 Monotube D\u00e4mpfer bieten erh\u00f6hte Stabilit\u00e4t, verbesserte Fahrqualit\u00e4t und Komfort f\u00fcr Jeeps im t\u00e4glichen Einsatz in einem kompakten und erschwinglichen Paket. SP2 2.1 Sto\u00dfd\u00e4mpfer wurden f\u00fcr On- und Off-Road-Fahrten optimiert. Unsere einzigartige SP2 Mode Adjust-Funktion stellt die Druck- und Zugstufe auf die Einstellungen Soft oder Performance ein.<br \/>\n&#8222;High-Value Performance&#8220; ist die treibende Kraft hinter unseren fahrzeugspezifischen D\u00e4mpfern f\u00fcr Jeeps, Trucks und SUVs. Diese Jeep-spezifischen Sto\u00dfd\u00e4mpfer bieten erh\u00f6hte Stabilit\u00e4t, verbesserte Fahrqualit\u00e4t und Komfort f\u00fcr Fahrzeuge, die t\u00e4glich gefahren werden, sowie von Rennen inspirierte Leistung, Handhabung und Stabilit\u00e4t f\u00fcr Offroad-Fahrzeuge. Falcon Performance Sto\u00dfd\u00e4mpfer von TeraFlex.<br \/>\nSP2 2.1 Einrohr:<br \/>\n&#8211; SP2 2.1 Monotube-D\u00e4mpfer bieten erh\u00f6hte Stabilit\u00e4t, verbesserte Fahrqualit\u00e4t und Komfort f\u00fcr Jeeps im t\u00e4glichen Einsatz in einem kompakten und erschwinglichen Paket<br \/>\n&#8211; Optimierte Abstimmung f\u00fcr On- und Off-Road-Fahrten<br \/>\n&#8211; SP2 Mode Adjust stellt die Druck- und Zugstufe f\u00fcr die Einstellungen Soft und Performance ein<br \/>\n&#8211; Ideal f\u00fcr Jeeps, die t\u00e4glich gefahren werden, sowie f\u00fcr ernsthafte Enthusiasten, die ein konsistentes, kontrolliertes Fahrgef\u00fchl unter allen Fahrbedingungen w\u00fcnschen<br \/>\nJT Gladiator:<br \/>\n&#8211; JT kurvenspezifischer Sto\u00dfd\u00e4mpfer mit rennsportinspirierter Leistung<br \/>\n&#8211; Das vordere untere Offset-\u00d6sen-Design sorgt f\u00fcr maximalen Abstand zwischen D\u00e4mpferk\u00f6rper und Rahmen w\u00e4hrend der Artikulation<br \/>\n&#8211; Hintere Roost Guards verhindern Sch\u00e4den an der D\u00e4mpferwelle durch von den Reifen aufgewirbelte Steine<br \/>\n&#8211; SP2 Mode Adjust passt die Druck- und Zugstufe f\u00fcr die Einstellungen Soft und Performance an<br \/>\n<\/br><\/br><b>Beinhaltet:<\/b><\/br>&#8211; SP2 2.1 Monotube D\u00e4mpfer &#8211; alle 4<br \/>\n&#8211; Roost Guards &#8211; Hinten<br \/>\n&#8211; Alle erforderlichen Teile<br \/>\n<\/br><b>Passend f\u00fcr:<\/b><\/br>Fahrzeug(e):<br \/>\n&#8211; JT Gladiator (Pickup)<br \/>\n&#8211; JT Gladiator EcoDiesel (Kleintransporter)<br \/>\n&#8211; JT Gladiator Mojave (Pickup) mit Sto\u00dfd\u00e4mpferbuchsensatz vorne (# 61-99-01-001)<br \/>\nSpezifikationen:<br \/>\n&#8211; 0-1.5&#8243; Anhebung<br \/>\n<\/br><b>Einbauzeit:<\/b>1.5 Stunden<\/br><b>Garantie:<\/b>3 Jahre<\/p>\n","protected":false},"excerpt":{"rendered":"<p>Falcon SP2 2.1 Monotube D\u00e4mpfer bieten erh\u00f6hte Stabilit\u00e4t, verbesserte Fahrqualit\u00e4t und Komfort f\u00fcr Jeeps im t\u00e4glichen Einsatz in einem kompakten und erschwinglichen Paket. SP2 2.1 Sto\u00dfd\u00e4mpfer wurden f\u00fcr On- und Off-Road-Fahrten optimiert.<\/p>\n","protected":false},"featured_media":36865,"comment_status":"open","ping_status":"closed","template":"","meta":{"_acf_changed":false},"product_brand":[],"product_cat":[1438],"product_tag":[],"class_list":{"0":"post-38816","1":"product","2":"type-product","3":"status-publish","4":"has-post-thumbnail","6":"product_cat-stosdampfer","7":"pa_lift-1-de","8":"pa_lift-1-5-de","9":"pa_lift-0-de","10":"pa_model-pojazdu-gladiator-de","11":"pa_producent-teraflex-de","12":"pa_producent-pojazdu-jeep-de","13":"pa_rok-produkcji-2020-de","14":"pa_rok-produkcji-2021-de","15":"pa_rok-produkcji-2022-de","16":"pa_rok-produkcji-2023-de","17":"pa_rok-produkcji-2024-de","18":"pa_wersja-silnikowa-3-0l-ecodiesel-de","19":"pa_wersja-silnikowa-3-6l-de","20":"pa_wersja-wyposazenia-rubicon-pickup-de","21":"pa_wersja-wyposazenia-sport-pickup-de","22":"pa_wersja-wyposazenia-willys-pickup-de","23":"pa_wersja-wyposazenia-mojave-pickup-de","24":"pa_wersja-wyposazenia-overland-pickup-de","26":"first","27":"outofstock","28":"taxable","29":"shipping-taxable","30":"purchasable","31":"product-type-simple"},"acf":[],"yoast_head":"<!-- This site is optimized with the Yoast SEO plugin v27.1.1 - https:\/\/yoast.com\/product\/yoast-seo-wordpress\/ -->\n<title>Teraflex: JT: Falcon SP2 2.1 Einrohrd\u00e4mpfer Kit 0-1.5&quot; Lift - Go4x4 - Autorisierter Teraflex-H\u00e4ndler<\/title>\n<meta name=\"robots\" content=\"index, follow, max-snippet:-1, max-image-preview:large, max-video-preview:-1\" \/>\n<link rel=\"canonical\" href=\"https:\/\/go4x4.eu\/de\/p\/teraflex-jt-falcon-s-p2-2-1-einrohrd-mpfer-kit-0-1-5-lift\/\" \/>\n<meta property=\"og:locale\" content=\"de_DE\" \/>\n<meta property=\"og:type\" content=\"article\" \/>\n<meta property=\"og:title\" content=\"Teraflex: JT: Falcon SP2 2.1 Einrohrd\u00e4mpfer Kit 0-1.5&quot; Lift - Go4x4 - Autorisierter Teraflex-H\u00e4ndler\" \/>\n<meta property=\"og:description\" content=\"Falcon SP2 2.1 Monotube D\u00e4mpfer bieten erh\u00f6hte Stabilit\u00e4t, verbesserte Fahrqualit\u00e4t und Komfort f\u00fcr Jeeps im t\u00e4glichen Einsatz in einem kompakten und erschwinglichen Paket. SP2 2.1 Sto\u00dfd\u00e4mpfer wurden f\u00fcr On- und Off-Road-Fahrten optimiert.\" \/>\n<meta property=\"og:url\" content=\"https:\/\/go4x4.eu\/de\/p\/teraflex-jt-falcon-s-p2-2-1-einrohrd-mpfer-kit-0-1-5-lift\/\" \/>\n<meta property=\"og:site_name\" content=\"Go4x4 - Autorisierter Teraflex-H\u00e4ndler\" \/>\n<meta property=\"article:publisher\" content=\"https:\/\/www.facebook.com\/Go4x4.eu\/\" \/>\n<meta property=\"article:modified_time\" content=\"2024-10-04T17:12:45+00:00\" \/>\n<meta property=\"og:image\" content=\"https:\/\/go4x4.eu\/wp-content\/uploads\/2022\/04\/b17ad9c8ee53e16de4f21fa468450e57-scaled.jpg\" \/>\n\t<meta property=\"og:image:width\" content=\"2560\" \/>\n\t<meta property=\"og:image:height\" content=\"1440\" \/>\n\t<meta property=\"og:image:type\" content=\"image\/jpeg\" \/>\n<meta name=\"twitter:card\" content=\"summary_large_image\" \/>\n<meta name=\"twitter:label1\" content=\"Gesch\u00e4tzte Lesezeit\" \/>\n\t<meta name=\"twitter:data1\" content=\"2\u00a0Minuten\" \/>\n<script type=\"application\/ld+json\" class=\"yoast-schema-graph\">{\"@context\":\"https:\/\/schema.org\",\"@graph\":[{\"@type\":\"WebPage\",\"@id\":\"https:\/\/go4x4.eu\/de\/p\/teraflex-jt-falcon-s-p2-2-1-einrohrd-mpfer-kit-0-1-5-lift\/\",\"url\":\"https:\/\/go4x4.eu\/de\/p\/teraflex-jt-falcon-s-p2-2-1-einrohrd-mpfer-kit-0-1-5-lift\/\",\"name\":\"Teraflex: JT: Falcon SP2 2.1 Einrohrd\u00e4mpfer Kit 0-1.5\\\" Lift - Go4x4 - Autorisierter Teraflex-H\u00e4ndler\",\"isPartOf\":{\"@id\":\"https:\/\/go4x4.eu\/de\/#website\"},\"primaryImageOfPage\":{\"@id\":\"https:\/\/go4x4.eu\/de\/p\/teraflex-jt-falcon-s-p2-2-1-einrohrd-mpfer-kit-0-1-5-lift\/#primaryimage\"},\"image\":{\"@id\":\"https:\/\/go4x4.eu\/de\/p\/teraflex-jt-falcon-s-p2-2-1-einrohrd-mpfer-kit-0-1-5-lift\/#primaryimage\"},\"thumbnailUrl\":\"https:\/\/cdn.go4x4.eu\/cdn-cgi\/image\/width=2560;height=1440;fit=cover\/teraflex-jt-falcon-s-p2-2-1-einrohrd-mpfer-kit-0-1-5-lift.jpg\",\"datePublished\":\"2022-04-22T17:54:20+00:00\",\"dateModified\":\"2024-10-04T17:12:45+00:00\",\"breadcrumb\":{\"@id\":\"https:\/\/go4x4.eu\/de\/p\/teraflex-jt-falcon-s-p2-2-1-einrohrd-mpfer-kit-0-1-5-lift\/#breadcrumb\"},\"inLanguage\":\"de\",\"potentialAction\":[{\"@type\":\"ReadAction\",\"target\":[\"https:\/\/go4x4.eu\/de\/p\/teraflex-jt-falcon-s-p2-2-1-einrohrd-mpfer-kit-0-1-5-lift\/\"]}]},{\"@type\":\"ImageObject\",\"inLanguage\":\"de\",\"@id\":\"https:\/\/go4x4.eu\/de\/p\/teraflex-jt-falcon-s-p2-2-1-einrohrd-mpfer-kit-0-1-5-lift\/#primaryimage\",\"url\":\"https:\/\/cdn.go4x4.eu\/cdn-cgi\/image\/width=2560;height=1440;fit=cover\/teraflex-jt-falcon-s-p2-2-1-einrohrd-mpfer-kit-0-1-5-lift.jpg\",\"contentUrl\":\"https:\/\/cdn.go4x4.eu\/cdn-cgi\/image\/width=2560;height=1440;fit=cover\/teraflex-jt-falcon-s-p2-2-1-einrohrd-mpfer-kit-0-1-5-lift.jpg\",\"width\":2560,\"height\":1440,\"caption\":\"Teraflex: JT: Falcon SP2 2.1 Einrohrd\u00e4mpfer Kit 0-1.5\\\" Lift\"},{\"@type\":\"BreadcrumbList\",\"@id\":\"https:\/\/go4x4.eu\/de\/p\/teraflex-jt-falcon-s-p2-2-1-einrohrd-mpfer-kit-0-1-5-lift\/#breadcrumb\",\"itemListElement\":[{\"@type\":\"ListItem\",\"position\":1,\"name\":\"Strona g\u0142\u00f3wna\",\"item\":\"https:\/\/go4x4.eu\/de\/\"},{\"@type\":\"ListItem\",\"position\":2,\"name\":\"Speichern\",\"item\":\"https:\/\/go4x4.eu\/de\/speichern\/\"},{\"@type\":\"ListItem\",\"position\":3,\"name\":\"Teraflex: JT: Falcon SP2 2.1 Einrohr-D\u00e4mpfersatz (0-1.5&#8243; Lift)\"}]},{\"@type\":\"WebSite\",\"@id\":\"https:\/\/go4x4.eu\/de\/#website\",\"url\":\"https:\/\/go4x4.eu\/de\/\",\"name\":\"Go4x4 Offroad Center\",\"description\":\"Teraflex | Metalcloak | Baja Designs | Synergy | Maximus-3\",\"publisher\":{\"@id\":\"https:\/\/go4x4.eu\/de\/#organization\"},\"potentialAction\":[{\"@type\":\"SearchAction\",\"target\":{\"@type\":\"EntryPoint\",\"urlTemplate\":\"https:\/\/go4x4.eu\/de\/?s={search_term_string}\"},\"query-input\":{\"@type\":\"PropertyValueSpecification\",\"valueRequired\":true,\"valueName\":\"search_term_string\"}}],\"inLanguage\":\"de\"},{\"@type\":\"Organization\",\"@id\":\"https:\/\/go4x4.eu\/de\/#organization\",\"name\":\"Go4x4 Offroad Center\",\"url\":\"https:\/\/go4x4.eu\/de\/\",\"logo\":{\"@type\":\"ImageObject\",\"inLanguage\":\"de\",\"@id\":\"https:\/\/go4x4.eu\/de\/#\/schema\/logo\/image\/\",\"url\":\"https:\/\/go4x4.eu\/wp-content\/uploads\/2021\/09\/cropped-LOGO-GO4x4-EU-CZARNE-png.png\",\"contentUrl\":\"https:\/\/go4x4.eu\/wp-content\/uploads\/2021\/09\/cropped-LOGO-GO4x4-EU-CZARNE-png.png\",\"width\":980,\"height\":226,\"caption\":\"Go4x4 Offroad Center\"},\"image\":{\"@id\":\"https:\/\/go4x4.eu\/de\/#\/schema\/logo\/image\/\"},\"sameAs\":[\"https:\/\/www.facebook.com\/Go4x4.eu\/\",\"https:\/\/www.tiktok.com\/@go4x4eu\",\"https:\/\/www.instagram.com\/go4x4.eu\/\"]}]}<\/script>\n<!-- \/ Yoast SEO plugin. -->","yoast_head_json":{"title":"Teraflex: JT: Falcon SP2 2.1 Einrohrd\u00e4mpfer Kit 0-1.5\" Lift - Go4x4 - Autorisierter Teraflex-H\u00e4ndler","robots":{"index":"index","follow":"follow","max-snippet":"max-snippet:-1","max-image-preview":"max-image-preview:large","max-video-preview":"max-video-preview:-1"},"canonical":"https:\/\/go4x4.eu\/de\/p\/teraflex-jt-falcon-s-p2-2-1-einrohrd-mpfer-kit-0-1-5-lift\/","og_locale":"de_DE","og_type":"article","og_title":"Teraflex: JT: Falcon SP2 2.1 Einrohrd\u00e4mpfer Kit 0-1.5\" Lift - Go4x4 - Autorisierter Teraflex-H\u00e4ndler","og_description":"Falcon SP2 2.1 Monotube D\u00e4mpfer bieten erh\u00f6hte Stabilit\u00e4t, verbesserte Fahrqualit\u00e4t und Komfort f\u00fcr Jeeps im t\u00e4glichen Einsatz in einem kompakten und erschwinglichen Paket. SP2 2.1 Sto\u00dfd\u00e4mpfer wurden f\u00fcr On- und Off-Road-Fahrten optimiert.","og_url":"https:\/\/go4x4.eu\/de\/p\/teraflex-jt-falcon-s-p2-2-1-einrohrd-mpfer-kit-0-1-5-lift\/","og_site_name":"Go4x4 - Autorisierter Teraflex-H\u00e4ndler","article_publisher":"https:\/\/www.facebook.com\/Go4x4.eu\/","article_modified_time":"2024-10-04T17:12:45+00:00","og_image":[{"width":2560,"height":1440,"url":"https:\/\/go4x4.eu\/wp-content\/uploads\/2022\/04\/b17ad9c8ee53e16de4f21fa468450e57-scaled.jpg","type":"image\/jpeg"}],"twitter_card":"summary_large_image","twitter_misc":{"Gesch\u00e4tzte Lesezeit":"2\u00a0Minuten"},"schema":{"@context":"https:\/\/schema.org","@graph":[{"@type":"WebPage","@id":"https:\/\/go4x4.eu\/de\/p\/teraflex-jt-falcon-s-p2-2-1-einrohrd-mpfer-kit-0-1-5-lift\/","url":"https:\/\/go4x4.eu\/de\/p\/teraflex-jt-falcon-s-p2-2-1-einrohrd-mpfer-kit-0-1-5-lift\/","name":"Teraflex: JT: Falcon SP2 2.1 Einrohrd\u00e4mpfer Kit 0-1.5\" Lift - Go4x4 - Autorisierter Teraflex-H\u00e4ndler","isPartOf":{"@id":"https:\/\/go4x4.eu\/de\/#website"},"primaryImageOfPage":{"@id":"https:\/\/go4x4.eu\/de\/p\/teraflex-jt-falcon-s-p2-2-1-einrohrd-mpfer-kit-0-1-5-lift\/#primaryimage"},"image":{"@id":"https:\/\/go4x4.eu\/de\/p\/teraflex-jt-falcon-s-p2-2-1-einrohrd-mpfer-kit-0-1-5-lift\/#primaryimage"},"thumbnailUrl":"https:\/\/cdn.go4x4.eu\/cdn-cgi\/image\/width=2560;height=1440;fit=cover\/teraflex-jt-falcon-s-p2-2-1-einrohrd-mpfer-kit-0-1-5-lift.jpg","datePublished":"2022-04-22T17:54:20+00:00","dateModified":"2024-10-04T17:12:45+00:00","breadcrumb":{"@id":"https:\/\/go4x4.eu\/de\/p\/teraflex-jt-falcon-s-p2-2-1-einrohrd-mpfer-kit-0-1-5-lift\/#breadcrumb"},"inLanguage":"de","potentialAction":[{"@type":"ReadAction","target":["https:\/\/go4x4.eu\/de\/p\/teraflex-jt-falcon-s-p2-2-1-einrohrd-mpfer-kit-0-1-5-lift\/"]}]},{"@type":"ImageObject","inLanguage":"de","@id":"https:\/\/go4x4.eu\/de\/p\/teraflex-jt-falcon-s-p2-2-1-einrohrd-mpfer-kit-0-1-5-lift\/#primaryimage","url":"https:\/\/cdn.go4x4.eu\/cdn-cgi\/image\/width=2560;height=1440;fit=cover\/teraflex-jt-falcon-s-p2-2-1-einrohrd-mpfer-kit-0-1-5-lift.jpg","contentUrl":"https:\/\/cdn.go4x4.eu\/cdn-cgi\/image\/width=2560;height=1440;fit=cover\/teraflex-jt-falcon-s-p2-2-1-einrohrd-mpfer-kit-0-1-5-lift.jpg","width":2560,"height":1440,"caption":"Teraflex: JT: Falcon SP2 2.1 Einrohrd\u00e4mpfer Kit 0-1.5\" Lift"},{"@type":"BreadcrumbList","@id":"https:\/\/go4x4.eu\/de\/p\/teraflex-jt-falcon-s-p2-2-1-einrohrd-mpfer-kit-0-1-5-lift\/#breadcrumb","itemListElement":[{"@type":"ListItem","position":1,"name":"Strona g\u0142\u00f3wna","item":"https:\/\/go4x4.eu\/de\/"},{"@type":"ListItem","position":2,"name":"Speichern","item":"https:\/\/go4x4.eu\/de\/speichern\/"},{"@type":"ListItem","position":3,"name":"Teraflex: JT: Falcon SP2 2.1 Einrohr-D\u00e4mpfersatz (0-1.5&#8243; Lift)"}]},{"@type":"WebSite","@id":"https:\/\/go4x4.eu\/de\/#website","url":"https:\/\/go4x4.eu\/de\/","name":"Go4x4 Offroad Center","description":"Teraflex | Metalcloak | Baja Designs | Synergy | Maximus-3","publisher":{"@id":"https:\/\/go4x4.eu\/de\/#organization"},"potentialAction":[{"@type":"SearchAction","target":{"@type":"EntryPoint","urlTemplate":"https:\/\/go4x4.eu\/de\/?s={search_term_string}"},"query-input":{"@type":"PropertyValueSpecification","valueRequired":true,"valueName":"search_term_string"}}],"inLanguage":"de"},{"@type":"Organization","@id":"https:\/\/go4x4.eu\/de\/#organization","name":"Go4x4 Offroad Center","url":"https:\/\/go4x4.eu\/de\/","logo":{"@type":"ImageObject","inLanguage":"de","@id":"https:\/\/go4x4.eu\/de\/#\/schema\/logo\/image\/","url":"https:\/\/go4x4.eu\/wp-content\/uploads\/2021\/09\/cropped-LOGO-GO4x4-EU-CZARNE-png.png","contentUrl":"https:\/\/go4x4.eu\/wp-content\/uploads\/2021\/09\/cropped-LOGO-GO4x4-EU-CZARNE-png.png","width":980,"height":226,"caption":"Go4x4 Offroad Center"},"image":{"@id":"https:\/\/go4x4.eu\/de\/#\/schema\/logo\/image\/"},"sameAs":["https:\/\/www.facebook.com\/Go4x4.eu\/","https:\/\/www.tiktok.com\/@go4x4eu","https:\/\/www.instagram.com\/go4x4.eu\/"]}]}},"_links":{"self":[{"href":"https:\/\/go4x4.eu\/de\/wp-json\/wp\/v2\/product\/38816","targetHints":{"allow":["GET"]}}],"collection":[{"href":"https:\/\/go4x4.eu\/de\/wp-json\/wp\/v2\/product"}],"about":[{"href":"https:\/\/go4x4.eu\/de\/wp-json\/wp\/v2\/types\/product"}],"replies":[{"embeddable":true,"href":"https:\/\/go4x4.eu\/de\/wp-json\/wp\/v2\/comments?post=38816"}],"wp:featuredmedia":[{"embeddable":true,"href":"https:\/\/go4x4.eu\/de\/wp-json\/wp\/v2\/media\/36865"}],"wp:attachment":[{"href":"https:\/\/go4x4.eu\/de\/wp-json\/wp\/v2\/media?parent=38816"}],"wp:term":[{"taxonomy":"product_brand","embeddable":true,"href":"https:\/\/go4x4.eu\/de\/wp-json\/wp\/v2\/product_brand?post=38816"},{"taxonomy":"product_cat","embeddable":true,"href":"https:\/\/go4x4.eu\/de\/wp-json\/wp\/v2\/product_cat?post=38816"},{"taxonomy":"product_tag","embeddable":true,"href":"https:\/\/go4x4.eu\/de\/wp-json\/wp\/v2\/product_tag?post=38816"}],"curies":[{"name":"wp","href":"https:\/\/api.w.org\/{rel}","templated":true}]}}