{"id":39264,"date":"2021-09-04T11:17:51","date_gmt":"2021-09-04T09:17:51","guid":{"rendered":"https:\/\/go4x4.eu\/p\/aus4rd-jeep-wrangler-jl-led-a-saeulenhalterung\/"},"modified":"2021-09-04T11:17:51","modified_gmt":"2021-09-04T09:17:51","slug":"off4rd-jeep-wrangler-jl-led-a-pillar-mount","status":"publish","type":"product","link":"https:\/\/go4x4.eu\/de\/p\/off4rd-jeep-wrangler-jl-led-a-pillar-mount\/","title":{"rendered":"Aus4rd: Jeep Wrangler JL LED A-S\u00e4ulenhalterung"},"content":{"rendered":"<p>Montage zus\u00e4tzlicher Beleuchtung f\u00fcr den Jeep Wrangler JL 2018-2022. Wird werkseitig angebracht, kein Bohren erforderlich. Perfekter Platz f\u00fcr zus\u00e4tzliche SPOT-Beleuchtung.<\/p>\n","protected":false},"excerpt":{"rendered":"<p>JL Spot Light Halterung<\/p>\n","protected":false},"featured_media":14636,"comment_status":"open","ping_status":"closed","template":"","meta":{"_acf_changed":false},"product_brand":[],"product_cat":[1423,1445],"product_tag":[],"class_list":{"0":"post-39264","1":"product","2":"type-product","3":"status-publish","4":"has-post-thumbnail","6":"product_cat-beleuchtung","7":"product_cat-befestigungen-und-halterungen","8":"pa_lift-0-5-de","9":"pa_lift-1-de","10":"pa_lift-5-5-de","11":"pa_lift-5-de","12":"pa_lift-4-5-de","13":"pa_lift-4-de","14":"pa_lift-3-5-de","15":"pa_lift-3-de","16":"pa_lift-2-5-de","17":"pa_lift-2-de","18":"pa_lift-1-5-de","19":"pa_lift-0-de","20":"pa_model-pojazdu-gladiator-de","21":"pa_model-pojazdu-wrangler-de","22":"pa_producent-aus4-de","23":"pa_producent-pojazdu-jeep-de","24":"pa_rok-produkcji-2018-de","25":"pa_rok-produkcji-2019-de","26":"pa_rok-produkcji-2020-de","27":"pa_rok-produkcji-2021-de","28":"pa_rok-produkcji-2022-de","29":"pa_rok-produkcji-2023-de","30":"pa_rok-produkcji-2024-de","31":"pa_rok-produkcji-2025-de","32":"pa_rok-produkcji-2026-de","33":"pa_wersja-silnikowa-2-0l-de","34":"pa_wersja-silnikowa-3-0l-ecodiesel-de","35":"pa_wersja-silnikowa-3-6l-de","36":"pa_wersja-silnikowa-6-4l-392-de","37":"pa_wersja-silnikowa-4xe-de","38":"pa_wersja-silnikowa-2-2d-de","39":"pa_wersja-wyposazenia-rubicon-2d-de","40":"pa_wersja-wyposazenia-rubicon-pickup-de","41":"pa_wersja-wyposazenia-sahara-2d-de","42":"pa_wersja-wyposazenia-sport-2d-de","43":"pa_wersja-wyposazenia-sport-pickup-de","44":"pa_wersja-wyposazenia-willys-2d-de","45":"pa_wersja-wyposazenia-willys-pickup-de","46":"pa_wersja-wyposazenia-willys-unlimited-4d-de","47":"pa_wersja-wyposazenia-mojave-pickup-de","48":"pa_wersja-wyposazenia-overland-pickup-de","49":"pa_wersja-wyposazenia-unlimited-rubicon-4d-de","50":"pa_wersja-wyposazenia-unlimited-sahara-4d-de","51":"pa_wersja-wyposazenia-unlimited-sport-4d-de","53":"first","54":"instock","55":"taxable","56":"shipping-taxable","57":"purchasable","58":"product-type-simple"},"acf":[],"yoast_head":"<!-- This site is optimized with the Yoast SEO plugin v27.1.1 - https:\/\/yoast.com\/product\/yoast-seo-wordpress\/ -->\n<title>Aus4rd: Jeep Wrangler JL LED A-S\u00e4ulenhalterung - Go4x4 - Autorisierter Teraflex-H\u00e4ndler<\/title>\n<meta name=\"robots\" content=\"index, follow, max-snippet:-1, max-image-preview:large, max-video-preview:-1\" \/>\n<link rel=\"canonical\" href=\"https:\/\/go4x4.eu\/de\/p\/off4rd-jeep-wrangler-jl-led-a-pillar-mount\/\" \/>\n<meta property=\"og:locale\" content=\"de_DE\" \/>\n<meta property=\"og:type\" content=\"article\" \/>\n<meta property=\"og:title\" content=\"Aus4rd: Jeep Wrangler JL LED A-S\u00e4ulenhalterung - Go4x4 - Autorisierter Teraflex-H\u00e4ndler\" \/>\n<meta property=\"og:description\" content=\"JL Spot Light Halterung\" \/>\n<meta property=\"og:url\" content=\"https:\/\/go4x4.eu\/de\/p\/off4rd-jeep-wrangler-jl-led-a-pillar-mount\/\" \/>\n<meta property=\"og:site_name\" content=\"Go4x4 - Autorisierter Teraflex-H\u00e4ndler\" \/>\n<meta property=\"article:publisher\" content=\"https:\/\/www.facebook.com\/Go4x4.eu\/\" \/>\n<meta property=\"og:image\" content=\"https:\/\/go4x4.eu\/wp-content\/uploads\/2021\/09\/efa5454c4e25d642dfbfcef532ccefb7.jpeg\" \/>\n\t<meta property=\"og:image:width\" content=\"1801\" \/>\n\t<meta property=\"og:image:height\" content=\"986\" \/>\n\t<meta property=\"og:image:type\" content=\"image\/jpeg\" \/>\n<meta name=\"twitter:card\" content=\"summary_large_image\" \/>\n<script type=\"application\/ld+json\" class=\"yoast-schema-graph\">{\"@context\":\"https:\/\/schema.org\",\"@graph\":[{\"@type\":\"WebPage\",\"@id\":\"https:\/\/go4x4.eu\/de\/p\/off4rd-jeep-wrangler-jl-led-a-pillar-mount\/\",\"url\":\"https:\/\/go4x4.eu\/de\/p\/off4rd-jeep-wrangler-jl-led-a-pillar-mount\/\",\"name\":\"Aus4rd: Jeep Wrangler JL LED A-S\u00e4ulenhalterung - Go4x4 - Autorisierter Teraflex-H\u00e4ndler\",\"isPartOf\":{\"@id\":\"https:\/\/go4x4.eu\/de\/#website\"},\"primaryImageOfPage\":{\"@id\":\"https:\/\/go4x4.eu\/de\/p\/off4rd-jeep-wrangler-jl-led-a-pillar-mount\/#primaryimage\"},\"image\":{\"@id\":\"https:\/\/go4x4.eu\/de\/p\/off4rd-jeep-wrangler-jl-led-a-pillar-mount\/#primaryimage\"},\"thumbnailUrl\":\"https:\/\/cdn.go4x4.eu\/cdn-cgi\/image\/width=1801;height=986;fit=cover\/off4rd-jeep-wrangler-jl-led-a-pillar-mount.jpeg\",\"datePublished\":\"2021-09-04T09:17:51+00:00\",\"breadcrumb\":{\"@id\":\"https:\/\/go4x4.eu\/de\/p\/off4rd-jeep-wrangler-jl-led-a-pillar-mount\/#breadcrumb\"},\"inLanguage\":\"de\",\"potentialAction\":[{\"@type\":\"ReadAction\",\"target\":[\"https:\/\/go4x4.eu\/de\/p\/off4rd-jeep-wrangler-jl-led-a-pillar-mount\/\"]}]},{\"@type\":\"ImageObject\",\"inLanguage\":\"de\",\"@id\":\"https:\/\/go4x4.eu\/de\/p\/off4rd-jeep-wrangler-jl-led-a-pillar-mount\/#primaryimage\",\"url\":\"https:\/\/cdn.go4x4.eu\/cdn-cgi\/image\/width=1801;height=986;fit=cover\/off4rd-jeep-wrangler-jl-led-a-pillar-mount.jpeg\",\"contentUrl\":\"https:\/\/cdn.go4x4.eu\/cdn-cgi\/image\/width=1801;height=986;fit=cover\/off4rd-jeep-wrangler-jl-led-a-pillar-mount.jpeg\",\"width\":1801,\"height\":986},{\"@type\":\"BreadcrumbList\",\"@id\":\"https:\/\/go4x4.eu\/de\/p\/off4rd-jeep-wrangler-jl-led-a-pillar-mount\/#breadcrumb\",\"itemListElement\":[{\"@type\":\"ListItem\",\"position\":1,\"name\":\"Strona g\u0142\u00f3wna\",\"item\":\"https:\/\/go4x4.eu\/de\/\"},{\"@type\":\"ListItem\",\"position\":2,\"name\":\"Speichern\",\"item\":\"https:\/\/go4x4.eu\/de\/speichern\/\"},{\"@type\":\"ListItem\",\"position\":3,\"name\":\"Aus4rd: Jeep Wrangler JL LED A-S\u00e4ulenhalterung\"}]},{\"@type\":\"WebSite\",\"@id\":\"https:\/\/go4x4.eu\/de\/#website\",\"url\":\"https:\/\/go4x4.eu\/de\/\",\"name\":\"Go4x4 Offroad Center\",\"description\":\"Teraflex | Metalcloak | Baja Designs | Synergy | Maximus-3\",\"publisher\":{\"@id\":\"https:\/\/go4x4.eu\/de\/#organization\"},\"potentialAction\":[{\"@type\":\"SearchAction\",\"target\":{\"@type\":\"EntryPoint\",\"urlTemplate\":\"https:\/\/go4x4.eu\/de\/?s={search_term_string}\"},\"query-input\":{\"@type\":\"PropertyValueSpecification\",\"valueRequired\":true,\"valueName\":\"search_term_string\"}}],\"inLanguage\":\"de\"},{\"@type\":\"Organization\",\"@id\":\"https:\/\/go4x4.eu\/de\/#organization\",\"name\":\"Go4x4 Offroad Center\",\"url\":\"https:\/\/go4x4.eu\/de\/\",\"logo\":{\"@type\":\"ImageObject\",\"inLanguage\":\"de\",\"@id\":\"https:\/\/go4x4.eu\/de\/#\/schema\/logo\/image\/\",\"url\":\"https:\/\/go4x4.eu\/wp-content\/uploads\/2021\/09\/cropped-LOGO-GO4x4-EU-CZARNE-png.png\",\"contentUrl\":\"https:\/\/go4x4.eu\/wp-content\/uploads\/2021\/09\/cropped-LOGO-GO4x4-EU-CZARNE-png.png\",\"width\":980,\"height\":226,\"caption\":\"Go4x4 Offroad Center\"},\"image\":{\"@id\":\"https:\/\/go4x4.eu\/de\/#\/schema\/logo\/image\/\"},\"sameAs\":[\"https:\/\/www.facebook.com\/Go4x4.eu\/\",\"https:\/\/www.tiktok.com\/@go4x4eu\",\"https:\/\/www.instagram.com\/go4x4.eu\/\"]}]}<\/script>\n<!-- \/ Yoast SEO plugin. -->","yoast_head_json":{"title":"Aus4rd: Jeep Wrangler JL LED A-S\u00e4ulenhalterung - Go4x4 - Autorisierter Teraflex-H\u00e4ndler","robots":{"index":"index","follow":"follow","max-snippet":"max-snippet:-1","max-image-preview":"max-image-preview:large","max-video-preview":"max-video-preview:-1"},"canonical":"https:\/\/go4x4.eu\/de\/p\/off4rd-jeep-wrangler-jl-led-a-pillar-mount\/","og_locale":"de_DE","og_type":"article","og_title":"Aus4rd: Jeep Wrangler JL LED A-S\u00e4ulenhalterung - Go4x4 - Autorisierter Teraflex-H\u00e4ndler","og_description":"JL Spot Light Halterung","og_url":"https:\/\/go4x4.eu\/de\/p\/off4rd-jeep-wrangler-jl-led-a-pillar-mount\/","og_site_name":"Go4x4 - Autorisierter Teraflex-H\u00e4ndler","article_publisher":"https:\/\/www.facebook.com\/Go4x4.eu\/","og_image":[{"width":1801,"height":986,"url":"https:\/\/go4x4.eu\/wp-content\/uploads\/2021\/09\/efa5454c4e25d642dfbfcef532ccefb7.jpeg","type":"image\/jpeg"}],"twitter_card":"summary_large_image","schema":{"@context":"https:\/\/schema.org","@graph":[{"@type":"WebPage","@id":"https:\/\/go4x4.eu\/de\/p\/off4rd-jeep-wrangler-jl-led-a-pillar-mount\/","url":"https:\/\/go4x4.eu\/de\/p\/off4rd-jeep-wrangler-jl-led-a-pillar-mount\/","name":"Aus4rd: Jeep Wrangler JL LED A-S\u00e4ulenhalterung - Go4x4 - Autorisierter Teraflex-H\u00e4ndler","isPartOf":{"@id":"https:\/\/go4x4.eu\/de\/#website"},"primaryImageOfPage":{"@id":"https:\/\/go4x4.eu\/de\/p\/off4rd-jeep-wrangler-jl-led-a-pillar-mount\/#primaryimage"},"image":{"@id":"https:\/\/go4x4.eu\/de\/p\/off4rd-jeep-wrangler-jl-led-a-pillar-mount\/#primaryimage"},"thumbnailUrl":"https:\/\/cdn.go4x4.eu\/cdn-cgi\/image\/width=1801;height=986;fit=cover\/off4rd-jeep-wrangler-jl-led-a-pillar-mount.jpeg","datePublished":"2021-09-04T09:17:51+00:00","breadcrumb":{"@id":"https:\/\/go4x4.eu\/de\/p\/off4rd-jeep-wrangler-jl-led-a-pillar-mount\/#breadcrumb"},"inLanguage":"de","potentialAction":[{"@type":"ReadAction","target":["https:\/\/go4x4.eu\/de\/p\/off4rd-jeep-wrangler-jl-led-a-pillar-mount\/"]}]},{"@type":"ImageObject","inLanguage":"de","@id":"https:\/\/go4x4.eu\/de\/p\/off4rd-jeep-wrangler-jl-led-a-pillar-mount\/#primaryimage","url":"https:\/\/cdn.go4x4.eu\/cdn-cgi\/image\/width=1801;height=986;fit=cover\/off4rd-jeep-wrangler-jl-led-a-pillar-mount.jpeg","contentUrl":"https:\/\/cdn.go4x4.eu\/cdn-cgi\/image\/width=1801;height=986;fit=cover\/off4rd-jeep-wrangler-jl-led-a-pillar-mount.jpeg","width":1801,"height":986},{"@type":"BreadcrumbList","@id":"https:\/\/go4x4.eu\/de\/p\/off4rd-jeep-wrangler-jl-led-a-pillar-mount\/#breadcrumb","itemListElement":[{"@type":"ListItem","position":1,"name":"Strona g\u0142\u00f3wna","item":"https:\/\/go4x4.eu\/de\/"},{"@type":"ListItem","position":2,"name":"Speichern","item":"https:\/\/go4x4.eu\/de\/speichern\/"},{"@type":"ListItem","position":3,"name":"Aus4rd: Jeep Wrangler JL LED A-S\u00e4ulenhalterung"}]},{"@type":"WebSite","@id":"https:\/\/go4x4.eu\/de\/#website","url":"https:\/\/go4x4.eu\/de\/","name":"Go4x4 Offroad Center","description":"Teraflex | Metalcloak | Baja Designs | Synergy | Maximus-3","publisher":{"@id":"https:\/\/go4x4.eu\/de\/#organization"},"potentialAction":[{"@type":"SearchAction","target":{"@type":"EntryPoint","urlTemplate":"https:\/\/go4x4.eu\/de\/?s={search_term_string}"},"query-input":{"@type":"PropertyValueSpecification","valueRequired":true,"valueName":"search_term_string"}}],"inLanguage":"de"},{"@type":"Organization","@id":"https:\/\/go4x4.eu\/de\/#organization","name":"Go4x4 Offroad Center","url":"https:\/\/go4x4.eu\/de\/","logo":{"@type":"ImageObject","inLanguage":"de","@id":"https:\/\/go4x4.eu\/de\/#\/schema\/logo\/image\/","url":"https:\/\/go4x4.eu\/wp-content\/uploads\/2021\/09\/cropped-LOGO-GO4x4-EU-CZARNE-png.png","contentUrl":"https:\/\/go4x4.eu\/wp-content\/uploads\/2021\/09\/cropped-LOGO-GO4x4-EU-CZARNE-png.png","width":980,"height":226,"caption":"Go4x4 Offroad Center"},"image":{"@id":"https:\/\/go4x4.eu\/de\/#\/schema\/logo\/image\/"},"sameAs":["https:\/\/www.facebook.com\/Go4x4.eu\/","https:\/\/www.tiktok.com\/@go4x4eu","https:\/\/www.instagram.com\/go4x4.eu\/"]}]}},"_links":{"self":[{"href":"https:\/\/go4x4.eu\/de\/wp-json\/wp\/v2\/product\/39264","targetHints":{"allow":["GET"]}}],"collection":[{"href":"https:\/\/go4x4.eu\/de\/wp-json\/wp\/v2\/product"}],"about":[{"href":"https:\/\/go4x4.eu\/de\/wp-json\/wp\/v2\/types\/product"}],"replies":[{"embeddable":true,"href":"https:\/\/go4x4.eu\/de\/wp-json\/wp\/v2\/comments?post=39264"}],"wp:featuredmedia":[{"embeddable":true,"href":"https:\/\/go4x4.eu\/de\/wp-json\/wp\/v2\/media\/14636"}],"wp:attachment":[{"href":"https:\/\/go4x4.eu\/de\/wp-json\/wp\/v2\/media?parent=39264"}],"wp:term":[{"taxonomy":"product_brand","embeddable":true,"href":"https:\/\/go4x4.eu\/de\/wp-json\/wp\/v2\/product_brand?post=39264"},{"taxonomy":"product_cat","embeddable":true,"href":"https:\/\/go4x4.eu\/de\/wp-json\/wp\/v2\/product_cat?post=39264"},{"taxonomy":"product_tag","embeddable":true,"href":"https:\/\/go4x4.eu\/de\/wp-json\/wp\/v2\/product_tag?post=39264"}],"curies":[{"name":"wp","href":"https:\/\/api.w.org\/{rel}","templated":true}]}}