{"id":491749,"date":"2026-02-17T10:32:41","date_gmt":"2026-02-17T09:32:41","guid":{"rendered":"https:\/\/go4x4.eu\/p\/dub-felge-pull-24x10-5x115-120-74-15-schwarz\/"},"modified":"2026-02-17T12:41:51","modified_gmt":"2026-02-17T11:41:51","slug":"dub-felge-pull-24x10-5x115-120-74-15-schwarz","status":"publish","type":"product","link":"https:\/\/go4x4.eu\/de\/p\/dub-felge-pull-24x10-5x115-120-74-15-schwarz\/","title":{"rendered":"DUB: Felge PULL 24X10 5X115\/120 74 +15 Schwarz"},"content":{"rendered":"<p>Design: DC273 PULL<br \/>\nDurchmesser: 24&#8243;<br \/>\nBreite: 10&#8243;<br \/>\nLochkreis: 5X115\/5X120 (5X115\/120)<br \/>\nET (mm): 15<br \/>\nZentrierbohrung (mm): 74.10<br \/>\nFarbe: Schwarz<br \/>\nOberfl\u00e4che: schwarz gl\u00e4nzend gefr\u00e4st<br \/>\nTraglast (kg): 1133.0<br \/>\nFelgengewicht (kg): 24.9<br \/>\nVersandgewicht (kg): 27.6<br \/>\nBead-lock: nein<br \/>\nTPMS kompatibel: ja<br \/>\nMaterial: Cast Aluminum<br \/>\nT\u00dcV-Zertifikat: nein<\/p>\n","protected":false},"excerpt":{"rendered":"<p>Design: DC273 PULL Durchmesser: 24&#8243; Breite: 10&#8243; Lochkreis: 5X115\/5X120 (5X115\/120) ET (mm): 15 Zentrierbohrung (mm): 74.10 Farbe: Schwarz Oberfl\u00e4che: schwarz gl\u00e4nzend gefr\u00e4st Traglast (kg): 1133.0 Felgengewicht (kg): 24.9 Versandgewicht (kg): 27.6 Bead-lock: nein TPMS kompatibel: ja Material: Cast Aluminum T\u00dcV-Zertifikat: nein<\/p>\n","protected":false},"featured_media":477015,"comment_status":"open","ping_status":"closed","template":"","meta":{"_acf_changed":false},"product_brand":[],"product_cat":[1442],"product_tag":[6545],"class_list":{"0":"post-491749","1":"product","2":"type-product","3":"status-publish","4":"has-post-thumbnail","6":"product_cat-felgen","7":"product_tag-extwhs","8":"pa_bead-lock-nein-de","9":"pa_kolor-felgi-schwarz-de","10":"pa_odsadzenie-et-15-de","11":"pa_otwor-centralny-74-10-de","12":"pa_producent-dub-de","13":"pa_rozstaw-srub-5x120-de","14":"pa_rozstaw-srub-5x115-de","15":"pa_seria-produktu-dc273-pull-de","16":"pa_srednica-24-de","17":"pa_szerokosc-10-de","18":"pa_tuv-nein-de","20":"first","21":"instock","22":"taxable","23":"shipping-taxable","24":"purchasable","25":"product-type-simple"},"acf":[],"yoast_head":"<!-- This site is optimized with the Yoast SEO plugin v27.1.1 - https:\/\/yoast.com\/product\/yoast-seo-wordpress\/ -->\n<title>DUB: Felge PULL 24X10 5X115\/120 74 +15 Schwarz - Go4x4 - Autorisierter Teraflex-H\u00e4ndler<\/title>\n<meta name=\"robots\" content=\"index, follow, max-snippet:-1, max-image-preview:large, max-video-preview:-1\" \/>\n<link rel=\"canonical\" href=\"https:\/\/go4x4.eu\/de\/p\/dub-felge-pull-24x10-5x115-120-74-15-schwarz\/\" \/>\n<meta property=\"og:locale\" content=\"de_DE\" \/>\n<meta property=\"og:type\" content=\"article\" \/>\n<meta property=\"og:title\" content=\"DUB: Felge PULL 24X10 5X115\/120 74 +15 Schwarz - Go4x4 - Autorisierter Teraflex-H\u00e4ndler\" \/>\n<meta property=\"og:description\" content=\"Design: DC273 PULL Durchmesser: 24&#8243; Breite: 10&#8243; Lochkreis: 5X115\/5X120 (5X115\/120) ET (mm): 15 Zentrierbohrung (mm): 74.10 Farbe: Schwarz Oberfl\u00e4che: schwarz gl\u00e4nzend gefr\u00e4st Traglast (kg): 1133.0 Felgengewicht (kg): 24.9 Versandgewicht (kg): 27.6 Bead-lock: nein TPMS kompatibel: ja Material: Cast Aluminum T\u00dcV-Zertifikat: nein\" \/>\n<meta property=\"og:url\" content=\"https:\/\/go4x4.eu\/de\/p\/dub-felge-pull-24x10-5x115-120-74-15-schwarz\/\" \/>\n<meta property=\"og:site_name\" content=\"Go4x4 - Autorisierter Teraflex-H\u00e4ndler\" \/>\n<meta property=\"article:publisher\" content=\"https:\/\/www.facebook.com\/Go4x4.eu\/\" \/>\n<meta property=\"article:modified_time\" content=\"2026-02-17T11:41:51+00:00\" \/>\n<meta property=\"og:image\" content=\"https:\/\/go4x4.eu\/wp-content\/uploads\/2024\/08\/Strona-glowna.png\" \/>\n\t<meta property=\"og:image:width\" content=\"1200\" \/>\n\t<meta property=\"og:image:height\" content=\"675\" \/>\n\t<meta property=\"og:image:type\" content=\"image\/png\" \/>\n<meta name=\"twitter:card\" content=\"summary_large_image\" \/>\n<script type=\"application\/ld+json\" class=\"yoast-schema-graph\">{\"@context\":\"https:\/\/schema.org\",\"@graph\":[{\"@type\":\"WebPage\",\"@id\":\"https:\/\/go4x4.eu\/de\/p\/dub-felge-pull-24x10-5x115-120-74-15-schwarz\/\",\"url\":\"https:\/\/go4x4.eu\/de\/p\/dub-felge-pull-24x10-5x115-120-74-15-schwarz\/\",\"name\":\"DUB: Felge PULL 24X10 5X115\/120 74 +15 Schwarz - Go4x4 - Autorisierter Teraflex-H\u00e4ndler\",\"isPartOf\":{\"@id\":\"https:\/\/go4x4.eu\/de\/#website\"},\"primaryImageOfPage\":{\"@id\":\"https:\/\/go4x4.eu\/de\/p\/dub-felge-pull-24x10-5x115-120-74-15-schwarz\/#primaryimage\"},\"image\":{\"@id\":\"https:\/\/go4x4.eu\/de\/p\/dub-felge-pull-24x10-5x115-120-74-15-schwarz\/#primaryimage\"},\"thumbnailUrl\":\"https:\/\/cdn.go4x4.eu\/cdn-cgi\/image\/width=1000;height=1000;fit=cover\/dub-felge-pull-24x10-5x115-120-74-15-schwarz.png\",\"datePublished\":\"2026-02-17T09:32:41+00:00\",\"dateModified\":\"2026-02-17T11:41:51+00:00\",\"breadcrumb\":{\"@id\":\"https:\/\/go4x4.eu\/de\/p\/dub-felge-pull-24x10-5x115-120-74-15-schwarz\/#breadcrumb\"},\"inLanguage\":\"de\",\"potentialAction\":[{\"@type\":\"ReadAction\",\"target\":[\"https:\/\/go4x4.eu\/de\/p\/dub-felge-pull-24x10-5x115-120-74-15-schwarz\/\"]}]},{\"@type\":\"ImageObject\",\"inLanguage\":\"de\",\"@id\":\"https:\/\/go4x4.eu\/de\/p\/dub-felge-pull-24x10-5x115-120-74-15-schwarz\/#primaryimage\",\"url\":\"https:\/\/cdn.go4x4.eu\/cdn-cgi\/image\/width=1000;height=1000;fit=cover\/dub-felge-pull-24x10-5x115-120-74-15-schwarz.png\",\"contentUrl\":\"https:\/\/cdn.go4x4.eu\/cdn-cgi\/image\/width=1000;height=1000;fit=cover\/dub-felge-pull-24x10-5x115-120-74-15-schwarz.png\",\"width\":1000,\"height\":1000,\"caption\":\"DUB: Felge PULL 24X10 5X115\/120 74 +15 Schwarz\"},{\"@type\":\"BreadcrumbList\",\"@id\":\"https:\/\/go4x4.eu\/de\/p\/dub-felge-pull-24x10-5x115-120-74-15-schwarz\/#breadcrumb\",\"itemListElement\":[{\"@type\":\"ListItem\",\"position\":1,\"name\":\"Strona g\u0142\u00f3wna\",\"item\":\"https:\/\/go4x4.eu\/de\/\"},{\"@type\":\"ListItem\",\"position\":2,\"name\":\"Speichern\",\"item\":\"https:\/\/go4x4.eu\/de\/speichern\/\"},{\"@type\":\"ListItem\",\"position\":3,\"name\":\"DUB: Felge PULL 24X10 5X115\/120 74 +15 Schwarz\"}]},{\"@type\":\"WebSite\",\"@id\":\"https:\/\/go4x4.eu\/de\/#website\",\"url\":\"https:\/\/go4x4.eu\/de\/\",\"name\":\"Go4x4 Offroad Center\",\"description\":\"Teraflex | Metalcloak | Baja Designs | Synergy | Maximus-3\",\"publisher\":{\"@id\":\"https:\/\/go4x4.eu\/de\/#organization\"},\"potentialAction\":[{\"@type\":\"SearchAction\",\"target\":{\"@type\":\"EntryPoint\",\"urlTemplate\":\"https:\/\/go4x4.eu\/de\/?s={search_term_string}\"},\"query-input\":{\"@type\":\"PropertyValueSpecification\",\"valueRequired\":true,\"valueName\":\"search_term_string\"}}],\"inLanguage\":\"de\"},{\"@type\":\"Organization\",\"@id\":\"https:\/\/go4x4.eu\/de\/#organization\",\"name\":\"Go4x4 Offroad Center\",\"url\":\"https:\/\/go4x4.eu\/de\/\",\"logo\":{\"@type\":\"ImageObject\",\"inLanguage\":\"de\",\"@id\":\"https:\/\/go4x4.eu\/de\/#\/schema\/logo\/image\/\",\"url\":\"https:\/\/go4x4.eu\/wp-content\/uploads\/2021\/09\/cropped-LOGO-GO4x4-EU-CZARNE-png.png\",\"contentUrl\":\"https:\/\/go4x4.eu\/wp-content\/uploads\/2021\/09\/cropped-LOGO-GO4x4-EU-CZARNE-png.png\",\"width\":980,\"height\":226,\"caption\":\"Go4x4 Offroad Center\"},\"image\":{\"@id\":\"https:\/\/go4x4.eu\/de\/#\/schema\/logo\/image\/\"},\"sameAs\":[\"https:\/\/www.facebook.com\/Go4x4.eu\/\",\"https:\/\/www.tiktok.com\/@go4x4eu\",\"https:\/\/www.instagram.com\/go4x4.eu\/\"]}]}<\/script>\n<!-- \/ Yoast SEO plugin. -->","yoast_head_json":{"title":"DUB: Felge PULL 24X10 5X115\/120 74 +15 Schwarz - Go4x4 - Autorisierter Teraflex-H\u00e4ndler","robots":{"index":"index","follow":"follow","max-snippet":"max-snippet:-1","max-image-preview":"max-image-preview:large","max-video-preview":"max-video-preview:-1"},"canonical":"https:\/\/go4x4.eu\/de\/p\/dub-felge-pull-24x10-5x115-120-74-15-schwarz\/","og_locale":"de_DE","og_type":"article","og_title":"DUB: Felge PULL 24X10 5X115\/120 74 +15 Schwarz - Go4x4 - Autorisierter Teraflex-H\u00e4ndler","og_description":"Design: DC273 PULL Durchmesser: 24&#8243; Breite: 10&#8243; Lochkreis: 5X115\/5X120 (5X115\/120) ET (mm): 15 Zentrierbohrung (mm): 74.10 Farbe: Schwarz Oberfl\u00e4che: schwarz gl\u00e4nzend gefr\u00e4st Traglast (kg): 1133.0 Felgengewicht (kg): 24.9 Versandgewicht (kg): 27.6 Bead-lock: nein TPMS kompatibel: ja Material: Cast Aluminum T\u00dcV-Zertifikat: nein","og_url":"https:\/\/go4x4.eu\/de\/p\/dub-felge-pull-24x10-5x115-120-74-15-schwarz\/","og_site_name":"Go4x4 - Autorisierter Teraflex-H\u00e4ndler","article_publisher":"https:\/\/www.facebook.com\/Go4x4.eu\/","article_modified_time":"2026-02-17T11:41:51+00:00","og_image":[{"width":1200,"height":675,"url":"https:\/\/go4x4.eu\/wp-content\/uploads\/2024\/08\/Strona-glowna.png","type":"image\/png"}],"twitter_card":"summary_large_image","schema":{"@context":"https:\/\/schema.org","@graph":[{"@type":"WebPage","@id":"https:\/\/go4x4.eu\/de\/p\/dub-felge-pull-24x10-5x115-120-74-15-schwarz\/","url":"https:\/\/go4x4.eu\/de\/p\/dub-felge-pull-24x10-5x115-120-74-15-schwarz\/","name":"DUB: Felge PULL 24X10 5X115\/120 74 +15 Schwarz - Go4x4 - Autorisierter Teraflex-H\u00e4ndler","isPartOf":{"@id":"https:\/\/go4x4.eu\/de\/#website"},"primaryImageOfPage":{"@id":"https:\/\/go4x4.eu\/de\/p\/dub-felge-pull-24x10-5x115-120-74-15-schwarz\/#primaryimage"},"image":{"@id":"https:\/\/go4x4.eu\/de\/p\/dub-felge-pull-24x10-5x115-120-74-15-schwarz\/#primaryimage"},"thumbnailUrl":"https:\/\/cdn.go4x4.eu\/cdn-cgi\/image\/width=1000;height=1000;fit=cover\/dub-felge-pull-24x10-5x115-120-74-15-schwarz.png","datePublished":"2026-02-17T09:32:41+00:00","dateModified":"2026-02-17T11:41:51+00:00","breadcrumb":{"@id":"https:\/\/go4x4.eu\/de\/p\/dub-felge-pull-24x10-5x115-120-74-15-schwarz\/#breadcrumb"},"inLanguage":"de","potentialAction":[{"@type":"ReadAction","target":["https:\/\/go4x4.eu\/de\/p\/dub-felge-pull-24x10-5x115-120-74-15-schwarz\/"]}]},{"@type":"ImageObject","inLanguage":"de","@id":"https:\/\/go4x4.eu\/de\/p\/dub-felge-pull-24x10-5x115-120-74-15-schwarz\/#primaryimage","url":"https:\/\/cdn.go4x4.eu\/cdn-cgi\/image\/width=1000;height=1000;fit=cover\/dub-felge-pull-24x10-5x115-120-74-15-schwarz.png","contentUrl":"https:\/\/cdn.go4x4.eu\/cdn-cgi\/image\/width=1000;height=1000;fit=cover\/dub-felge-pull-24x10-5x115-120-74-15-schwarz.png","width":1000,"height":1000,"caption":"DUB: Felge PULL 24X10 5X115\/120 74 +15 Schwarz"},{"@type":"BreadcrumbList","@id":"https:\/\/go4x4.eu\/de\/p\/dub-felge-pull-24x10-5x115-120-74-15-schwarz\/#breadcrumb","itemListElement":[{"@type":"ListItem","position":1,"name":"Strona g\u0142\u00f3wna","item":"https:\/\/go4x4.eu\/de\/"},{"@type":"ListItem","position":2,"name":"Speichern","item":"https:\/\/go4x4.eu\/de\/speichern\/"},{"@type":"ListItem","position":3,"name":"DUB: Felge PULL 24X10 5X115\/120 74 +15 Schwarz"}]},{"@type":"WebSite","@id":"https:\/\/go4x4.eu\/de\/#website","url":"https:\/\/go4x4.eu\/de\/","name":"Go4x4 Offroad Center","description":"Teraflex | Metalcloak | Baja Designs | Synergy | Maximus-3","publisher":{"@id":"https:\/\/go4x4.eu\/de\/#organization"},"potentialAction":[{"@type":"SearchAction","target":{"@type":"EntryPoint","urlTemplate":"https:\/\/go4x4.eu\/de\/?s={search_term_string}"},"query-input":{"@type":"PropertyValueSpecification","valueRequired":true,"valueName":"search_term_string"}}],"inLanguage":"de"},{"@type":"Organization","@id":"https:\/\/go4x4.eu\/de\/#organization","name":"Go4x4 Offroad Center","url":"https:\/\/go4x4.eu\/de\/","logo":{"@type":"ImageObject","inLanguage":"de","@id":"https:\/\/go4x4.eu\/de\/#\/schema\/logo\/image\/","url":"https:\/\/go4x4.eu\/wp-content\/uploads\/2021\/09\/cropped-LOGO-GO4x4-EU-CZARNE-png.png","contentUrl":"https:\/\/go4x4.eu\/wp-content\/uploads\/2021\/09\/cropped-LOGO-GO4x4-EU-CZARNE-png.png","width":980,"height":226,"caption":"Go4x4 Offroad Center"},"image":{"@id":"https:\/\/go4x4.eu\/de\/#\/schema\/logo\/image\/"},"sameAs":["https:\/\/www.facebook.com\/Go4x4.eu\/","https:\/\/www.tiktok.com\/@go4x4eu","https:\/\/www.instagram.com\/go4x4.eu\/"]}]}},"_links":{"self":[{"href":"https:\/\/go4x4.eu\/de\/wp-json\/wp\/v2\/product\/491749","targetHints":{"allow":["GET"]}}],"collection":[{"href":"https:\/\/go4x4.eu\/de\/wp-json\/wp\/v2\/product"}],"about":[{"href":"https:\/\/go4x4.eu\/de\/wp-json\/wp\/v2\/types\/product"}],"replies":[{"embeddable":true,"href":"https:\/\/go4x4.eu\/de\/wp-json\/wp\/v2\/comments?post=491749"}],"wp:featuredmedia":[{"embeddable":true,"href":"https:\/\/go4x4.eu\/de\/wp-json\/wp\/v2\/media\/477015"}],"wp:attachment":[{"href":"https:\/\/go4x4.eu\/de\/wp-json\/wp\/v2\/media?parent=491749"}],"wp:term":[{"taxonomy":"product_brand","embeddable":true,"href":"https:\/\/go4x4.eu\/de\/wp-json\/wp\/v2\/product_brand?post=491749"},{"taxonomy":"product_cat","embeddable":true,"href":"https:\/\/go4x4.eu\/de\/wp-json\/wp\/v2\/product_cat?post=491749"},{"taxonomy":"product_tag","embeddable":true,"href":"https:\/\/go4x4.eu\/de\/wp-json\/wp\/v2\/product_tag?post=491749"}],"curies":[{"name":"wp","href":"https:\/\/api.w.org\/{rel}","templated":true}]}}