{"id":84174,"date":"2024-02-05T16:58:40","date_gmt":"2024-02-05T15:58:40","guid":{"rendered":"https:\/\/go4x4.eu\/p\/teraflex-jk-4dr-polka-do-bagaznika-wasatch-srebrny-rails\/"},"modified":"2024-10-04T19:14:34","modified_gmt":"2024-10-04T17:14:34","slug":"teraflex-jk-4dr-wasatch-heckgep-cktr-ger-silberne-schiene","status":"publish","type":"product","link":"https:\/\/go4x4.eu\/de\/p\/teraflex-jk-4dr-wasatch-heckgep-cktr-ger-silberne-schiene\/","title":{"rendered":"Teraflex: JK 4dr: Wasatch Heckgep\u00e4cktr\u00e4ger &#8211; Silberne Schiene"},"content":{"rendered":"<p>Der TeraFlex JK 4dr: Wasatch Rear Cargo Rack bietet zus\u00e4tzliche Ablagem\u00f6glichkeiten, um die Ladung zu organisieren und zu sichern. <\/p>\n<p>Inspiriert durch das Nebo Dachgep\u00e4cktr\u00e4gersystem bietet der hintere Gep\u00e4cktr\u00e4ger universelle Kompatibilit\u00e4t bei der Montage von Zubeh\u00f6r. <\/p>\n<p>Die Schienen aus stranggepresstem Aluminium sind mit den branchen\u00fcblichen T-Nut-Halterungen der 10er-Serie ausgestattet, die sich leicht mit den verf\u00fcgbaren Befestigungselementen f\u00fcr Kleinzubeh\u00f6r oder Bergungsausr\u00fcstung verbinden lassen.<\/p>\n<p><\/br><\/br><b>Beinhaltet:<\/b><\/br>&#8211; Heckgep\u00e4cktr\u00e4ger<br \/>\n&#8211; Alle erforderlichen Teile<\/br> Passend f\u00fcr<b>:<\/b><\/br>&#8211; JK Wrangler Unlimited (4-t\u00fcrig) nur Hardtop-Modell<\/p>\n<p><\/br><b>Einbauzeit:<\/b>1 Stunde<\/br><b>Garantie:<\/b>Lebenslang<\/p>\n","protected":false},"excerpt":{"rendered":"<p>Der Wasatch Heckgep\u00e4cktr\u00e4ger bietet zus\u00e4tzliche Ablagem\u00f6glichkeiten, um die Ladung im hinteren Laderaum zu organisieren und zu sichern. Zu den Merkmalen geh\u00f6ren die verstellbare H\u00f6he und die standardm\u00e4\u00dfigen T-Nut-Halterungen der 10er-Serie.<\/p>\n","protected":false},"featured_media":68337,"comment_status":"open","ping_status":"closed","template":"","meta":{"_acf_changed":false},"product_brand":[],"product_cat":[5168],"product_tag":[],"class_list":{"0":"post-84174","1":"product","2":"type-product","3":"status-publish","4":"has-post-thumbnail","6":"product_cat-lagerausruestung","7":"pa_model-pojazdu-wrangler-de","8":"pa_producent-teraflex-de","9":"pa_producent-pojazdu-jeep-de","10":"pa_rok-produkcji-2007-de","11":"pa_rok-produkcji-2008-de","12":"pa_rok-produkcji-2009-de","13":"pa_rok-produkcji-2010-de","14":"pa_rok-produkcji-2011-de","15":"pa_rok-produkcji-2012-de","16":"pa_rok-produkcji-2013-de","17":"pa_rok-produkcji-2014-de","18":"pa_rok-produkcji-2015-de","19":"pa_rok-produkcji-2016-de","20":"pa_rok-produkcji-2017-de","21":"pa_rok-produkcji-2018-de","22":"pa_wersja-silnikowa-3-6l-de","23":"pa_wersja-silnikowa-2-8d-de","24":"pa_wersja-wyposazenia-unlimited-rubicon-4d-de","25":"pa_wersja-wyposazenia-unlimited-sahara-4d-de","26":"pa_wersja-wyposazenia-unlimited-sport-4d-de","28":"first","29":"outofstock","30":"taxable","31":"shipping-taxable","32":"purchasable","33":"product-type-simple"},"acf":[],"yoast_head":"<!-- This site is optimized with the Yoast SEO plugin v27.1.1 - https:\/\/yoast.com\/product\/yoast-seo-wordpress\/ -->\n<title>Teraflex: JK 4dr: Wasatch Heckgep\u00e4cktr\u00e4ger - Silberne Schiene - Go4x4 - Autorisierter Teraflex-H\u00e4ndler<\/title>\n<meta name=\"robots\" content=\"index, follow, max-snippet:-1, max-image-preview:large, max-video-preview:-1\" \/>\n<link rel=\"canonical\" href=\"https:\/\/go4x4.eu\/de\/p\/teraflex-jk-4dr-wasatch-heckgep-cktr-ger-silberne-schiene\/\" \/>\n<meta property=\"og:locale\" content=\"de_DE\" \/>\n<meta property=\"og:type\" content=\"article\" \/>\n<meta property=\"og:title\" content=\"Teraflex: JK 4dr: Wasatch Heckgep\u00e4cktr\u00e4ger - Silberne Schiene - Go4x4 - Autorisierter Teraflex-H\u00e4ndler\" \/>\n<meta property=\"og:description\" content=\"Der Wasatch Heckgep\u00e4cktr\u00e4ger bietet zus\u00e4tzliche Ablagem\u00f6glichkeiten, um die Ladung im hinteren Laderaum zu organisieren und zu sichern. Zu den Merkmalen geh\u00f6ren die verstellbare H\u00f6he und die standardm\u00e4\u00dfigen T-Nut-Halterungen der 10er-Serie.\" \/>\n<meta property=\"og:url\" content=\"https:\/\/go4x4.eu\/de\/p\/teraflex-jk-4dr-wasatch-heckgep-cktr-ger-silberne-schiene\/\" \/>\n<meta property=\"og:site_name\" content=\"Go4x4 - Autorisierter Teraflex-H\u00e4ndler\" \/>\n<meta property=\"article:publisher\" content=\"https:\/\/www.facebook.com\/Go4x4.eu\/\" \/>\n<meta property=\"article:modified_time\" content=\"2024-10-04T17:14:34+00:00\" \/>\n<meta property=\"og:image\" content=\"https:\/\/go4x4.eu\/wp-content\/uploads\/2024\/08\/Strona-glowna.png\" \/>\n\t<meta property=\"og:image:width\" content=\"1200\" \/>\n\t<meta property=\"og:image:height\" content=\"675\" \/>\n\t<meta property=\"og:image:type\" content=\"image\/png\" \/>\n<meta name=\"twitter:card\" content=\"summary_large_image\" \/>\n<script type=\"application\/ld+json\" class=\"yoast-schema-graph\">{\"@context\":\"https:\/\/schema.org\",\"@graph\":[{\"@type\":\"WebPage\",\"@id\":\"https:\/\/go4x4.eu\/de\/p\/teraflex-jk-4dr-wasatch-heckgep-cktr-ger-silberne-schiene\/\",\"url\":\"https:\/\/go4x4.eu\/de\/p\/teraflex-jk-4dr-wasatch-heckgep-cktr-ger-silberne-schiene\/\",\"name\":\"Teraflex: JK 4dr: Wasatch Heckgep\u00e4cktr\u00e4ger - Silberne Schiene - Go4x4 - Autorisierter Teraflex-H\u00e4ndler\",\"isPartOf\":{\"@id\":\"https:\/\/go4x4.eu\/de\/#website\"},\"primaryImageOfPage\":{\"@id\":\"https:\/\/go4x4.eu\/de\/p\/teraflex-jk-4dr-wasatch-heckgep-cktr-ger-silberne-schiene\/#primaryimage\"},\"image\":{\"@id\":\"https:\/\/go4x4.eu\/de\/p\/teraflex-jk-4dr-wasatch-heckgep-cktr-ger-silberne-schiene\/#primaryimage\"},\"thumbnailUrl\":\"https:\/\/cdn.go4x4.eu\/cdn-cgi\/image\/width=1500;height=882;fit=cover\/teraflex-jk-4dr-wasatch-heckgep-cktr-ger-silberne-schiene.jpg\",\"datePublished\":\"2024-02-05T15:58:40+00:00\",\"dateModified\":\"2024-10-04T17:14:34+00:00\",\"breadcrumb\":{\"@id\":\"https:\/\/go4x4.eu\/de\/p\/teraflex-jk-4dr-wasatch-heckgep-cktr-ger-silberne-schiene\/#breadcrumb\"},\"inLanguage\":\"de\",\"potentialAction\":[{\"@type\":\"ReadAction\",\"target\":[\"https:\/\/go4x4.eu\/de\/p\/teraflex-jk-4dr-wasatch-heckgep-cktr-ger-silberne-schiene\/\"]}]},{\"@type\":\"ImageObject\",\"inLanguage\":\"de\",\"@id\":\"https:\/\/go4x4.eu\/de\/p\/teraflex-jk-4dr-wasatch-heckgep-cktr-ger-silberne-schiene\/#primaryimage\",\"url\":\"https:\/\/cdn.go4x4.eu\/cdn-cgi\/image\/width=1500;height=882;fit=cover\/teraflex-jk-4dr-wasatch-heckgep-cktr-ger-silberne-schiene.jpg\",\"contentUrl\":\"https:\/\/cdn.go4x4.eu\/cdn-cgi\/image\/width=1500;height=882;fit=cover\/teraflex-jk-4dr-wasatch-heckgep-cktr-ger-silberne-schiene.jpg\",\"width\":1500,\"height\":882,\"caption\":\"Teraflex: JK 4dr: Wasatch Heckgep\u00e4cktr\u00e4ger - Silberne Schiene\"},{\"@type\":\"BreadcrumbList\",\"@id\":\"https:\/\/go4x4.eu\/de\/p\/teraflex-jk-4dr-wasatch-heckgep-cktr-ger-silberne-schiene\/#breadcrumb\",\"itemListElement\":[{\"@type\":\"ListItem\",\"position\":1,\"name\":\"Strona g\u0142\u00f3wna\",\"item\":\"https:\/\/go4x4.eu\/de\/\"},{\"@type\":\"ListItem\",\"position\":2,\"name\":\"Speichern\",\"item\":\"https:\/\/go4x4.eu\/de\/speichern\/\"},{\"@type\":\"ListItem\",\"position\":3,\"name\":\"Teraflex: JK 4dr: p\u00f3\u0142ka do baga\u017cnika Wasatch \u2013 srebrny Rails\"}]},{\"@type\":\"WebSite\",\"@id\":\"https:\/\/go4x4.eu\/de\/#website\",\"url\":\"https:\/\/go4x4.eu\/de\/\",\"name\":\"Go4x4 Offroad Center\",\"description\":\"Teraflex | Metalcloak | Baja Designs | Synergy | Maximus-3\",\"publisher\":{\"@id\":\"https:\/\/go4x4.eu\/de\/#organization\"},\"potentialAction\":[{\"@type\":\"SearchAction\",\"target\":{\"@type\":\"EntryPoint\",\"urlTemplate\":\"https:\/\/go4x4.eu\/de\/?s={search_term_string}\"},\"query-input\":{\"@type\":\"PropertyValueSpecification\",\"valueRequired\":true,\"valueName\":\"search_term_string\"}}],\"inLanguage\":\"de\"},{\"@type\":\"Organization\",\"@id\":\"https:\/\/go4x4.eu\/de\/#organization\",\"name\":\"Go4x4 Offroad Center\",\"url\":\"https:\/\/go4x4.eu\/de\/\",\"logo\":{\"@type\":\"ImageObject\",\"inLanguage\":\"de\",\"@id\":\"https:\/\/go4x4.eu\/de\/#\/schema\/logo\/image\/\",\"url\":\"https:\/\/go4x4.eu\/wp-content\/uploads\/2021\/09\/cropped-LOGO-GO4x4-EU-CZARNE-png.png\",\"contentUrl\":\"https:\/\/go4x4.eu\/wp-content\/uploads\/2021\/09\/cropped-LOGO-GO4x4-EU-CZARNE-png.png\",\"width\":980,\"height\":226,\"caption\":\"Go4x4 Offroad Center\"},\"image\":{\"@id\":\"https:\/\/go4x4.eu\/de\/#\/schema\/logo\/image\/\"},\"sameAs\":[\"https:\/\/www.facebook.com\/Go4x4.eu\/\",\"https:\/\/www.tiktok.com\/@go4x4eu\",\"https:\/\/www.instagram.com\/go4x4.eu\/\"]}]}<\/script>\n<!-- \/ Yoast SEO plugin. -->","yoast_head_json":{"title":"Teraflex: JK 4dr: Wasatch Heckgep\u00e4cktr\u00e4ger - Silberne Schiene - Go4x4 - Autorisierter Teraflex-H\u00e4ndler","robots":{"index":"index","follow":"follow","max-snippet":"max-snippet:-1","max-image-preview":"max-image-preview:large","max-video-preview":"max-video-preview:-1"},"canonical":"https:\/\/go4x4.eu\/de\/p\/teraflex-jk-4dr-wasatch-heckgep-cktr-ger-silberne-schiene\/","og_locale":"de_DE","og_type":"article","og_title":"Teraflex: JK 4dr: Wasatch Heckgep\u00e4cktr\u00e4ger - Silberne Schiene - Go4x4 - Autorisierter Teraflex-H\u00e4ndler","og_description":"Der Wasatch Heckgep\u00e4cktr\u00e4ger bietet zus\u00e4tzliche Ablagem\u00f6glichkeiten, um die Ladung im hinteren Laderaum zu organisieren und zu sichern. Zu den Merkmalen geh\u00f6ren die verstellbare H\u00f6he und die standardm\u00e4\u00dfigen T-Nut-Halterungen der 10er-Serie.","og_url":"https:\/\/go4x4.eu\/de\/p\/teraflex-jk-4dr-wasatch-heckgep-cktr-ger-silberne-schiene\/","og_site_name":"Go4x4 - Autorisierter Teraflex-H\u00e4ndler","article_publisher":"https:\/\/www.facebook.com\/Go4x4.eu\/","article_modified_time":"2024-10-04T17:14:34+00:00","og_image":[{"width":1200,"height":675,"url":"https:\/\/go4x4.eu\/wp-content\/uploads\/2024\/08\/Strona-glowna.png","type":"image\/png"}],"twitter_card":"summary_large_image","schema":{"@context":"https:\/\/schema.org","@graph":[{"@type":"WebPage","@id":"https:\/\/go4x4.eu\/de\/p\/teraflex-jk-4dr-wasatch-heckgep-cktr-ger-silberne-schiene\/","url":"https:\/\/go4x4.eu\/de\/p\/teraflex-jk-4dr-wasatch-heckgep-cktr-ger-silberne-schiene\/","name":"Teraflex: JK 4dr: Wasatch Heckgep\u00e4cktr\u00e4ger - Silberne Schiene - Go4x4 - Autorisierter Teraflex-H\u00e4ndler","isPartOf":{"@id":"https:\/\/go4x4.eu\/de\/#website"},"primaryImageOfPage":{"@id":"https:\/\/go4x4.eu\/de\/p\/teraflex-jk-4dr-wasatch-heckgep-cktr-ger-silberne-schiene\/#primaryimage"},"image":{"@id":"https:\/\/go4x4.eu\/de\/p\/teraflex-jk-4dr-wasatch-heckgep-cktr-ger-silberne-schiene\/#primaryimage"},"thumbnailUrl":"https:\/\/cdn.go4x4.eu\/cdn-cgi\/image\/width=1500;height=882;fit=cover\/teraflex-jk-4dr-wasatch-heckgep-cktr-ger-silberne-schiene.jpg","datePublished":"2024-02-05T15:58:40+00:00","dateModified":"2024-10-04T17:14:34+00:00","breadcrumb":{"@id":"https:\/\/go4x4.eu\/de\/p\/teraflex-jk-4dr-wasatch-heckgep-cktr-ger-silberne-schiene\/#breadcrumb"},"inLanguage":"de","potentialAction":[{"@type":"ReadAction","target":["https:\/\/go4x4.eu\/de\/p\/teraflex-jk-4dr-wasatch-heckgep-cktr-ger-silberne-schiene\/"]}]},{"@type":"ImageObject","inLanguage":"de","@id":"https:\/\/go4x4.eu\/de\/p\/teraflex-jk-4dr-wasatch-heckgep-cktr-ger-silberne-schiene\/#primaryimage","url":"https:\/\/cdn.go4x4.eu\/cdn-cgi\/image\/width=1500;height=882;fit=cover\/teraflex-jk-4dr-wasatch-heckgep-cktr-ger-silberne-schiene.jpg","contentUrl":"https:\/\/cdn.go4x4.eu\/cdn-cgi\/image\/width=1500;height=882;fit=cover\/teraflex-jk-4dr-wasatch-heckgep-cktr-ger-silberne-schiene.jpg","width":1500,"height":882,"caption":"Teraflex: JK 4dr: Wasatch Heckgep\u00e4cktr\u00e4ger - Silberne Schiene"},{"@type":"BreadcrumbList","@id":"https:\/\/go4x4.eu\/de\/p\/teraflex-jk-4dr-wasatch-heckgep-cktr-ger-silberne-schiene\/#breadcrumb","itemListElement":[{"@type":"ListItem","position":1,"name":"Strona g\u0142\u00f3wna","item":"https:\/\/go4x4.eu\/de\/"},{"@type":"ListItem","position":2,"name":"Speichern","item":"https:\/\/go4x4.eu\/de\/speichern\/"},{"@type":"ListItem","position":3,"name":"Teraflex: JK 4dr: p\u00f3\u0142ka do baga\u017cnika Wasatch \u2013 srebrny Rails"}]},{"@type":"WebSite","@id":"https:\/\/go4x4.eu\/de\/#website","url":"https:\/\/go4x4.eu\/de\/","name":"Go4x4 Offroad Center","description":"Teraflex | Metalcloak | Baja Designs | Synergy | Maximus-3","publisher":{"@id":"https:\/\/go4x4.eu\/de\/#organization"},"potentialAction":[{"@type":"SearchAction","target":{"@type":"EntryPoint","urlTemplate":"https:\/\/go4x4.eu\/de\/?s={search_term_string}"},"query-input":{"@type":"PropertyValueSpecification","valueRequired":true,"valueName":"search_term_string"}}],"inLanguage":"de"},{"@type":"Organization","@id":"https:\/\/go4x4.eu\/de\/#organization","name":"Go4x4 Offroad Center","url":"https:\/\/go4x4.eu\/de\/","logo":{"@type":"ImageObject","inLanguage":"de","@id":"https:\/\/go4x4.eu\/de\/#\/schema\/logo\/image\/","url":"https:\/\/go4x4.eu\/wp-content\/uploads\/2021\/09\/cropped-LOGO-GO4x4-EU-CZARNE-png.png","contentUrl":"https:\/\/go4x4.eu\/wp-content\/uploads\/2021\/09\/cropped-LOGO-GO4x4-EU-CZARNE-png.png","width":980,"height":226,"caption":"Go4x4 Offroad Center"},"image":{"@id":"https:\/\/go4x4.eu\/de\/#\/schema\/logo\/image\/"},"sameAs":["https:\/\/www.facebook.com\/Go4x4.eu\/","https:\/\/www.tiktok.com\/@go4x4eu","https:\/\/www.instagram.com\/go4x4.eu\/"]}]}},"_links":{"self":[{"href":"https:\/\/go4x4.eu\/de\/wp-json\/wp\/v2\/product\/84174","targetHints":{"allow":["GET"]}}],"collection":[{"href":"https:\/\/go4x4.eu\/de\/wp-json\/wp\/v2\/product"}],"about":[{"href":"https:\/\/go4x4.eu\/de\/wp-json\/wp\/v2\/types\/product"}],"replies":[{"embeddable":true,"href":"https:\/\/go4x4.eu\/de\/wp-json\/wp\/v2\/comments?post=84174"}],"wp:featuredmedia":[{"embeddable":true,"href":"https:\/\/go4x4.eu\/de\/wp-json\/wp\/v2\/media\/68337"}],"wp:attachment":[{"href":"https:\/\/go4x4.eu\/de\/wp-json\/wp\/v2\/media?parent=84174"}],"wp:term":[{"taxonomy":"product_brand","embeddable":true,"href":"https:\/\/go4x4.eu\/de\/wp-json\/wp\/v2\/product_brand?post=84174"},{"taxonomy":"product_cat","embeddable":true,"href":"https:\/\/go4x4.eu\/de\/wp-json\/wp\/v2\/product_cat?post=84174"},{"taxonomy":"product_tag","embeddable":true,"href":"https:\/\/go4x4.eu\/de\/wp-json\/wp\/v2\/product_tag?post=84174"}],"curies":[{"name":"wp","href":"https:\/\/api.w.org\/{rel}","templated":true}]}}