{"id":84435,"date":"2023-12-22T16:20:02","date_gmt":"2023-12-22T15:20:02","guid":{"rendered":"https:\/\/go4x4.eu\/p\/teraflex-jk-relokacja-3-go-swiatla-stop\/"},"modified":"2024-10-04T19:14:47","modified_gmt":"2024-10-04T17:14:47","slug":"teraflex-jk-3-bremslicht-verl-ngerungshalterung","status":"publish","type":"product","link":"https:\/\/go4x4.eu\/de\/p\/teraflex-jk-3-bremslicht-verl-ngerungshalterung\/","title":{"rendered":"Teraflex: JK: 3. Bremslicht-Verl\u00e4ngerungshalterung"},"content":{"rendered":"<p>Der TeraFlex JK: 3rd Brake Light Extension Bracket Kit l\u00f6st viele der Probleme, die entstehen, wenn eine Aftermarket-Hecksto\u00dfstange, ein gr\u00f6\u00dferes Reserverad, ein Reserveradtr\u00e4ger und\/oder eine CB-Halterung hinzugef\u00fcgt werden. <\/p>\n<p>Diese voll einstellbare Erweiterung Halterung Kit erm\u00f6glicht es Ihnen, Ihre Lager 3. Bremsleuchte in 1 &#8222;Schritte, um bis zu einem 38 &#8222;Reifen unterbringen anzupassen.<\/p>\n<p>Die Erweiterungshalterung wird an die werkseitigen Befestigungsl\u00f6cher f\u00fcr das Reserverad geschraubt und verwendet die werkseitige dritte Bremsleuchte und Verkabelung weiter. Au\u00dferdem verf\u00fcgt er \u00fcber eine integrierte CB-Antennenhalterung. <\/p>\n<p>Dieses Kit ist auch kompatibel mit dem TeraFlex Alpha HD Scharnier-Reservewagentr\u00e4ger und dem verstellbaren Alpha HD Reserverad-Befestigungskit.<br \/>\n<\/br><\/br><b>Enth\u00e4lt:<\/b><\/br><\/p>\n<p>&#8211; 3. Bremslicht-Verl\u00e4ngerungshalterung<\/p>\n<p>&#8211; 3. Bremslicht-Verl\u00e4ngerungshalterung, Abstandhalter<\/p>\n<p>&#8211; Alle erforderlichen Teile<\/p>\n<p><\/br><b>Passt:<\/b><\/br><\/p>\n<p>&#8211; JK Wrangler (2-t\u00fcrig) <\/p>\n<p>&#8211; JK Wrangler Unlimited (4-t\u00fcrig)<\/p>\n<p><\/br><b>Einbauzeit:<\/b>1 Stunde<\/br><b>Garantie:<\/b>Lebenslang<\/p>\n","protected":false},"excerpt":{"rendered":"<p>Diese 3. Bremsleuchte Erweiterung Halterung funktioniert mit den meisten Aftermarket-Sto\u00dff\u00e4nger und Reifentr\u00e4ger, um bis zu einem 38 &#8222;Ersatzreifen passen. Verf\u00fcgt \u00fcber eine integrierte CB-Antennenhalterung. <\/p>\n","protected":false},"featured_media":66318,"comment_status":"open","ping_status":"closed","template":"","meta":{"_acf_changed":false},"product_brand":[],"product_cat":[1471],"product_tag":[],"class_list":{"0":"post-84435","1":"product","2":"type-product","3":"status-publish","4":"has-post-thumbnail","6":"product_cat-befestigung-des-ersatzrades","7":"pa_model-pojazdu-wrangler-de","8":"pa_producent-teraflex-de","9":"pa_producent-pojazdu-jeep-de","10":"pa_rok-produkcji-2007-de","11":"pa_rok-produkcji-2008-de","12":"pa_rok-produkcji-2009-de","13":"pa_rok-produkcji-2010-de","14":"pa_rok-produkcji-2011-de","15":"pa_rok-produkcji-2012-de","16":"pa_rok-produkcji-2013-de","17":"pa_rok-produkcji-2014-de","18":"pa_rok-produkcji-2015-de","19":"pa_rok-produkcji-2016-de","20":"pa_rok-produkcji-2017-de","21":"pa_rok-produkcji-2018-de","22":"pa_wersja-silnikowa-3-6l-de","23":"pa_wersja-silnikowa-2-8d-de","24":"pa_wersja-wyposazenia-rubicon-2d-de","25":"pa_wersja-wyposazenia-sahara-2d-de","26":"pa_wersja-wyposazenia-sport-2d-de","27":"pa_wersja-wyposazenia-unlimited-rubicon-4d-de","28":"pa_wersja-wyposazenia-unlimited-sahara-4d-de","29":"pa_wersja-wyposazenia-unlimited-sport-4d-de","31":"first","32":"outofstock","33":"taxable","34":"shipping-taxable","35":"purchasable","36":"product-type-simple"},"acf":[],"yoast_head":"<!-- This site is optimized with the Yoast SEO plugin v27.1.1 - https:\/\/yoast.com\/product\/yoast-seo-wordpress\/ -->\n<title>Teraflex: JK: 3. Bremslicht-Verl\u00e4ngerungshalterung - Go4x4 - Autorisierter Teraflex-H\u00e4ndler<\/title>\n<meta name=\"robots\" content=\"index, follow, max-snippet:-1, max-image-preview:large, max-video-preview:-1\" \/>\n<link rel=\"canonical\" href=\"https:\/\/go4x4.eu\/de\/p\/teraflex-jk-3-bremslicht-verl-ngerungshalterung\/\" \/>\n<meta property=\"og:locale\" content=\"de_DE\" \/>\n<meta property=\"og:type\" content=\"article\" \/>\n<meta property=\"og:title\" content=\"Teraflex: JK: 3. Bremslicht-Verl\u00e4ngerungshalterung - Go4x4 - Autorisierter Teraflex-H\u00e4ndler\" \/>\n<meta property=\"og:description\" content=\"Diese 3. Bremsleuchte Erweiterung Halterung funktioniert mit den meisten Aftermarket-Sto\u00dff\u00e4nger und Reifentr\u00e4ger, um bis zu einem 38 &quot;Ersatzreifen passen. Verf\u00fcgt \u00fcber eine integrierte CB-Antennenhalterung.\" \/>\n<meta property=\"og:url\" content=\"https:\/\/go4x4.eu\/de\/p\/teraflex-jk-3-bremslicht-verl-ngerungshalterung\/\" \/>\n<meta property=\"og:site_name\" content=\"Go4x4 - Autorisierter Teraflex-H\u00e4ndler\" \/>\n<meta property=\"article:publisher\" content=\"https:\/\/www.facebook.com\/Go4x4.eu\/\" \/>\n<meta property=\"article:modified_time\" content=\"2024-10-04T17:14:47+00:00\" \/>\n<meta property=\"og:image\" content=\"https:\/\/go4x4.eu\/wp-content\/uploads\/2024\/08\/Strona-glowna.png\" \/>\n\t<meta property=\"og:image:width\" content=\"1200\" \/>\n\t<meta property=\"og:image:height\" content=\"675\" \/>\n\t<meta property=\"og:image:type\" content=\"image\/png\" \/>\n<meta name=\"twitter:card\" content=\"summary_large_image\" \/>\n<meta name=\"twitter:label1\" content=\"Gesch\u00e4tzte Lesezeit\" \/>\n\t<meta name=\"twitter:data1\" content=\"1\u00a0Minute\" \/>\n<script type=\"application\/ld+json\" class=\"yoast-schema-graph\">{\"@context\":\"https:\/\/schema.org\",\"@graph\":[{\"@type\":\"WebPage\",\"@id\":\"https:\/\/go4x4.eu\/de\/p\/teraflex-jk-3-bremslicht-verl-ngerungshalterung\/\",\"url\":\"https:\/\/go4x4.eu\/de\/p\/teraflex-jk-3-bremslicht-verl-ngerungshalterung\/\",\"name\":\"Teraflex: JK: 3. Bremslicht-Verl\u00e4ngerungshalterung - Go4x4 - Autorisierter Teraflex-H\u00e4ndler\",\"isPartOf\":{\"@id\":\"https:\/\/go4x4.eu\/de\/#website\"},\"primaryImageOfPage\":{\"@id\":\"https:\/\/go4x4.eu\/de\/p\/teraflex-jk-3-bremslicht-verl-ngerungshalterung\/#primaryimage\"},\"image\":{\"@id\":\"https:\/\/go4x4.eu\/de\/p\/teraflex-jk-3-bremslicht-verl-ngerungshalterung\/#primaryimage\"},\"thumbnailUrl\":\"https:\/\/cdn.go4x4.eu\/cdn-cgi\/image\/width=618;height=1200;fit=cover\/teraflex-jk-3-bremslicht-verl-ngerungshalterung.jpg\",\"datePublished\":\"2023-12-22T15:20:02+00:00\",\"dateModified\":\"2024-10-04T17:14:47+00:00\",\"breadcrumb\":{\"@id\":\"https:\/\/go4x4.eu\/de\/p\/teraflex-jk-3-bremslicht-verl-ngerungshalterung\/#breadcrumb\"},\"inLanguage\":\"de\",\"potentialAction\":[{\"@type\":\"ReadAction\",\"target\":[\"https:\/\/go4x4.eu\/de\/p\/teraflex-jk-3-bremslicht-verl-ngerungshalterung\/\"]}]},{\"@type\":\"ImageObject\",\"inLanguage\":\"de\",\"@id\":\"https:\/\/go4x4.eu\/de\/p\/teraflex-jk-3-bremslicht-verl-ngerungshalterung\/#primaryimage\",\"url\":\"https:\/\/cdn.go4x4.eu\/cdn-cgi\/image\/width=618;height=1200;fit=cover\/teraflex-jk-3-bremslicht-verl-ngerungshalterung.jpg\",\"contentUrl\":\"https:\/\/cdn.go4x4.eu\/cdn-cgi\/image\/width=618;height=1200;fit=cover\/teraflex-jk-3-bremslicht-verl-ngerungshalterung.jpg\",\"width\":618,\"height\":1200,\"caption\":\"Teraflex: JK: 3. Bremslicht-Verl\u00e4ngerungshalterung\"},{\"@type\":\"BreadcrumbList\",\"@id\":\"https:\/\/go4x4.eu\/de\/p\/teraflex-jk-3-bremslicht-verl-ngerungshalterung\/#breadcrumb\",\"itemListElement\":[{\"@type\":\"ListItem\",\"position\":1,\"name\":\"Strona g\u0142\u00f3wna\",\"item\":\"https:\/\/go4x4.eu\/de\/\"},{\"@type\":\"ListItem\",\"position\":2,\"name\":\"Speichern\",\"item\":\"https:\/\/go4x4.eu\/de\/speichern\/\"},{\"@type\":\"ListItem\",\"position\":3,\"name\":\"Teraflex: JK: relokacja 3-go \u015bwiat\u0142a stop\"}]},{\"@type\":\"WebSite\",\"@id\":\"https:\/\/go4x4.eu\/de\/#website\",\"url\":\"https:\/\/go4x4.eu\/de\/\",\"name\":\"Go4x4 Offroad Center\",\"description\":\"Teraflex | Metalcloak | Baja Designs | Synergy | Maximus-3\",\"publisher\":{\"@id\":\"https:\/\/go4x4.eu\/de\/#organization\"},\"potentialAction\":[{\"@type\":\"SearchAction\",\"target\":{\"@type\":\"EntryPoint\",\"urlTemplate\":\"https:\/\/go4x4.eu\/de\/?s={search_term_string}\"},\"query-input\":{\"@type\":\"PropertyValueSpecification\",\"valueRequired\":true,\"valueName\":\"search_term_string\"}}],\"inLanguage\":\"de\"},{\"@type\":\"Organization\",\"@id\":\"https:\/\/go4x4.eu\/de\/#organization\",\"name\":\"Go4x4 Offroad Center\",\"url\":\"https:\/\/go4x4.eu\/de\/\",\"logo\":{\"@type\":\"ImageObject\",\"inLanguage\":\"de\",\"@id\":\"https:\/\/go4x4.eu\/de\/#\/schema\/logo\/image\/\",\"url\":\"https:\/\/go4x4.eu\/wp-content\/uploads\/2021\/09\/cropped-LOGO-GO4x4-EU-CZARNE-png.png\",\"contentUrl\":\"https:\/\/go4x4.eu\/wp-content\/uploads\/2021\/09\/cropped-LOGO-GO4x4-EU-CZARNE-png.png\",\"width\":980,\"height\":226,\"caption\":\"Go4x4 Offroad Center\"},\"image\":{\"@id\":\"https:\/\/go4x4.eu\/de\/#\/schema\/logo\/image\/\"},\"sameAs\":[\"https:\/\/www.facebook.com\/Go4x4.eu\/\",\"https:\/\/www.tiktok.com\/@go4x4eu\",\"https:\/\/www.instagram.com\/go4x4.eu\/\"]}]}<\/script>\n<!-- \/ Yoast SEO plugin. -->","yoast_head_json":{"title":"Teraflex: JK: 3. Bremslicht-Verl\u00e4ngerungshalterung - Go4x4 - Autorisierter Teraflex-H\u00e4ndler","robots":{"index":"index","follow":"follow","max-snippet":"max-snippet:-1","max-image-preview":"max-image-preview:large","max-video-preview":"max-video-preview:-1"},"canonical":"https:\/\/go4x4.eu\/de\/p\/teraflex-jk-3-bremslicht-verl-ngerungshalterung\/","og_locale":"de_DE","og_type":"article","og_title":"Teraflex: JK: 3. Bremslicht-Verl\u00e4ngerungshalterung - Go4x4 - Autorisierter Teraflex-H\u00e4ndler","og_description":"Diese 3. Bremsleuchte Erweiterung Halterung funktioniert mit den meisten Aftermarket-Sto\u00dff\u00e4nger und Reifentr\u00e4ger, um bis zu einem 38 \"Ersatzreifen passen. Verf\u00fcgt \u00fcber eine integrierte CB-Antennenhalterung.","og_url":"https:\/\/go4x4.eu\/de\/p\/teraflex-jk-3-bremslicht-verl-ngerungshalterung\/","og_site_name":"Go4x4 - Autorisierter Teraflex-H\u00e4ndler","article_publisher":"https:\/\/www.facebook.com\/Go4x4.eu\/","article_modified_time":"2024-10-04T17:14:47+00:00","og_image":[{"width":1200,"height":675,"url":"https:\/\/go4x4.eu\/wp-content\/uploads\/2024\/08\/Strona-glowna.png","type":"image\/png"}],"twitter_card":"summary_large_image","twitter_misc":{"Gesch\u00e4tzte Lesezeit":"1\u00a0Minute"},"schema":{"@context":"https:\/\/schema.org","@graph":[{"@type":"WebPage","@id":"https:\/\/go4x4.eu\/de\/p\/teraflex-jk-3-bremslicht-verl-ngerungshalterung\/","url":"https:\/\/go4x4.eu\/de\/p\/teraflex-jk-3-bremslicht-verl-ngerungshalterung\/","name":"Teraflex: JK: 3. Bremslicht-Verl\u00e4ngerungshalterung - Go4x4 - Autorisierter Teraflex-H\u00e4ndler","isPartOf":{"@id":"https:\/\/go4x4.eu\/de\/#website"},"primaryImageOfPage":{"@id":"https:\/\/go4x4.eu\/de\/p\/teraflex-jk-3-bremslicht-verl-ngerungshalterung\/#primaryimage"},"image":{"@id":"https:\/\/go4x4.eu\/de\/p\/teraflex-jk-3-bremslicht-verl-ngerungshalterung\/#primaryimage"},"thumbnailUrl":"https:\/\/cdn.go4x4.eu\/cdn-cgi\/image\/width=618;height=1200;fit=cover\/teraflex-jk-3-bremslicht-verl-ngerungshalterung.jpg","datePublished":"2023-12-22T15:20:02+00:00","dateModified":"2024-10-04T17:14:47+00:00","breadcrumb":{"@id":"https:\/\/go4x4.eu\/de\/p\/teraflex-jk-3-bremslicht-verl-ngerungshalterung\/#breadcrumb"},"inLanguage":"de","potentialAction":[{"@type":"ReadAction","target":["https:\/\/go4x4.eu\/de\/p\/teraflex-jk-3-bremslicht-verl-ngerungshalterung\/"]}]},{"@type":"ImageObject","inLanguage":"de","@id":"https:\/\/go4x4.eu\/de\/p\/teraflex-jk-3-bremslicht-verl-ngerungshalterung\/#primaryimage","url":"https:\/\/cdn.go4x4.eu\/cdn-cgi\/image\/width=618;height=1200;fit=cover\/teraflex-jk-3-bremslicht-verl-ngerungshalterung.jpg","contentUrl":"https:\/\/cdn.go4x4.eu\/cdn-cgi\/image\/width=618;height=1200;fit=cover\/teraflex-jk-3-bremslicht-verl-ngerungshalterung.jpg","width":618,"height":1200,"caption":"Teraflex: JK: 3. Bremslicht-Verl\u00e4ngerungshalterung"},{"@type":"BreadcrumbList","@id":"https:\/\/go4x4.eu\/de\/p\/teraflex-jk-3-bremslicht-verl-ngerungshalterung\/#breadcrumb","itemListElement":[{"@type":"ListItem","position":1,"name":"Strona g\u0142\u00f3wna","item":"https:\/\/go4x4.eu\/de\/"},{"@type":"ListItem","position":2,"name":"Speichern","item":"https:\/\/go4x4.eu\/de\/speichern\/"},{"@type":"ListItem","position":3,"name":"Teraflex: JK: relokacja 3-go \u015bwiat\u0142a stop"}]},{"@type":"WebSite","@id":"https:\/\/go4x4.eu\/de\/#website","url":"https:\/\/go4x4.eu\/de\/","name":"Go4x4 Offroad Center","description":"Teraflex | Metalcloak | Baja Designs | Synergy | Maximus-3","publisher":{"@id":"https:\/\/go4x4.eu\/de\/#organization"},"potentialAction":[{"@type":"SearchAction","target":{"@type":"EntryPoint","urlTemplate":"https:\/\/go4x4.eu\/de\/?s={search_term_string}"},"query-input":{"@type":"PropertyValueSpecification","valueRequired":true,"valueName":"search_term_string"}}],"inLanguage":"de"},{"@type":"Organization","@id":"https:\/\/go4x4.eu\/de\/#organization","name":"Go4x4 Offroad Center","url":"https:\/\/go4x4.eu\/de\/","logo":{"@type":"ImageObject","inLanguage":"de","@id":"https:\/\/go4x4.eu\/de\/#\/schema\/logo\/image\/","url":"https:\/\/go4x4.eu\/wp-content\/uploads\/2021\/09\/cropped-LOGO-GO4x4-EU-CZARNE-png.png","contentUrl":"https:\/\/go4x4.eu\/wp-content\/uploads\/2021\/09\/cropped-LOGO-GO4x4-EU-CZARNE-png.png","width":980,"height":226,"caption":"Go4x4 Offroad Center"},"image":{"@id":"https:\/\/go4x4.eu\/de\/#\/schema\/logo\/image\/"},"sameAs":["https:\/\/www.facebook.com\/Go4x4.eu\/","https:\/\/www.tiktok.com\/@go4x4eu","https:\/\/www.instagram.com\/go4x4.eu\/"]}]}},"_links":{"self":[{"href":"https:\/\/go4x4.eu\/de\/wp-json\/wp\/v2\/product\/84435","targetHints":{"allow":["GET"]}}],"collection":[{"href":"https:\/\/go4x4.eu\/de\/wp-json\/wp\/v2\/product"}],"about":[{"href":"https:\/\/go4x4.eu\/de\/wp-json\/wp\/v2\/types\/product"}],"replies":[{"embeddable":true,"href":"https:\/\/go4x4.eu\/de\/wp-json\/wp\/v2\/comments?post=84435"}],"wp:featuredmedia":[{"embeddable":true,"href":"https:\/\/go4x4.eu\/de\/wp-json\/wp\/v2\/media\/66318"}],"wp:attachment":[{"href":"https:\/\/go4x4.eu\/de\/wp-json\/wp\/v2\/media?parent=84435"}],"wp:term":[{"taxonomy":"product_brand","embeddable":true,"href":"https:\/\/go4x4.eu\/de\/wp-json\/wp\/v2\/product_brand?post=84435"},{"taxonomy":"product_cat","embeddable":true,"href":"https:\/\/go4x4.eu\/de\/wp-json\/wp\/v2\/product_cat?post=84435"},{"taxonomy":"product_tag","embeddable":true,"href":"https:\/\/go4x4.eu\/de\/wp-json\/wp\/v2\/product_tag?post=84435"}],"curies":[{"name":"wp","href":"https:\/\/api.w.org\/{rel}","templated":true}]}}