{"id":67863,"date":"2024-01-12T16:47:58","date_gmt":"2024-01-12T15:47:58","guid":{"rendered":"https:\/\/go4x4.eu\/p\/arb-blokada-mostu-dana-m200-wieloklin-29-jeep-wrangler-jl\/"},"modified":"2024-01-12T16:47:58","modified_gmt":"2024-01-12T15:47:58","slug":"arb-blokada-mostu-dana-m200-wieloklin-29-jeep-wrangler-jl","status":"publish","type":"product","link":"https:\/\/go4x4.eu\/en\/p\/arb-blokada-mostu-dana-m200-wieloklin-29-jeep-wrangler-jl\/","title":{"rendered":"ARB: blokada mostu Dana M200 (wieloklin 29) Jeep Wrangler JL"},"content":{"rendered":"<p>Stuprocentowa blokada mechanizmu r\u00f3\u017cnicowego australijskiej firmy ARB. W\u0142\u0105czana i wy\u0142\u0105czana pneumatycznie, sterowana przyciskiem z kabiny kierowcy. Zestaw zawiera wszystkie elementy do monta\u017cu blokady opr\u00f3cz wi\u0105zki elektrycznej i kompresora. Wi\u0105zka elektryczna jest w zestawie z oryginalnym kompresorem firmy ARB. Przy monta\u017cu blokady zaleca si\u0119 wymian\u0119 wszystkich \u0142o\u017cysk mechanizmu r\u00f3\u017cnicowego.<\/p>\n<p>&nbsp;<\/p>\n<p>Zastosowanie:<\/p>\n<p><span style=\"color: var(--gray-800);\">Jeep Wrangler JL, tylko wersja Sahara, Sport:<\/span><\/p>\n<p>&#8211; most tylny, M200 do wszystkich prze\u0142o\u017ce\u0144<\/p>\n<p>&nbsp;<\/p>\n<p><span style=\"color: var(--gray-800);\">\u015arednica p\u00f3\u0142osi 31,5 mm (1,24&#8243;)<\/span><\/p>\n<p>Ilo\u015b\u0107 z\u0119b\u00f3w wieloklinu: 29<\/p>\n","protected":false},"excerpt":{"rendered":"<p>ARB RD244 Air Locker Locking Differential for 29 Spline M200 Rear Axle w\/ 3.45 &amp; Higher Ratio 18-24 Jeep Wrangler JL and Gladiator JT<\/p>\n","protected":false},"featured_media":67515,"comment_status":"open","ping_status":"closed","template":"","meta":{"_acf_changed":false},"product_brand":[],"product_cat":[2350],"product_tag":[6479,6596],"class_list":{"0":"post-67863","1":"product","2":"type-product","3":"status-publish","4":"has-post-thumbnail","6":"product_cat-axle-lockers","7":"product_tag-arblck25","8":"product_tag-arbpromo","9":"pa_model-pojazdu-wrangler-en","10":"pa_producent-arb-en","11":"pa_producent-pojazdu-jeep-en","12":"pa_rok-produkcji-2018-en","13":"pa_rok-produkcji-2019-en","14":"pa_rok-produkcji-2020-en","15":"pa_rok-produkcji-2021-en","16":"pa_rok-produkcji-2022-en","17":"pa_rok-produkcji-2023-en","18":"pa_rok-produkcji-2024-en","19":"pa_rok-produkcji-2025-en","20":"pa_rok-produkcji-2026-en","21":"pa_wersja-silnikowa-2-0l-en","22":"pa_wersja-silnikowa-2-2d-en","23":"pa_wersja-silnikowa-3-6l-en","24":"pa_wersja-wyposazenia-sahara-2d-en","25":"pa_wersja-wyposazenia-sport-2d-en","26":"pa_wersja-wyposazenia-willys-2d-en","27":"pa_wersja-wyposazenia-willys-unlimited-4d-en","28":"pa_wersja-wyposazenia-unlimited-sahara-4d-en","29":"pa_wersja-wyposazenia-unlimited-sport-4d-en","31":"first","32":"instock","33":"taxable","34":"shipping-taxable","35":"purchasable","36":"product-type-simple"},"acf":[],"yoast_head":"<!-- This site is optimized with the Yoast SEO plugin v27.1.1 - https:\/\/yoast.com\/product\/yoast-seo-wordpress\/ -->\n<title>ARB: blokada mostu Dana M200 (wieloklin 29) Jeep Wrangler JL - Go4x4 - Offroad Center Wroc\u0142aw<\/title>\n<meta name=\"robots\" content=\"index, follow, max-snippet:-1, max-image-preview:large, max-video-preview:-1\" \/>\n<link rel=\"canonical\" href=\"https:\/\/go4x4.eu\/en\/p\/arb-blokada-mostu-dana-m200-wieloklin-29-jeep-wrangler-jl\/\" \/>\n<meta property=\"og:locale\" content=\"en_US\" \/>\n<meta property=\"og:type\" content=\"article\" \/>\n<meta property=\"og:title\" content=\"ARB: blokada mostu Dana M200 (wieloklin 29) Jeep Wrangler JL - Go4x4 - Offroad Center Wroc\u0142aw\" \/>\n<meta property=\"og:description\" content=\"ARB RD244 Air Locker Locking Differential for 29 Spline M200 Rear Axle w\/ 3.45 &amp; Higher Ratio 18-24 Jeep Wrangler JL and Gladiator JT\" \/>\n<meta property=\"og:url\" content=\"https:\/\/go4x4.eu\/en\/p\/arb-blokada-mostu-dana-m200-wieloklin-29-jeep-wrangler-jl\/\" \/>\n<meta property=\"og:site_name\" content=\"Go4x4 - Offroad Center Wroc\u0142aw\" \/>\n<meta property=\"article:publisher\" content=\"https:\/\/www.facebook.com\/Go4x4.eu\/\" \/>\n<meta property=\"og:image\" content=\"https:\/\/go4x4.eu\/wp-content\/uploads\/2024\/01\/arb-rd244_vt_xl-2.jpg\" \/>\n\t<meta property=\"og:image:width\" content=\"1500\" \/>\n\t<meta property=\"og:image:height\" content=\"1198\" \/>\n\t<meta property=\"og:image:type\" content=\"image\/jpeg\" \/>\n<meta name=\"twitter:card\" content=\"summary_large_image\" \/>\n<script type=\"application\/ld+json\" class=\"yoast-schema-graph\">{\"@context\":\"https:\/\/schema.org\",\"@graph\":[{\"@type\":\"WebPage\",\"@id\":\"https:\/\/go4x4.eu\/en\/p\/arb-blokada-mostu-dana-m200-wieloklin-29-jeep-wrangler-jl\/\",\"url\":\"https:\/\/go4x4.eu\/en\/p\/arb-blokada-mostu-dana-m200-wieloklin-29-jeep-wrangler-jl\/\",\"name\":\"ARB: blokada mostu Dana M200 (wieloklin 29) Jeep Wrangler JL - Go4x4 - Offroad Center Wroc\u0142aw\",\"isPartOf\":{\"@id\":\"https:\/\/go4x4.eu\/en\/#website\"},\"primaryImageOfPage\":{\"@id\":\"https:\/\/go4x4.eu\/en\/p\/arb-blokada-mostu-dana-m200-wieloklin-29-jeep-wrangler-jl\/#primaryimage\"},\"image\":{\"@id\":\"https:\/\/go4x4.eu\/en\/p\/arb-blokada-mostu-dana-m200-wieloklin-29-jeep-wrangler-jl\/#primaryimage\"},\"thumbnailUrl\":\"https:\/\/cdn.go4x4.eu\/cdn-cgi\/image\/width=1500;height=1198;fit=cover\/arb-blokada-mostu-dana-m200-wieloklin-29-jeep-wrangler-jl.jpg\",\"datePublished\":\"2024-01-12T15:47:58+00:00\",\"breadcrumb\":{\"@id\":\"https:\/\/go4x4.eu\/en\/p\/arb-blokada-mostu-dana-m200-wieloklin-29-jeep-wrangler-jl\/#breadcrumb\"},\"inLanguage\":\"en-US\",\"potentialAction\":[{\"@type\":\"ReadAction\",\"target\":[\"https:\/\/go4x4.eu\/en\/p\/arb-blokada-mostu-dana-m200-wieloklin-29-jeep-wrangler-jl\/\"]}]},{\"@type\":\"ImageObject\",\"inLanguage\":\"en-US\",\"@id\":\"https:\/\/go4x4.eu\/en\/p\/arb-blokada-mostu-dana-m200-wieloklin-29-jeep-wrangler-jl\/#primaryimage\",\"url\":\"https:\/\/cdn.go4x4.eu\/cdn-cgi\/image\/width=1500;height=1198;fit=cover\/arb-blokada-mostu-dana-m200-wieloklin-29-jeep-wrangler-jl.jpg\",\"contentUrl\":\"https:\/\/cdn.go4x4.eu\/cdn-cgi\/image\/width=1500;height=1198;fit=cover\/arb-blokada-mostu-dana-m200-wieloklin-29-jeep-wrangler-jl.jpg\",\"width\":1500,\"height\":1198},{\"@type\":\"BreadcrumbList\",\"@id\":\"https:\/\/go4x4.eu\/en\/p\/arb-blokada-mostu-dana-m200-wieloklin-29-jeep-wrangler-jl\/#breadcrumb\",\"itemListElement\":[{\"@type\":\"ListItem\",\"position\":1,\"name\":\"Strona g\u0142\u00f3wna\",\"item\":\"https:\/\/go4x4.eu\/en\/\"},{\"@type\":\"ListItem\",\"position\":2,\"name\":\"Shop\",\"item\":\"https:\/\/go4x4.eu\/en\/shop\/\"},{\"@type\":\"ListItem\",\"position\":3,\"name\":\"ARB: blokada mostu Dana M200 (wieloklin 29) Jeep Wrangler JL\"}]},{\"@type\":\"WebSite\",\"@id\":\"https:\/\/go4x4.eu\/en\/#website\",\"url\":\"https:\/\/go4x4.eu\/en\/\",\"name\":\"Go4x4 Offroad Center\",\"description\":\"Teraflex | Falcon Shocks | Bestop | Yukon | AEV | Baja Designs Authorized Dealer &amp; Service Center\",\"publisher\":{\"@id\":\"https:\/\/go4x4.eu\/en\/#organization\"},\"potentialAction\":[{\"@type\":\"SearchAction\",\"target\":{\"@type\":\"EntryPoint\",\"urlTemplate\":\"https:\/\/go4x4.eu\/en\/?s={search_term_string}\"},\"query-input\":{\"@type\":\"PropertyValueSpecification\",\"valueRequired\":true,\"valueName\":\"search_term_string\"}}],\"inLanguage\":\"en-US\"},{\"@type\":\"Organization\",\"@id\":\"https:\/\/go4x4.eu\/en\/#organization\",\"name\":\"Go4x4 Offroad Center\",\"url\":\"https:\/\/go4x4.eu\/en\/\",\"logo\":{\"@type\":\"ImageObject\",\"inLanguage\":\"en-US\",\"@id\":\"https:\/\/go4x4.eu\/en\/#\/schema\/logo\/image\/\",\"url\":\"https:\/\/go4x4.eu\/wp-content\/uploads\/2021\/09\/cropped-LOGO-GO4x4-EU-CZARNE-png.png\",\"contentUrl\":\"https:\/\/go4x4.eu\/wp-content\/uploads\/2021\/09\/cropped-LOGO-GO4x4-EU-CZARNE-png.png\",\"width\":980,\"height\":226,\"caption\":\"Go4x4 Offroad Center\"},\"image\":{\"@id\":\"https:\/\/go4x4.eu\/en\/#\/schema\/logo\/image\/\"},\"sameAs\":[\"https:\/\/www.facebook.com\/Go4x4.eu\/\",\"https:\/\/www.tiktok.com\/@go4x4eu\",\"https:\/\/www.instagram.com\/go4x4.eu\/\"]}]}<\/script>\n<!-- \/ Yoast SEO plugin. -->","yoast_head_json":{"title":"ARB: blokada mostu Dana M200 (wieloklin 29) Jeep Wrangler JL - Go4x4 - Offroad Center Wroc\u0142aw","robots":{"index":"index","follow":"follow","max-snippet":"max-snippet:-1","max-image-preview":"max-image-preview:large","max-video-preview":"max-video-preview:-1"},"canonical":"https:\/\/go4x4.eu\/en\/p\/arb-blokada-mostu-dana-m200-wieloklin-29-jeep-wrangler-jl\/","og_locale":"en_US","og_type":"article","og_title":"ARB: blokada mostu Dana M200 (wieloklin 29) Jeep Wrangler JL - Go4x4 - Offroad Center Wroc\u0142aw","og_description":"ARB RD244 Air Locker Locking Differential for 29 Spline M200 Rear Axle w\/ 3.45 &amp; Higher Ratio 18-24 Jeep Wrangler JL and Gladiator JT","og_url":"https:\/\/go4x4.eu\/en\/p\/arb-blokada-mostu-dana-m200-wieloklin-29-jeep-wrangler-jl\/","og_site_name":"Go4x4 - Offroad Center Wroc\u0142aw","article_publisher":"https:\/\/www.facebook.com\/Go4x4.eu\/","og_image":[{"width":1500,"height":1198,"url":"https:\/\/go4x4.eu\/wp-content\/uploads\/2024\/01\/arb-rd244_vt_xl-2.jpg","type":"image\/jpeg"}],"twitter_card":"summary_large_image","schema":{"@context":"https:\/\/schema.org","@graph":[{"@type":"WebPage","@id":"https:\/\/go4x4.eu\/en\/p\/arb-blokada-mostu-dana-m200-wieloklin-29-jeep-wrangler-jl\/","url":"https:\/\/go4x4.eu\/en\/p\/arb-blokada-mostu-dana-m200-wieloklin-29-jeep-wrangler-jl\/","name":"ARB: blokada mostu Dana M200 (wieloklin 29) Jeep Wrangler JL - Go4x4 - Offroad Center Wroc\u0142aw","isPartOf":{"@id":"https:\/\/go4x4.eu\/en\/#website"},"primaryImageOfPage":{"@id":"https:\/\/go4x4.eu\/en\/p\/arb-blokada-mostu-dana-m200-wieloklin-29-jeep-wrangler-jl\/#primaryimage"},"image":{"@id":"https:\/\/go4x4.eu\/en\/p\/arb-blokada-mostu-dana-m200-wieloklin-29-jeep-wrangler-jl\/#primaryimage"},"thumbnailUrl":"https:\/\/cdn.go4x4.eu\/cdn-cgi\/image\/width=1500;height=1198;fit=cover\/arb-blokada-mostu-dana-m200-wieloklin-29-jeep-wrangler-jl.jpg","datePublished":"2024-01-12T15:47:58+00:00","breadcrumb":{"@id":"https:\/\/go4x4.eu\/en\/p\/arb-blokada-mostu-dana-m200-wieloklin-29-jeep-wrangler-jl\/#breadcrumb"},"inLanguage":"en-US","potentialAction":[{"@type":"ReadAction","target":["https:\/\/go4x4.eu\/en\/p\/arb-blokada-mostu-dana-m200-wieloklin-29-jeep-wrangler-jl\/"]}]},{"@type":"ImageObject","inLanguage":"en-US","@id":"https:\/\/go4x4.eu\/en\/p\/arb-blokada-mostu-dana-m200-wieloklin-29-jeep-wrangler-jl\/#primaryimage","url":"https:\/\/cdn.go4x4.eu\/cdn-cgi\/image\/width=1500;height=1198;fit=cover\/arb-blokada-mostu-dana-m200-wieloklin-29-jeep-wrangler-jl.jpg","contentUrl":"https:\/\/cdn.go4x4.eu\/cdn-cgi\/image\/width=1500;height=1198;fit=cover\/arb-blokada-mostu-dana-m200-wieloklin-29-jeep-wrangler-jl.jpg","width":1500,"height":1198},{"@type":"BreadcrumbList","@id":"https:\/\/go4x4.eu\/en\/p\/arb-blokada-mostu-dana-m200-wieloklin-29-jeep-wrangler-jl\/#breadcrumb","itemListElement":[{"@type":"ListItem","position":1,"name":"Strona g\u0142\u00f3wna","item":"https:\/\/go4x4.eu\/en\/"},{"@type":"ListItem","position":2,"name":"Shop","item":"https:\/\/go4x4.eu\/en\/shop\/"},{"@type":"ListItem","position":3,"name":"ARB: blokada mostu Dana M200 (wieloklin 29) Jeep Wrangler JL"}]},{"@type":"WebSite","@id":"https:\/\/go4x4.eu\/en\/#website","url":"https:\/\/go4x4.eu\/en\/","name":"Go4x4 Offroad Center","description":"Teraflex | Falcon Shocks | Bestop | Yukon | AEV | Baja Designs Authorized Dealer &amp; Service Center","publisher":{"@id":"https:\/\/go4x4.eu\/en\/#organization"},"potentialAction":[{"@type":"SearchAction","target":{"@type":"EntryPoint","urlTemplate":"https:\/\/go4x4.eu\/en\/?s={search_term_string}"},"query-input":{"@type":"PropertyValueSpecification","valueRequired":true,"valueName":"search_term_string"}}],"inLanguage":"en-US"},{"@type":"Organization","@id":"https:\/\/go4x4.eu\/en\/#organization","name":"Go4x4 Offroad Center","url":"https:\/\/go4x4.eu\/en\/","logo":{"@type":"ImageObject","inLanguage":"en-US","@id":"https:\/\/go4x4.eu\/en\/#\/schema\/logo\/image\/","url":"https:\/\/go4x4.eu\/wp-content\/uploads\/2021\/09\/cropped-LOGO-GO4x4-EU-CZARNE-png.png","contentUrl":"https:\/\/go4x4.eu\/wp-content\/uploads\/2021\/09\/cropped-LOGO-GO4x4-EU-CZARNE-png.png","width":980,"height":226,"caption":"Go4x4 Offroad Center"},"image":{"@id":"https:\/\/go4x4.eu\/en\/#\/schema\/logo\/image\/"},"sameAs":["https:\/\/www.facebook.com\/Go4x4.eu\/","https:\/\/www.tiktok.com\/@go4x4eu","https:\/\/www.instagram.com\/go4x4.eu\/"]}]}},"_links":{"self":[{"href":"https:\/\/go4x4.eu\/en\/wp-json\/wp\/v2\/product\/67863","targetHints":{"allow":["GET"]}}],"collection":[{"href":"https:\/\/go4x4.eu\/en\/wp-json\/wp\/v2\/product"}],"about":[{"href":"https:\/\/go4x4.eu\/en\/wp-json\/wp\/v2\/types\/product"}],"replies":[{"embeddable":true,"href":"https:\/\/go4x4.eu\/en\/wp-json\/wp\/v2\/comments?post=67863"}],"wp:featuredmedia":[{"embeddable":true,"href":"https:\/\/go4x4.eu\/en\/wp-json\/wp\/v2\/media\/67515"}],"wp:attachment":[{"href":"https:\/\/go4x4.eu\/en\/wp-json\/wp\/v2\/media?parent=67863"}],"wp:term":[{"taxonomy":"product_brand","embeddable":true,"href":"https:\/\/go4x4.eu\/en\/wp-json\/wp\/v2\/product_brand?post=67863"},{"taxonomy":"product_cat","embeddable":true,"href":"https:\/\/go4x4.eu\/en\/wp-json\/wp\/v2\/product_cat?post=67863"},{"taxonomy":"product_tag","embeddable":true,"href":"https:\/\/go4x4.eu\/en\/wp-json\/wp\/v2\/product_tag?post=67863"}],"curies":[{"name":"wp","href":"https:\/\/api.w.org\/{rel}","templated":true}]}}