{"id":68110,"date":"2023-12-12T16:23:52","date_gmt":"2023-12-12T15:23:52","guid":{"rendered":"https:\/\/go4x4.eu\/p\/dana-spicer-przedni-most-ultimate-dana-44-advantek-axle-jeep-wrangler-jl-4-88\/"},"modified":"2023-12-12T16:23:52","modified_gmt":"2023-12-12T15:23:52","slug":"dana-spicer-przedni-most-ultimate-dana-44-advantek-axle-jeep-wrangler-jl-4-88","status":"publish","type":"product","link":"https:\/\/go4x4.eu\/en\/p\/dana-spicer-przedni-most-ultimate-dana-44-advantek-axle-jeep-wrangler-jl-4-88\/","title":{"rendered":"Dana Spicer:  przedni most Ultimate Dana 44\u2122 AdvanTEK\u00ae Axle Jeep Wrangler JL (4.88)"},"content":{"rendered":"<p><span style=\"color: var(--gray-800)\">Wytrzyma\u0142o\u015b\u0107. Wszechstronno\u015b\u0107. Prosta instalacja. Solidna jak ska\u0142a historia. Wszystkie te cechy \u0142\u0105cz\u0105 si\u0119 w przedniej osi Ultimate Dana 44\u2122 AdvanTEK\u00ae do Jeepa\u00ae Wranglera\u00ae JL. Dana przenosi swoj\u0105 ekskluzywn\u0105 technologi\u0119 przek\u0142adni AdvanTEK\u00ae na wy\u017cszy poziom, oferuj\u0105c takie funkcje, jak niestandardowa obudowa o du\u017cym prze\u015bwicie, zaprojektowana w celu optymalizacji ekstremalnych osi\u0105g\u00f3w w terenie. Osie te zapewniaj\u0105 zwi\u0119kszon\u0105 wytrzyma\u0142o\u015b\u0107 i trwa\u0142o\u015b\u0107 pod ka\u017cdym wzgl\u0119dem \u2013 od grubszych mocowa\u0144 wspornik\u00f3w, przez ulepszone materia\u0142y, po mocniejsze rury obudowy.<\/span><\/p>\n<p><span style=\"color: var(--gray-800)\">Tylko oryginalne przek\u0142adnie z\u0119bate i z\u0119batki Spicer\u00ae AdvanTEK\u00ae do osi Ultimate Dana 44\u2122 AdvanTEK\u00ae daj\u0105 entuzjastom Jeepa JL mo\u017cliwo\u015b\u0107 poradzenia sobie w najbardziej wymagaj\u0105cych warunkach terenowych.<\/span><\/p>\n<p><\/p>\n<p>G\u0142\u00f3wne cechy:<\/p>\n<ul>\n<li>Wytrzyma\u0142a os\u0142ona mechanizmu r\u00f3\u017cnicowego z odlewu \u017celiwnego<\/li>\n<li>Obrobiony cieplnie, wysokiej jako\u015bci p\u00f3\u0142osie ze stali niklowo-chromowo-molibdenowej SAE-4340 zapewniaj\u0105 doskona\u0142\u0105 odporno\u015b\u0107 na \u015bcieranie i wytrzyma\u0142o\u015b\u0107 oraz jednolit\u0105 twardo\u015b\u0107 powierzchni<\/li>\n<li>Grubsze stalowe wsporniki 1\/4 cala<\/li>\n<li>Ulepszone przeguby typu U przewy\u017cszaj\u0105 konkurencj\u0119, przy obci\u0105\u017ceniu znamionowym Nm wynosz\u0105cym 3000 (seria 1350) i 3600 (seria 1410)<\/li>\n<li>Grubsze rurki 9,5 mm dla dodatkowej wytrzyma\u0142o\u015bci<\/li>\n<li>Prze\u015bwit zwi\u0119kszony o 1\/2\u2033 w przypadku brutalnego terenu<\/li>\n<li>Rozszerzone opcje prze\u0142o\u017ce\u0144, aby dostosowa\u0107\u00a0 prze\u0142o\u017cenia do r\u00f3\u017cnych rozmiar\u00f3w opon<\/li>\n<li>Instalacja &#8220;plug&amp;play&#8221;, bez spawania.\u00a0<\/li>\n<li>Wieniec o \u015brednicy 210 mm, wzmocniony i zmniejszony w por\u00f3wnaniu do klasycznej Dana 44\u2122, zapewniaj\u0105ce wi\u0119ksz\u0105 wytrzyma\u0142o\u015b\u0107<\/li>\n<li>Rozstaw k\u00f3\u0142 jest identyczny z rozstawem k\u00f3\u0142 OE w wersji USA (wide track)<\/li>\n<li>Brak FAD (od\u0142\u0105czenie przedniej osi) oznacza zwi\u0119kszon\u0105 wytrzyma\u0142o\u015b\u0107, eliminuj\u0105c najs\u0142abszy punkt fabrycznego mostu<\/li>\n<li>fabryczny eLocker i sterowanie z fabrycznych przycisk\u00f3w dla wersji Rubicon\u00a0<\/li>\n<\/ul>\n","protected":false},"excerpt":{"rendered":"<p>Ultimate Dana 44\u2122 AdvanTEK\u00ae Crate Axle, Fits 2018+ Wrangler JL, 2020+ Gladiator JT &#8211; Front Axle &#8211; 4.88 Gear Ratio, Electronic Locking Differential &#8211; 10047717<\/p>\n","protected":false},"featured_media":64952,"comment_status":"open","ping_status":"closed","template":"","meta":{"_acf_changed":false},"product_brand":[],"product_cat":[927],"product_tag":[],"class_list":{"0":"post-68110","1":"product","2":"type-product","3":"status-publish","4":"has-post-thumbnail","6":"product_cat-axle-assembly","7":"pa_model-pojazdu-gladiator-en","8":"pa_model-pojazdu-wrangler-en","9":"pa_producent-dana-spicer-en","10":"pa_producent-pojazdu-jeep-en","11":"pa_rok-produkcji-2018-en","12":"pa_rok-produkcji-2019-en","13":"pa_rok-produkcji-2020-en","14":"pa_rok-produkcji-2021-en","15":"pa_rok-produkcji-2022-en","16":"pa_rok-produkcji-2023-en","17":"pa_rok-produkcji-2024-en","18":"pa_rok-produkcji-2025-en","19":"pa_rok-produkcji-2026-en","20":"pa_wersja-silnikowa-2-0l-en","21":"pa_wersja-silnikowa-2-2d-en","22":"pa_wersja-silnikowa-3-0l-ecodiesel-en","23":"pa_wersja-silnikowa-3-6l-en","24":"pa_wersja-silnikowa-6-4l-392-en","25":"pa_wersja-silnikowa-4xe-en","26":"pa_wersja-wyposazenia-rubicon-2d-en","27":"pa_wersja-wyposazenia-rubicon-pickup-en","28":"pa_wersja-wyposazenia-sahara-2d-en","29":"pa_wersja-wyposazenia-sport-2d-en","30":"pa_wersja-wyposazenia-sport-pickup-en","31":"pa_wersja-wyposazenia-willys-2d-en","32":"pa_wersja-wyposazenia-willys-pickup-en","33":"pa_wersja-wyposazenia-willys-unlimited-4d-en","34":"pa_wersja-wyposazenia-mojave-pickup-en","35":"pa_wersja-wyposazenia-overland-pickup-en","36":"pa_wersja-wyposazenia-unlimited-rubicon-4d-en","37":"pa_wersja-wyposazenia-unlimited-sahara-4d-en","38":"pa_wersja-wyposazenia-unlimited-sport-4d-en","40":"first","41":"outofstock","42":"taxable","43":"shipping-taxable","44":"purchasable","45":"product-type-simple"},"acf":[],"yoast_head":"<!-- This site is optimized with the Yoast SEO plugin v27.1.1 - https:\/\/yoast.com\/product\/yoast-seo-wordpress\/ -->\n<title>Dana Spicer: przedni most Ultimate Dana 44\u2122 AdvanTEK\u00ae Axle Jeep Wrangler JL (4.88) - Go4x4 - Offroad Center Wroc\u0142aw<\/title>\n<meta name=\"robots\" content=\"index, follow, max-snippet:-1, max-image-preview:large, max-video-preview:-1\" \/>\n<link rel=\"canonical\" href=\"https:\/\/go4x4.eu\/en\/p\/dana-spicer-przedni-most-ultimate-dana-44-advantek-axle-jeep-wrangler-jl-4-88\/\" \/>\n<meta property=\"og:locale\" content=\"en_US\" \/>\n<meta property=\"og:type\" content=\"article\" \/>\n<meta property=\"og:title\" content=\"Dana Spicer: przedni most Ultimate Dana 44\u2122 AdvanTEK\u00ae Axle Jeep Wrangler JL (4.88) - Go4x4 - Offroad Center Wroc\u0142aw\" \/>\n<meta property=\"og:description\" content=\"Ultimate Dana 44\u2122 AdvanTEK\u00ae Crate Axle, Fits 2018+ Wrangler JL, 2020+ Gladiator JT - Front Axle - 4.88 Gear Ratio, Electronic Locking Differential - 10047717\" \/>\n<meta property=\"og:url\" content=\"https:\/\/go4x4.eu\/en\/p\/dana-spicer-przedni-most-ultimate-dana-44-advantek-axle-jeep-wrangler-jl-4-88\/\" \/>\n<meta property=\"og:site_name\" content=\"Go4x4 - Offroad Center Wroc\u0142aw\" \/>\n<meta property=\"article:publisher\" content=\"https:\/\/www.facebook.com\/Go4x4.eu\/\" \/>\n<meta property=\"og:image\" content=\"https:\/\/go4x4.eu\/wp-content\/uploads\/2023\/12\/u44_advantek_with_callouts_jl_edit-1.jpg\" \/>\n\t<meta property=\"og:image:width\" content=\"2000\" \/>\n\t<meta property=\"og:image:height\" content=\"775\" \/>\n\t<meta property=\"og:image:type\" content=\"image\/jpeg\" \/>\n<meta name=\"twitter:card\" content=\"summary_large_image\" \/>\n<meta name=\"twitter:label1\" content=\"Est. reading time\" \/>\n\t<meta name=\"twitter:data1\" content=\"1 minute\" \/>\n<script type=\"application\/ld+json\" class=\"yoast-schema-graph\">{\"@context\":\"https:\/\/schema.org\",\"@graph\":[{\"@type\":\"WebPage\",\"@id\":\"https:\/\/go4x4.eu\/en\/p\/dana-spicer-przedni-most-ultimate-dana-44-advantek-axle-jeep-wrangler-jl-4-88\/\",\"url\":\"https:\/\/go4x4.eu\/en\/p\/dana-spicer-przedni-most-ultimate-dana-44-advantek-axle-jeep-wrangler-jl-4-88\/\",\"name\":\"Dana Spicer: przedni most Ultimate Dana 44\u2122 AdvanTEK\u00ae Axle Jeep Wrangler JL (4.88) - Go4x4 - Offroad Center Wroc\u0142aw\",\"isPartOf\":{\"@id\":\"https:\/\/go4x4.eu\/en\/#website\"},\"primaryImageOfPage\":{\"@id\":\"https:\/\/go4x4.eu\/en\/p\/dana-spicer-przedni-most-ultimate-dana-44-advantek-axle-jeep-wrangler-jl-4-88\/#primaryimage\"},\"image\":{\"@id\":\"https:\/\/go4x4.eu\/en\/p\/dana-spicer-przedni-most-ultimate-dana-44-advantek-axle-jeep-wrangler-jl-4-88\/#primaryimage\"},\"thumbnailUrl\":\"https:\/\/cdn.go4x4.eu\/cdn-cgi\/image\/width=2000;height=775;fit=cover\/dana-spicer-przedni-most-ultimate-dana-44-advantek-axle-jeep-wrangler-jl-4-88.jpg\",\"datePublished\":\"2023-12-12T15:23:52+00:00\",\"breadcrumb\":{\"@id\":\"https:\/\/go4x4.eu\/en\/p\/dana-spicer-przedni-most-ultimate-dana-44-advantek-axle-jeep-wrangler-jl-4-88\/#breadcrumb\"},\"inLanguage\":\"en-US\",\"potentialAction\":[{\"@type\":\"ReadAction\",\"target\":[\"https:\/\/go4x4.eu\/en\/p\/dana-spicer-przedni-most-ultimate-dana-44-advantek-axle-jeep-wrangler-jl-4-88\/\"]}]},{\"@type\":\"ImageObject\",\"inLanguage\":\"en-US\",\"@id\":\"https:\/\/go4x4.eu\/en\/p\/dana-spicer-przedni-most-ultimate-dana-44-advantek-axle-jeep-wrangler-jl-4-88\/#primaryimage\",\"url\":\"https:\/\/cdn.go4x4.eu\/cdn-cgi\/image\/width=2000;height=775;fit=cover\/dana-spicer-przedni-most-ultimate-dana-44-advantek-axle-jeep-wrangler-jl-4-88.jpg\",\"contentUrl\":\"https:\/\/cdn.go4x4.eu\/cdn-cgi\/image\/width=2000;height=775;fit=cover\/dana-spicer-przedni-most-ultimate-dana-44-advantek-axle-jeep-wrangler-jl-4-88.jpg\",\"width\":2000,\"height\":775},{\"@type\":\"BreadcrumbList\",\"@id\":\"https:\/\/go4x4.eu\/en\/p\/dana-spicer-przedni-most-ultimate-dana-44-advantek-axle-jeep-wrangler-jl-4-88\/#breadcrumb\",\"itemListElement\":[{\"@type\":\"ListItem\",\"position\":1,\"name\":\"Strona g\u0142\u00f3wna\",\"item\":\"https:\/\/go4x4.eu\/en\/\"},{\"@type\":\"ListItem\",\"position\":2,\"name\":\"Shop\",\"item\":\"https:\/\/go4x4.eu\/en\/shop\/\"},{\"@type\":\"ListItem\",\"position\":3,\"name\":\"Dana Spicer: przedni most Ultimate Dana 44\u2122 AdvanTEK\u00ae Axle Jeep Wrangler JL (4.88)\"}]},{\"@type\":\"WebSite\",\"@id\":\"https:\/\/go4x4.eu\/en\/#website\",\"url\":\"https:\/\/go4x4.eu\/en\/\",\"name\":\"Go4x4 Offroad Center\",\"description\":\"Teraflex | Falcon Shocks | Bestop | Yukon | AEV | Baja Designs Authorized Dealer &amp; Service Center\",\"publisher\":{\"@id\":\"https:\/\/go4x4.eu\/en\/#organization\"},\"potentialAction\":[{\"@type\":\"SearchAction\",\"target\":{\"@type\":\"EntryPoint\",\"urlTemplate\":\"https:\/\/go4x4.eu\/en\/?s={search_term_string}\"},\"query-input\":{\"@type\":\"PropertyValueSpecification\",\"valueRequired\":true,\"valueName\":\"search_term_string\"}}],\"inLanguage\":\"en-US\"},{\"@type\":\"Organization\",\"@id\":\"https:\/\/go4x4.eu\/en\/#organization\",\"name\":\"Go4x4 Offroad Center\",\"url\":\"https:\/\/go4x4.eu\/en\/\",\"logo\":{\"@type\":\"ImageObject\",\"inLanguage\":\"en-US\",\"@id\":\"https:\/\/go4x4.eu\/en\/#\/schema\/logo\/image\/\",\"url\":\"https:\/\/go4x4.eu\/wp-content\/uploads\/2021\/09\/cropped-LOGO-GO4x4-EU-CZARNE-png.png\",\"contentUrl\":\"https:\/\/go4x4.eu\/wp-content\/uploads\/2021\/09\/cropped-LOGO-GO4x4-EU-CZARNE-png.png\",\"width\":980,\"height\":226,\"caption\":\"Go4x4 Offroad Center\"},\"image\":{\"@id\":\"https:\/\/go4x4.eu\/en\/#\/schema\/logo\/image\/\"},\"sameAs\":[\"https:\/\/www.facebook.com\/Go4x4.eu\/\",\"https:\/\/www.tiktok.com\/@go4x4eu\",\"https:\/\/www.instagram.com\/go4x4.eu\/\"]}]}<\/script>\n<!-- \/ Yoast SEO plugin. -->","yoast_head_json":{"title":"Dana Spicer: przedni most Ultimate Dana 44\u2122 AdvanTEK\u00ae Axle Jeep Wrangler JL (4.88) - Go4x4 - Offroad Center Wroc\u0142aw","robots":{"index":"index","follow":"follow","max-snippet":"max-snippet:-1","max-image-preview":"max-image-preview:large","max-video-preview":"max-video-preview:-1"},"canonical":"https:\/\/go4x4.eu\/en\/p\/dana-spicer-przedni-most-ultimate-dana-44-advantek-axle-jeep-wrangler-jl-4-88\/","og_locale":"en_US","og_type":"article","og_title":"Dana Spicer: przedni most Ultimate Dana 44\u2122 AdvanTEK\u00ae Axle Jeep Wrangler JL (4.88) - Go4x4 - Offroad Center Wroc\u0142aw","og_description":"Ultimate Dana 44\u2122 AdvanTEK\u00ae Crate Axle, Fits 2018+ Wrangler JL, 2020+ Gladiator JT - Front Axle - 4.88 Gear Ratio, Electronic Locking Differential - 10047717","og_url":"https:\/\/go4x4.eu\/en\/p\/dana-spicer-przedni-most-ultimate-dana-44-advantek-axle-jeep-wrangler-jl-4-88\/","og_site_name":"Go4x4 - Offroad Center Wroc\u0142aw","article_publisher":"https:\/\/www.facebook.com\/Go4x4.eu\/","og_image":[{"width":2000,"height":775,"url":"https:\/\/go4x4.eu\/wp-content\/uploads\/2023\/12\/u44_advantek_with_callouts_jl_edit-1.jpg","type":"image\/jpeg"}],"twitter_card":"summary_large_image","twitter_misc":{"Est. reading time":"1 minute"},"schema":{"@context":"https:\/\/schema.org","@graph":[{"@type":"WebPage","@id":"https:\/\/go4x4.eu\/en\/p\/dana-spicer-przedni-most-ultimate-dana-44-advantek-axle-jeep-wrangler-jl-4-88\/","url":"https:\/\/go4x4.eu\/en\/p\/dana-spicer-przedni-most-ultimate-dana-44-advantek-axle-jeep-wrangler-jl-4-88\/","name":"Dana Spicer: przedni most Ultimate Dana 44\u2122 AdvanTEK\u00ae Axle Jeep Wrangler JL (4.88) - Go4x4 - Offroad Center Wroc\u0142aw","isPartOf":{"@id":"https:\/\/go4x4.eu\/en\/#website"},"primaryImageOfPage":{"@id":"https:\/\/go4x4.eu\/en\/p\/dana-spicer-przedni-most-ultimate-dana-44-advantek-axle-jeep-wrangler-jl-4-88\/#primaryimage"},"image":{"@id":"https:\/\/go4x4.eu\/en\/p\/dana-spicer-przedni-most-ultimate-dana-44-advantek-axle-jeep-wrangler-jl-4-88\/#primaryimage"},"thumbnailUrl":"https:\/\/cdn.go4x4.eu\/cdn-cgi\/image\/width=2000;height=775;fit=cover\/dana-spicer-przedni-most-ultimate-dana-44-advantek-axle-jeep-wrangler-jl-4-88.jpg","datePublished":"2023-12-12T15:23:52+00:00","breadcrumb":{"@id":"https:\/\/go4x4.eu\/en\/p\/dana-spicer-przedni-most-ultimate-dana-44-advantek-axle-jeep-wrangler-jl-4-88\/#breadcrumb"},"inLanguage":"en-US","potentialAction":[{"@type":"ReadAction","target":["https:\/\/go4x4.eu\/en\/p\/dana-spicer-przedni-most-ultimate-dana-44-advantek-axle-jeep-wrangler-jl-4-88\/"]}]},{"@type":"ImageObject","inLanguage":"en-US","@id":"https:\/\/go4x4.eu\/en\/p\/dana-spicer-przedni-most-ultimate-dana-44-advantek-axle-jeep-wrangler-jl-4-88\/#primaryimage","url":"https:\/\/cdn.go4x4.eu\/cdn-cgi\/image\/width=2000;height=775;fit=cover\/dana-spicer-przedni-most-ultimate-dana-44-advantek-axle-jeep-wrangler-jl-4-88.jpg","contentUrl":"https:\/\/cdn.go4x4.eu\/cdn-cgi\/image\/width=2000;height=775;fit=cover\/dana-spicer-przedni-most-ultimate-dana-44-advantek-axle-jeep-wrangler-jl-4-88.jpg","width":2000,"height":775},{"@type":"BreadcrumbList","@id":"https:\/\/go4x4.eu\/en\/p\/dana-spicer-przedni-most-ultimate-dana-44-advantek-axle-jeep-wrangler-jl-4-88\/#breadcrumb","itemListElement":[{"@type":"ListItem","position":1,"name":"Strona g\u0142\u00f3wna","item":"https:\/\/go4x4.eu\/en\/"},{"@type":"ListItem","position":2,"name":"Shop","item":"https:\/\/go4x4.eu\/en\/shop\/"},{"@type":"ListItem","position":3,"name":"Dana Spicer: przedni most Ultimate Dana 44\u2122 AdvanTEK\u00ae Axle Jeep Wrangler JL (4.88)"}]},{"@type":"WebSite","@id":"https:\/\/go4x4.eu\/en\/#website","url":"https:\/\/go4x4.eu\/en\/","name":"Go4x4 Offroad Center","description":"Teraflex | Falcon Shocks | Bestop | Yukon | AEV | Baja Designs Authorized Dealer &amp; Service Center","publisher":{"@id":"https:\/\/go4x4.eu\/en\/#organization"},"potentialAction":[{"@type":"SearchAction","target":{"@type":"EntryPoint","urlTemplate":"https:\/\/go4x4.eu\/en\/?s={search_term_string}"},"query-input":{"@type":"PropertyValueSpecification","valueRequired":true,"valueName":"search_term_string"}}],"inLanguage":"en-US"},{"@type":"Organization","@id":"https:\/\/go4x4.eu\/en\/#organization","name":"Go4x4 Offroad Center","url":"https:\/\/go4x4.eu\/en\/","logo":{"@type":"ImageObject","inLanguage":"en-US","@id":"https:\/\/go4x4.eu\/en\/#\/schema\/logo\/image\/","url":"https:\/\/go4x4.eu\/wp-content\/uploads\/2021\/09\/cropped-LOGO-GO4x4-EU-CZARNE-png.png","contentUrl":"https:\/\/go4x4.eu\/wp-content\/uploads\/2021\/09\/cropped-LOGO-GO4x4-EU-CZARNE-png.png","width":980,"height":226,"caption":"Go4x4 Offroad Center"},"image":{"@id":"https:\/\/go4x4.eu\/en\/#\/schema\/logo\/image\/"},"sameAs":["https:\/\/www.facebook.com\/Go4x4.eu\/","https:\/\/www.tiktok.com\/@go4x4eu","https:\/\/www.instagram.com\/go4x4.eu\/"]}]}},"_links":{"self":[{"href":"https:\/\/go4x4.eu\/en\/wp-json\/wp\/v2\/product\/68110","targetHints":{"allow":["GET"]}}],"collection":[{"href":"https:\/\/go4x4.eu\/en\/wp-json\/wp\/v2\/product"}],"about":[{"href":"https:\/\/go4x4.eu\/en\/wp-json\/wp\/v2\/types\/product"}],"replies":[{"embeddable":true,"href":"https:\/\/go4x4.eu\/en\/wp-json\/wp\/v2\/comments?post=68110"}],"wp:featuredmedia":[{"embeddable":true,"href":"https:\/\/go4x4.eu\/en\/wp-json\/wp\/v2\/media\/64952"}],"wp:attachment":[{"href":"https:\/\/go4x4.eu\/en\/wp-json\/wp\/v2\/media?parent=68110"}],"wp:term":[{"taxonomy":"product_brand","embeddable":true,"href":"https:\/\/go4x4.eu\/en\/wp-json\/wp\/v2\/product_brand?post=68110"},{"taxonomy":"product_cat","embeddable":true,"href":"https:\/\/go4x4.eu\/en\/wp-json\/wp\/v2\/product_cat?post=68110"},{"taxonomy":"product_tag","embeddable":true,"href":"https:\/\/go4x4.eu\/en\/wp-json\/wp\/v2\/product_tag?post=68110"}],"curies":[{"name":"wp","href":"https:\/\/api.w.org\/{rel}","templated":true}]}}